{"id":108630,"date":"2025-01-29T11:35:33","date_gmt":"2025-01-29T09:35:33","guid":{"rendered":"https:\/\/basseinimeistrid.ee\/pood\/Ei-luokiteltu\/hiekkasuodatin-astralpool-cantabric\/"},"modified":"2025-03-08T16:28:01","modified_gmt":"2025-03-08T14:28:01","slug":"hiekkasuodatin-astralpool-cantabric","status":"publish","type":"product","link":"https:\/\/basseinimeistrid.ee\/fi\/pood\/hiekkasuodatin-astralpool-cantabric\/","title":{"rendered":"Hiekkasuodatin Astralpool Cantabric"},"content":{"rendered":"<p>Cantabric Side Mount allassuodattimet sivukiinnikkeill\u00e4. Laadukkaat Euroopassa valmistetut uima-altaan suodattimet.  Suurin k\u00e4ytt\u00f6paine 2,5 bar. Sis\u00e4lt\u00e4\u00e4 painemittarin ja tuuletusaukon. Cantabric-suodattimet t\u00e4ytt\u00e4v\u00e4t DIN EN 16713-1 vaatimukset<br \/>\n Voit valita sopivan 6-suuntaisen hanan kiinnitett\u00e4v\u00e4ksi suodatinkoteloon. <\/p>\n","protected":false},"excerpt":{"rendered":"<p>Cantabric Side Mount allassuodattimet sivukiinnikkeill\u00e4. Laadukkaat Euroopassa valmistetut uima-altaan suodattimet. Suurin k\u00e4ytt\u00f6paine 2,5 bar. Sis\u00e4lt\u00e4\u00e4 painemittarin ja tuuletusaukon. Cantabric-suodattimet t\u00e4ytt\u00e4v\u00e4t DIN EN 16713-1 vaatimukset Voit valita sopivan 6-suuntaisen hanan kiinnitett\u00e4v\u00e4ksi suodatinkoteloon.<\/p>\n","protected":false},"featured_media":103785,"template":"","meta":{"_et_pb_use_builder":"","_et_pb_old_content":"","_et_gb_content_width":""},"product_brand":[],"product_cat":[112],"product_tag":[],"class_list":{"0":"post-108630","1":"product","2":"type-product","3":"status-publish","4":"has-post-thumbnail","6":"product_cat-altaan-suodattimet","7":"product_shipping_class-kuller_alus-fi","9":"first","10":"instock","11":"taxable","12":"shipping-taxable","13":"purchasable","14":"product-type-variable"},"jetpack_sharing_enabled":true,"_links":{"self":[{"href":"https:\/\/basseinimeistrid.ee\/fi\/wp-json\/wp\/v2\/product\/108630","targetHints":{"allow":["GET"]}}],"collection":[{"href":"https:\/\/basseinimeistrid.ee\/fi\/wp-json\/wp\/v2\/product"}],"about":[{"href":"https:\/\/basseinimeistrid.ee\/fi\/wp-json\/wp\/v2\/types\/product"}],"wp:featuredmedia":[{"embeddable":true,"href":"https:\/\/basseinimeistrid.ee\/fi\/wp-json\/wp\/v2\/media\/103785"}],"wp:attachment":[{"href":"https:\/\/basseinimeistrid.ee\/fi\/wp-json\/wp\/v2\/media?parent=108630"}],"wp:term":[{"taxonomy":"product_brand","embeddable":true,"href":"https:\/\/basseinimeistrid.ee\/fi\/wp-json\/wp\/v2\/product_brand?post=108630"},{"taxonomy":"product_cat","embeddable":true,"href":"https:\/\/basseinimeistrid.ee\/fi\/wp-json\/wp\/v2\/product_cat?post=108630"},{"taxonomy":"product_tag","embeddable":true,"href":"https:\/\/basseinimeistrid.ee\/fi\/wp-json\/wp\/v2\/product_tag?post=108630"}],"curies":[{"name":"wp","href":"https:\/\/api.w.org\/{rel}","templated":true}]}}