{"id":108640,"date":"2025-01-29T11:15:11","date_gmt":"2025-01-29T09:15:11","guid":{"rendered":"https:\/\/basseinimeistrid.ee\/pood\/Ei-luokiteltu\/hiekkasuodatin-astralpool-cantabric-ylhaalta-asennettuna\/"},"modified":"2025-03-08T16:27:59","modified_gmt":"2025-03-08T14:27:59","slug":"hiekkasuodatin-astralpool-cantabric-ylhaalta-asennettuna","status":"publish","type":"product","link":"https:\/\/basseinimeistrid.ee\/fi\/pood\/hiekkasuodatin-astralpool-cantabric-ylhaalta-asennettuna\/","title":{"rendered":"Hiekkasuodatin Astralpool Cantabric ylh\u00e4\u00e4lt\u00e4 asennettuna"},"content":{"rendered":"<p>Cantabric (ylh\u00e4\u00e4lt\u00e4 asennettavat) monik\u00e4ytt\u00f6iset altaan suodattimet. Suodatinta asennettaessa tila on eritt\u00e4in t\u00e4rke\u00e4\u00e4. Vie huomattavasti v\u00e4hemm\u00e4n tilaa kuin perinteinen sivulle asennettava hana. Suurin veden virtausnopeus 50 m\u00b3\/h\/m\u00b2.    Suurin k\u00e4ytt\u00f6paine 2,5 bar. Cantabric-suodattimet ovat standardin DIN EN 16713-1 mukaisia. Manometri ja ilmaventtiili sis\u00e4ltyv\u00e4t toimitukseen.  <\/p>\n","protected":false},"excerpt":{"rendered":"<p>Cantabric (ylh\u00e4\u00e4lt\u00e4 asennettavat) monik\u00e4ytt\u00f6iset altaan suodattimet. Suodatinta asennettaessa tila on eritt\u00e4in t\u00e4rke\u00e4\u00e4. Vie huomattavasti v\u00e4hemm\u00e4n tilaa kuin perinteinen sivulle asennettava hana. Suurin veden virtausnopeus 50 m\u00b3\/h\/m\u00b2. Suurin k\u00e4ytt\u00f6paine 2,5 bar. Cantabric-suodattimet ovat standardin DIN EN 16713-1 mukaisia. Manometri ja ilmaventtiili sis\u00e4ltyv\u00e4t toimitukseen.<\/p>\n","protected":false},"featured_media":103769,"template":"","meta":{"_et_pb_use_builder":"off","_et_pb_old_content":"KANSIOSUODATIN\nCODE 45\/911\nMADE IN\nEUROPE\nRuiskuvalettu muovirunko, jossa on sis\u00e4\u00e4nrakennettu jalusta. Erinomainen hinta\nsuorituskyvyn suhde. Yl\u00e4- ja alapuoli l\u00e4mp\u00f6hitsattu. Muutetaan\ntoimitetaan painemittarilla, manuaalisella ilmanpoistolla ja vedenpoistolla. Monitieventtiili ja\nkirkas yl\u00e4kansi kiinnitet\u00e4\u00e4n k\u00e4ytt\u00e4j\u00e4yst\u00e4v\u00e4llisesti\nABS-rengaskierteell\u00e4. Suurin suodatusnopeus: 50 m\u00b3\/h\/m\u00b2. Suurin k\u00e4ytt\u00f6paine: 2,5 kg\/cm\u00b2.      \nNorsunluun v\u00e4ri. Cantabric-suodattimet ovat standardin DIN EN 16713-1 mukaisia. \n\n \n\n<span style=\"color: #ff0000\">Yl\u00e4asennettavat suodattimet, joissa on hana, t\u00e4ydellinen sarja<\/span>","_et_gb_content_width":""},"product_brand":[],"product_cat":[112],"product_tag":[],"class_list":{"0":"post-108640","1":"product","2":"type-product","3":"status-publish","4":"has-post-thumbnail","6":"product_cat-altaan-suodattimet","7":"product_shipping_class-kuller_alus-fi","9":"first","10":"instock","11":"taxable","12":"shipping-taxable","13":"purchasable","14":"product-type-variable"},"jetpack_sharing_enabled":true,"_links":{"self":[{"href":"https:\/\/basseinimeistrid.ee\/fi\/wp-json\/wp\/v2\/product\/108640","targetHints":{"allow":["GET"]}}],"collection":[{"href":"https:\/\/basseinimeistrid.ee\/fi\/wp-json\/wp\/v2\/product"}],"about":[{"href":"https:\/\/basseinimeistrid.ee\/fi\/wp-json\/wp\/v2\/types\/product"}],"wp:featuredmedia":[{"embeddable":true,"href":"https:\/\/basseinimeistrid.ee\/fi\/wp-json\/wp\/v2\/media\/103769"}],"wp:attachment":[{"href":"https:\/\/basseinimeistrid.ee\/fi\/wp-json\/wp\/v2\/media?parent=108640"}],"wp:term":[{"taxonomy":"product_brand","embeddable":true,"href":"https:\/\/basseinimeistrid.ee\/fi\/wp-json\/wp\/v2\/product_brand?post=108640"},{"taxonomy":"product_cat","embeddable":true,"href":"https:\/\/basseinimeistrid.ee\/fi\/wp-json\/wp\/v2\/product_cat?post=108640"},{"taxonomy":"product_tag","embeddable":true,"href":"https:\/\/basseinimeistrid.ee\/fi\/wp-json\/wp\/v2\/product_tag?post=108640"}],"curies":[{"name":"wp","href":"https:\/\/api.w.org\/{rel}","templated":true}]}}