{"id":108645,"date":"2025-01-29T10:20:42","date_gmt":"2025-01-29T08:20:42","guid":{"rendered":"https:\/\/basseinimeistrid.ee\/pood\/Ei-luokiteltu\/hiekkasuodatin-astralpool-vigo-pro-max\/"},"modified":"2025-03-08T16:27:57","modified_gmt":"2025-03-08T14:27:57","slug":"hiekkasuodatin-astralpool-vigo-pro-max","status":"publish","type":"product","link":"https:\/\/basseinimeistrid.ee\/fi\/pood\/hiekkasuodatin-astralpool-vigo-pro-max\/","title":{"rendered":"Hiekkasuodatin Astralpool Vigo Pro Max"},"content":{"rendered":"<p>Vigo Pro MAX -altaan suodattimet ovat vahvarunkoisia polyesterihartsista ja lasikuidusta valmistettuja suodattimia, jotka on lis\u00e4ksi p\u00e4\u00e4llystetty valkoisella geelipinnoitteella viimeistely\u00e4 varten. Suodattimen yl\u00e4aukon halkaisija on jopa 285 mm helpottamaan p\u00e4\u00e4sy\u00e4 ja huoltoa! Suodatin on varustettu l\u00e4pin\u00e4kyv\u00e4ll\u00e4 kannella, painemittarilla ja \u00be&#8221; vedenpoistoventtiilill\u00e4. Maksimi k\u00e4ytt\u00f6l\u00e4mp\u00f6tila: 2,5 bar ei sis\u00e4lly toimitukseen (valitse moniporttinen hana tarvittavilla parametreilla\/liit\u00e4nn\u00f6ill\u00e4 alemmasta valintaikkunasta). Suodatinastia varustettu 2\u00bd\u201d liit\u00e4nn\u00f6ill\u00e4. Soveltuu Astralpoolin moniporttihanoihin ja my\u00f6s Besgo (230mm) venttiiliasennukseen.    <\/p>\n<p>Takuu 5 vuotta<\/p>\n<p>Suodatinhiekka ei sis\u00e4lly pakkaukseen.<\/p>\n","protected":false},"excerpt":{"rendered":"<p>Vigo Pro MAX -altaan suodattimet ovat vahvarunkoisia polyesterihartsista ja lasikuidusta valmistettuja suodattimia, jotka on lis\u00e4ksi p\u00e4\u00e4llystetty valkoisella geelipinnoitteella viimeistely\u00e4 varten. Suodattimen yl\u00e4aukon halkaisija on jopa 285 mm helpottamaan p\u00e4\u00e4sy\u00e4 ja huoltoa! Suodatin on varustettu l\u00e4pin\u00e4kyv\u00e4ll\u00e4 kannella, painemittarilla ja \u00be&#8221; vedenpoistoventtiilill\u00e4. Maksimi k\u00e4ytt\u00f6l\u00e4mp\u00f6tila: 2,5 bar ei sis\u00e4lly toimitukseen (valitse moniporttinen hana tarvittavilla parametreilla\/liit\u00e4nn\u00f6ill\u00e4 alemmasta valintaikkunasta). Suodatinastia [&hellip;]<\/p>\n","protected":false},"featured_media":103746,"template":"","meta":{"_et_pb_use_builder":"","_et_pb_old_content":"","_et_gb_content_width":""},"product_brand":[],"product_cat":[112],"product_tag":[],"class_list":{"0":"post-108645","1":"product","2":"type-product","3":"status-publish","4":"has-post-thumbnail","6":"product_cat-altaan-suodattimet","7":"product_shipping_class-kuller_alus-fi","9":"first","10":"instock","11":"taxable","12":"shipping-taxable","13":"purchasable","14":"product-type-variable"},"jetpack_sharing_enabled":true,"_links":{"self":[{"href":"https:\/\/basseinimeistrid.ee\/fi\/wp-json\/wp\/v2\/product\/108645","targetHints":{"allow":["GET"]}}],"collection":[{"href":"https:\/\/basseinimeistrid.ee\/fi\/wp-json\/wp\/v2\/product"}],"about":[{"href":"https:\/\/basseinimeistrid.ee\/fi\/wp-json\/wp\/v2\/types\/product"}],"wp:featuredmedia":[{"embeddable":true,"href":"https:\/\/basseinimeistrid.ee\/fi\/wp-json\/wp\/v2\/media\/103746"}],"wp:attachment":[{"href":"https:\/\/basseinimeistrid.ee\/fi\/wp-json\/wp\/v2\/media?parent=108645"}],"wp:term":[{"taxonomy":"product_brand","embeddable":true,"href":"https:\/\/basseinimeistrid.ee\/fi\/wp-json\/wp\/v2\/product_brand?post=108645"},{"taxonomy":"product_cat","embeddable":true,"href":"https:\/\/basseinimeistrid.ee\/fi\/wp-json\/wp\/v2\/product_cat?post=108645"},{"taxonomy":"product_tag","embeddable":true,"href":"https:\/\/basseinimeistrid.ee\/fi\/wp-json\/wp\/v2\/product_tag?post=108645"}],"curies":[{"name":"wp","href":"https:\/\/api.w.org\/{rel}","templated":true}]}}