{"id":108652,"date":"2025-01-29T10:14:43","date_gmt":"2025-01-29T08:14:43","guid":{"rendered":"https:\/\/basseinimeistrid.ee\/pood\/Ei-luokiteltu\/lampopumppu-astralpool-eco-elyo\/"},"modified":"2025-03-15T15:22:50","modified_gmt":"2025-03-15T13:22:50","slug":"lampopumppu-astralpool-eco-elyo","status":"publish","type":"product","link":"https:\/\/basseinimeistrid.ee\/fi\/pood\/lampopumppu-astralpool-eco-elyo\/","title":{"rendered":"L\u00e4mp\u00f6pumppu Astralpool Eco Elyo"},"content":{"rendered":"<h4>Astralpool Eco Elyo ilma-vesi-altaan ilmal\u00e4mp\u00f6pumput<\/h4>\n<p>AstralPool Eco Elyo allasilmal\u00e4mp\u00f6pumppu. 100 % t\u00e4ynn\u00e4 invertteril\u00e4mp\u00f6pumppu. L\u00e4mp\u00f6pumpussa on<br \/>\n Galvanoitu runko ja ABS-muovikotelo. Fluidra Pool -sovelluksella sinulla on aina mahdollisuus ohjata l\u00e4mp\u00f6pumppuasi mist\u00e4 tahansa. AstralPool Eco Elyo toimii -5\u00b0C:n ulkol\u00e4mp\u00f6tilaan asti.    <\/p>\n<ul>\n<li>R32 kaasu<\/li>\n<li>-5\u00b0C<\/li>\n<li>FluidraPool-allassovellus<\/li>\n<li>Automaattinen sulatus<\/li>\n<li>Titaaninen l\u00e4mm\u00f6nvaihdin<\/li>\n<li>Talvipeitesarja<\/li>\n<li>Kondenssiveden poistosarja<\/li>\n<li>Varustettu t\u00e4rin\u00e4\u00e4 vaimentavilla jalkatuilla<\/li>\n<li>LCD-n\u00e4ytt\u00f6<\/li>\n<li>2 vuoden takuu<\/li>\n<\/ul>\n<p>Laitteet ovat yksivaiheisia. Virtakaapeli Elyo 05 &#8211; Elyo 13 3G2.5. Virtakaapeli Elyo 15 ja Elyo 20 3G4.  <\/p>\n<p>Eco ELYO Englanninkielinen tuoteesittely <a href=\"https:\/\/basseinimeistrid.ee\/wp-content\/uploads\/2025\/02\/eco-elyo-tootetutvustus.pdf\" target=\"_blank\" rel=\"noopener\">T\u00c4ST\u00c4<\/a><\/p>\n<p>Eco ELYO Englanninkielinen ohje <a href=\"https:\/\/basseinimeistrid.ee\/wp-content\/uploads\/2025\/02\/eco-elyo-manual.pdf\" target=\"_blank\" rel=\"noopener\">T\u00c4\u00c4LT\u00c4<\/a><\/p>\n","protected":false},"excerpt":{"rendered":"<p>Astralpool Eco Elyo ilma-vesi-altaan ilmal\u00e4mp\u00f6pumput AstralPool Eco Elyo allasilmal\u00e4mp\u00f6pumppu. 100 % t\u00e4ynn\u00e4 invertteril\u00e4mp\u00f6pumppu. L\u00e4mp\u00f6pumpussa on Galvanoitu runko ja ABS-muovikotelo. Fluidra Pool -sovelluksella sinulla on aina mahdollisuus ohjata l\u00e4mp\u00f6pumppuasi mist\u00e4 tahansa. AstralPool Eco Elyo toimii -5\u00b0C:n ulkol\u00e4mp\u00f6tilaan asti. R32 kaasu -5\u00b0C FluidraPool-allassovellus Automaattinen sulatus Titaaninen l\u00e4mm\u00f6nvaihdin Talvipeitesarja Kondenssiveden poistosarja Varustettu t\u00e4rin\u00e4\u00e4 vaimentavilla jalkatuilla LCD-n\u00e4ytt\u00f6 2 vuoden [&hellip;]<\/p>\n","protected":false},"featured_media":103713,"template":"","meta":{"_et_pb_use_builder":"","_et_pb_old_content":"","_et_gb_content_width":""},"product_brand":[],"product_cat":[109],"product_tag":[],"class_list":{"0":"post-108652","1":"product","2":"type-product","3":"status-publish","4":"has-post-thumbnail","6":"product_cat-lampopumput","7":"product_shipping_class-kuller-fi","9":"first","10":"instock","11":"taxable","12":"shipping-taxable","13":"purchasable","14":"product-type-variable"},"jetpack_sharing_enabled":true,"_links":{"self":[{"href":"https:\/\/basseinimeistrid.ee\/fi\/wp-json\/wp\/v2\/product\/108652","targetHints":{"allow":["GET"]}}],"collection":[{"href":"https:\/\/basseinimeistrid.ee\/fi\/wp-json\/wp\/v2\/product"}],"about":[{"href":"https:\/\/basseinimeistrid.ee\/fi\/wp-json\/wp\/v2\/types\/product"}],"wp:featuredmedia":[{"embeddable":true,"href":"https:\/\/basseinimeistrid.ee\/fi\/wp-json\/wp\/v2\/media\/103713"}],"wp:attachment":[{"href":"https:\/\/basseinimeistrid.ee\/fi\/wp-json\/wp\/v2\/media?parent=108652"}],"wp:term":[{"taxonomy":"product_brand","embeddable":true,"href":"https:\/\/basseinimeistrid.ee\/fi\/wp-json\/wp\/v2\/product_brand?post=108652"},{"taxonomy":"product_cat","embeddable":true,"href":"https:\/\/basseinimeistrid.ee\/fi\/wp-json\/wp\/v2\/product_cat?post=108652"},{"taxonomy":"product_tag","embeddable":true,"href":"https:\/\/basseinimeistrid.ee\/fi\/wp-json\/wp\/v2\/product_tag?post=108652"}],"curies":[{"name":"wp","href":"https:\/\/api.w.org\/{rel}","templated":true}]}}