{"id":108659,"date":"2025-01-29T10:01:44","date_gmt":"2025-01-29T08:01:44","guid":{"rendered":"https:\/\/basseinimeistrid.ee\/pood\/Ei-luokiteltu\/hiekkasuodatin-astralpool-vigo-pro\/"},"modified":"2025-03-08T16:27:56","modified_gmt":"2025-03-08T14:27:56","slug":"hiekkasuodatin-astralpool-vigo-pro","status":"publish","type":"product","link":"https:\/\/basseinimeistrid.ee\/fi\/pood\/hiekkasuodatin-astralpool-vigo-pro\/","title":{"rendered":"Hiekkasuodatin Astralpool Vigo Pro"},"content":{"rendered":"<p>Astralpool Vigo Pro -allassuodattimet ovat vahvarunkoisia polyesterihartsista ja lasikuidusta valmistettuja suodattimia, jotka on lis\u00e4ksi p\u00e4\u00e4llystetty valkoisella geelipinnoitteella viimeistely\u00e4 varten. Suodatin on varustettu l\u00e4pin\u00e4kyv\u00e4ll\u00e4 kannella, painemittarilla ja \u00be&#8221; vedenpoistoventtiilill\u00e4. Maksimi k\u00e4ytt\u00f6l\u00e4mp\u00f6tila: 2,5 bar ei sis\u00e4lly toimitukseen (valitse moniporttinen hana tarvittavilla parametreilla\/liit\u00e4nn\u00f6ill\u00e4 alemmasta valintaikkunasta). Suodatinastia varustettu 2\u201d liit\u00e4nn\u00f6ill\u00e4. Soveltuu Astralpoolin moniporttihanoihin ja my\u00f6s Besgo (230mm) venttiiliasennukseen.   <\/p>\n<p>Suodatinhiekka ei sis\u00e4lly pakkaukseen.<\/p>\n","protected":false},"excerpt":{"rendered":"<p>Astralpool Vigo Pro -allassuodattimet ovat vahvarunkoisia polyesterihartsista ja lasikuidusta valmistettuja suodattimia, jotka on lis\u00e4ksi p\u00e4\u00e4llystetty valkoisella geelipinnoitteella viimeistely\u00e4 varten. Suodatin on varustettu l\u00e4pin\u00e4kyv\u00e4ll\u00e4 kannella, painemittarilla ja \u00be&#8221; vedenpoistoventtiilill\u00e4. Maksimi k\u00e4ytt\u00f6l\u00e4mp\u00f6tila: 2,5 bar ei sis\u00e4lly toimitukseen (valitse moniporttinen hana tarvittavilla parametreilla\/liit\u00e4nn\u00f6ill\u00e4 alemmasta valintaikkunasta). Suodatinastia varustettu 2\u201d liit\u00e4nn\u00f6ill\u00e4. Soveltuu Astralpoolin moniporttihanoihin ja my\u00f6s Besgo (230mm) venttiiliasennukseen. Suodatinhiekka [&hellip;]<\/p>\n","protected":false},"featured_media":103684,"template":"","meta":{"_et_pb_use_builder":"","_et_pb_old_content":"","_et_gb_content_width":""},"product_brand":[],"product_cat":[112],"product_tag":[],"class_list":{"0":"post-108659","1":"product","2":"type-product","3":"status-publish","4":"has-post-thumbnail","6":"product_cat-altaan-suodattimet","7":"product_shipping_class-kuller_alus-fi","9":"first","10":"instock","11":"taxable","12":"shipping-taxable","13":"purchasable","14":"product-type-variable"},"jetpack_sharing_enabled":true,"_links":{"self":[{"href":"https:\/\/basseinimeistrid.ee\/fi\/wp-json\/wp\/v2\/product\/108659","targetHints":{"allow":["GET"]}}],"collection":[{"href":"https:\/\/basseinimeistrid.ee\/fi\/wp-json\/wp\/v2\/product"}],"about":[{"href":"https:\/\/basseinimeistrid.ee\/fi\/wp-json\/wp\/v2\/types\/product"}],"wp:featuredmedia":[{"embeddable":true,"href":"https:\/\/basseinimeistrid.ee\/fi\/wp-json\/wp\/v2\/media\/103684"}],"wp:attachment":[{"href":"https:\/\/basseinimeistrid.ee\/fi\/wp-json\/wp\/v2\/media?parent=108659"}],"wp:term":[{"taxonomy":"product_brand","embeddable":true,"href":"https:\/\/basseinimeistrid.ee\/fi\/wp-json\/wp\/v2\/product_brand?post=108659"},{"taxonomy":"product_cat","embeddable":true,"href":"https:\/\/basseinimeistrid.ee\/fi\/wp-json\/wp\/v2\/product_cat?post=108659"},{"taxonomy":"product_tag","embeddable":true,"href":"https:\/\/basseinimeistrid.ee\/fi\/wp-json\/wp\/v2\/product_tag?post=108659"}],"curies":[{"name":"wp","href":"https:\/\/api.w.org\/{rel}","templated":true}]}}