{"id":108666,"date":"2025-01-29T09:22:56","date_gmt":"2025-01-29T07:22:56","guid":{"rendered":"https:\/\/basseinimeistrid.ee\/pood\/Ei-luokiteltu\/hiekkasuodatin-aquasphere-polyester\/"},"modified":"2025-03-08T16:27:57","modified_gmt":"2025-03-08T14:27:57","slug":"hiekkasuodatin-aquasphere-polyester","status":"publish","type":"product","link":"https:\/\/basseinimeistrid.ee\/fi\/pood\/hiekkasuodatin-aquasphere-polyester\/","title":{"rendered":"Hiekkasuodatin Aquasphere Polyester"},"content":{"rendered":"<p>Hiekkasuodatin laminoidulla (polyesteri+lasikuitu) kotelolla viimeistelty mustalla geelipinnoitteella. Suodattimessa on l\u00e4pin\u00e4kyv\u00e4 kansi, painemittari ja \u00bc&#8221; kierreilmaventtiili. Maksimi k\u00e4ytt\u00f6l\u00e4mp\u00f6tila 50\u00b0C. Maksimi k\u00e4ytt\u00f6paine 2,5 bar. Valitse 6-tieventtiili j\u00e4rjestelm\u00e4si putkiston ominaisuuksien\/haluttujen parametrien mukaan.    <\/p>\n<p>Bajonettihanat ovat uudemman sukupolven hanat &#8211; niit\u00e4 on helpompi siirt\u00e4\u00e4. Hanan virtausvastus on pienempi kuin klassisten 6-tiehanojen. <\/p>\n","protected":false},"excerpt":{"rendered":"<p>Hiekkasuodatin laminoidulla (polyesteri+lasikuitu) kotelolla viimeistelty mustalla geelipinnoitteella. Suodattimessa on l\u00e4pin\u00e4kyv\u00e4 kansi, painemittari ja \u00bc&#8221; kierreilmaventtiili. Maksimi k\u00e4ytt\u00f6l\u00e4mp\u00f6tila 50\u00b0C. Maksimi k\u00e4ytt\u00f6paine 2,5 bar. Valitse 6-tieventtiili j\u00e4rjestelm\u00e4si putkiston ominaisuuksien\/haluttujen parametrien mukaan. Bajonettihanat ovat uudemman sukupolven hanat &#8211; niit\u00e4 on helpompi siirt\u00e4\u00e4. Hanan virtausvastus on pienempi kuin klassisten 6-tiehanojen.<\/p>\n","protected":false},"featured_media":103619,"template":"","meta":{"_et_pb_use_builder":"","_et_pb_old_content":"","_et_gb_content_width":""},"product_brand":[],"product_cat":[112],"product_tag":[],"class_list":{"0":"post-108666","1":"product","2":"type-product","3":"status-publish","4":"has-post-thumbnail","6":"product_cat-altaan-suodattimet","7":"product_shipping_class-kuller_alus-fi","9":"first","10":"instock","11":"taxable","12":"shipping-taxable","13":"purchasable","14":"product-type-variable"},"jetpack_sharing_enabled":true,"_links":{"self":[{"href":"https:\/\/basseinimeistrid.ee\/fi\/wp-json\/wp\/v2\/product\/108666","targetHints":{"allow":["GET"]}}],"collection":[{"href":"https:\/\/basseinimeistrid.ee\/fi\/wp-json\/wp\/v2\/product"}],"about":[{"href":"https:\/\/basseinimeistrid.ee\/fi\/wp-json\/wp\/v2\/types\/product"}],"wp:featuredmedia":[{"embeddable":true,"href":"https:\/\/basseinimeistrid.ee\/fi\/wp-json\/wp\/v2\/media\/103619"}],"wp:attachment":[{"href":"https:\/\/basseinimeistrid.ee\/fi\/wp-json\/wp\/v2\/media?parent=108666"}],"wp:term":[{"taxonomy":"product_brand","embeddable":true,"href":"https:\/\/basseinimeistrid.ee\/fi\/wp-json\/wp\/v2\/product_brand?post=108666"},{"taxonomy":"product_cat","embeddable":true,"href":"https:\/\/basseinimeistrid.ee\/fi\/wp-json\/wp\/v2\/product_cat?post=108666"},{"taxonomy":"product_tag","embeddable":true,"href":"https:\/\/basseinimeistrid.ee\/fi\/wp-json\/wp\/v2\/product_tag?post=108666"}],"curies":[{"name":"wp","href":"https:\/\/api.w.org\/{rel}","templated":true}]}}