{"id":108673,"date":"2025-01-29T08:42:53","date_gmt":"2025-01-29T06:42:53","guid":{"rendered":"https:\/\/basseinimeistrid.ee\/pood\/Ei-luokiteltu\/hiekkasuodatinsarja-plug-swim-suodatinlava\/"},"modified":"2025-03-08T16:27:56","modified_gmt":"2025-03-08T14:27:56","slug":"hiekkasuodatinsarja-plug-swim-suodatinlava","status":"publish","type":"product","link":"https:\/\/basseinimeistrid.ee\/fi\/pood\/hiekkasuodatinsarja-plug-swim-suodatinlava\/","title":{"rendered":"Hiekkasuodatinsarja Plug &amp; Swim -suodatinlava"},"content":{"rendered":"<p>T\u00e4ysin koottu ja k\u00e4ytt\u00f6valmis altaan suodatusj\u00e4rjestelm\u00e4 muovialustalla. Sopii alle 50m\u00b3:iin. Valtava ajans\u00e4\u00e4st\u00f6 j\u00e4rjestelm\u00e4n asennuksessa.  <\/p>\n<p>J\u00e4rjestelm\u00e4 sis\u00e4lt\u00e4\u00e4:<br \/>\n &#8211; Astral Cantabric \u00d8600 hiekkasuodatin sivukiinnikkeill\u00e4<br \/>\n &#8211; Astral Victoria Plus Silent 1 HP allaspumppu<br \/>\n &#8211; Astral Control box pumpun ja uima-altaan valaistukseen* (*ei sis\u00e4lly t\u00e4h\u00e4n sarjaan)<br \/>\n &#8211; Technopool pH\/Rx ohjausyksikk\u00f6 kahdella annostelupumpulla<br \/>\n &#8211; My\u00f6s AquaSphere 75 W. UV-C laite soveltuu suolaveteen<br \/>\n &#8211; Virtauskammio pH\/Rx-antureille ja maadoitukselle<br \/>\n &#8211; 3 sis\u00e4\u00e4ntuloa \u00d850mm<br \/>\n &#8211; 2 l\u00e4ht\u00f6\u00e4 \u00d850mm<br \/>\n &#8211; Ohitusj\u00e4rjestelm\u00e4 \u00d850mm (valmis esim. l\u00e4mmityslaitteen lis\u00e4\u00e4miseen)<br \/>\n &#8211; \u00d850mm suodattimen pesuvesiputket<br \/>\n &#8211; Valmistettu PE-muovista jalustasta, jossa on musta muovinen takasein\u00e4<br \/>\n &#8211; Painetestattu<br \/>\n &#8211; suodatinmateriaali sis\u00e4ltyy my\u00f6s pakkaukseen <\/p>\n","protected":false},"excerpt":{"rendered":"<p>T\u00e4ysin koottu ja k\u00e4ytt\u00f6valmis altaan suodatusj\u00e4rjestelm\u00e4 muovialustalla. Sopii alle 50m\u00b3:iin. Valtava ajans\u00e4\u00e4st\u00f6 j\u00e4rjestelm\u00e4n asennuksessa. J\u00e4rjestelm\u00e4 sis\u00e4lt\u00e4\u00e4: &#8211; Astral Cantabric \u00d8600 hiekkasuodatin sivukiinnikkeill\u00e4 &#8211; Astral Victoria Plus Silent 1 HP allaspumppu &#8211; Astral Control box pumpun ja uima-altaan valaistukseen* (*ei sis\u00e4lly t\u00e4h\u00e4n sarjaan) &#8211; Technopool pH\/Rx ohjausyksikk\u00f6 kahdella annostelupumpulla &#8211; My\u00f6s AquaSphere 75 W. UV-C laite [&hellip;]<\/p>\n","protected":false},"featured_media":103614,"template":"","meta":{"_et_pb_use_builder":"","_et_pb_old_content":"","_et_gb_content_width":""},"product_brand":[],"product_cat":[112,177],"product_tag":[],"class_list":{"0":"post-108673","1":"product","2":"type-product","3":"status-publish","4":"has-post-thumbnail","6":"product_cat-altaan-suodattimet","7":"product_cat-klooria-sisaltaville-uima-altaille","8":"product_shipping_class-kuller_alus-fi","10":"first","11":"instock","12":"taxable","13":"shipping-taxable","14":"purchasable","15":"product-type-simple"},"jetpack_sharing_enabled":true,"_links":{"self":[{"href":"https:\/\/basseinimeistrid.ee\/fi\/wp-json\/wp\/v2\/product\/108673","targetHints":{"allow":["GET"]}}],"collection":[{"href":"https:\/\/basseinimeistrid.ee\/fi\/wp-json\/wp\/v2\/product"}],"about":[{"href":"https:\/\/basseinimeistrid.ee\/fi\/wp-json\/wp\/v2\/types\/product"}],"wp:featuredmedia":[{"embeddable":true,"href":"https:\/\/basseinimeistrid.ee\/fi\/wp-json\/wp\/v2\/media\/103614"}],"wp:attachment":[{"href":"https:\/\/basseinimeistrid.ee\/fi\/wp-json\/wp\/v2\/media?parent=108673"}],"wp:term":[{"taxonomy":"product_brand","embeddable":true,"href":"https:\/\/basseinimeistrid.ee\/fi\/wp-json\/wp\/v2\/product_brand?post=108673"},{"taxonomy":"product_cat","embeddable":true,"href":"https:\/\/basseinimeistrid.ee\/fi\/wp-json\/wp\/v2\/product_cat?post=108673"},{"taxonomy":"product_tag","embeddable":true,"href":"https:\/\/basseinimeistrid.ee\/fi\/wp-json\/wp\/v2\/product_tag?post=108673"}],"curies":[{"name":"wp","href":"https:\/\/api.w.org\/{rel}","templated":true}]}}