{"id":108674,"date":"2025-01-29T07:28:23","date_gmt":"2025-01-29T05:28:23","guid":{"rendered":"https:\/\/basseinimeistrid.ee\/pood\/Ei-luokiteltu\/lampopumppu-zodiac-z550iq\/"},"modified":"2025-03-15T15:24:59","modified_gmt":"2025-03-15T13:24:59","slug":"lampopumppu-zodiac-z550iq","status":"publish","type":"product","link":"https:\/\/basseinimeistrid.ee\/fi\/pood\/lampopumppu-zodiac-z550iq\/","title":{"rendered":"L\u00e4mp\u00f6pumppu ZODIAC Z550IQ"},"content":{"rendered":"<p>Zodiac Z550IQ on pystysuora l\u00e4mp\u00f6pumppu modernilla ilmeell\u00e4. Ihanteellinen paikkoihin, joissa tilaa on rajoitetusti. Kylm\u00e4 ilma poistuu laitteen yl\u00e4osan kautta. L\u00e4mp\u00f6pumppua voidaan ohjata mist\u00e4 tahansa Fluidra Pool -sovelluksen kautta. 3 esiasetettua k\u00e4ytt\u00f6tilaa. Ilmal\u00e4mp\u00f6pumppu, joka toimii eritt\u00e4in hiljaa tarvittaessa. Vesiliit\u00e4nn\u00e4t 50mm.      <\/p>\n<p>&#8211; Pystysuora pakopuhallus<br \/>\n&#8211; 100% t\u00e4ysi invertteri<br \/>\n&#8211; Boost: suurin teho nopeaan altaan l\u00e4mmitykseen<br \/>\n&#8211; Smart: automaattinen tehons\u00e4\u00e4t\u00f6 l\u00e4mp\u00f6tilan mukaan<br \/>\n&#8211; EcoSilence: energiaa s\u00e4\u00e4st\u00e4v\u00e4 ja eritt\u00e4in hiljainen toiminta<br \/>\n&#8211; Fluidra Pool -uima-allassovellus<br \/>\n&#8211; Soveltuu eritt\u00e4in hyvin ahtaisiin tiloihin asennettavaksi<br \/>\n&#8211; PP-kotelo<br \/>\n&#8211; L\u00e4mmitys ja j\u00e4\u00e4hdytys<br \/>\n&#8211; J\u00e4\u00e4tymisenestotoiminto<br \/>\n&#8211; Titaaninen l\u00e4mm\u00f6nvaihdin<br \/>\n&#8211; Pystyy tuottamaan l\u00e4mp\u00f6\u00e4 -15 \u02daC asti<br \/>\n&#8211; Scroll-kompressori<br \/>\n&#8211; LCD-n\u00e4ytt\u00f6<\/p>\n<p>L\u00c4MP\u00d6PUMPPU SIS\u00c4LT\u00c4\u00c4:<br \/>\n &#8211; Talvipeite<br \/>\n &#8211; PVC-liittimet 50mm<br \/>\n &#8211; T\u00e4rin\u00e4\u00e4 vaimentavat jalat<br \/>\n &#8211; ilmainen Fluidra Pool -sovellus<\/p>\n<p>Zodiac Z550IQ Englanninkielinen tuoteesittely <a href=\"https:\/\/basseinimeistrid.ee\/wp-content\/uploads\/2025\/02\/z550iq-tootetutvustus.pdf\" target=\"_blank\" rel=\"noopener\">T\u00c4ST\u00c4<\/a><\/p>\n<p>Zodiac Z550IQ Englanninkielinen k\u00e4ytt\u00f6ohje <a href=\"https:\/\/basseinimeistrid.ee\/wp-content\/uploads\/2025\/02\/z550iq-manual.pdf\" target=\"_blank\" rel=\"noopener\">T\u00c4\u00c4LT\u00c4<\/a><\/p>\n","protected":false},"excerpt":{"rendered":"<p>Zodiac Z550IQ on pystysuora l\u00e4mp\u00f6pumppu modernilla ilmeell\u00e4. Ihanteellinen paikkoihin, joissa tilaa on rajoitetusti. Kylm\u00e4 ilma poistuu laitteen yl\u00e4osan kautta. L\u00e4mp\u00f6pumppua voidaan ohjata mist\u00e4 tahansa Fluidra Pool -sovelluksen kautta. 3 esiasetettua k\u00e4ytt\u00f6tilaa. Ilmal\u00e4mp\u00f6pumppu, joka toimii eritt\u00e4in hiljaa tarvittaessa. Vesiliit\u00e4nn\u00e4t 50mm. &#8211; Pystysuora pakopuhallus &#8211; 100% t\u00e4ysi invertteri &#8211; Boost: suurin teho nopeaan altaan l\u00e4mmitykseen &#8211; Smart: [&hellip;]<\/p>\n","protected":false},"featured_media":103566,"template":"","meta":{"_et_pb_use_builder":"","_et_pb_old_content":"","_et_gb_content_width":""},"product_brand":[],"product_cat":[109],"product_tag":[],"class_list":{"0":"post-108674","1":"product","2":"type-product","3":"status-publish","4":"has-post-thumbnail","6":"product_cat-lampopumput","7":"product_shipping_class-kuller-fi","9":"first","10":"instock","11":"taxable","12":"shipping-taxable","13":"purchasable","14":"product-type-variable"},"jetpack_sharing_enabled":true,"_links":{"self":[{"href":"https:\/\/basseinimeistrid.ee\/fi\/wp-json\/wp\/v2\/product\/108674","targetHints":{"allow":["GET"]}}],"collection":[{"href":"https:\/\/basseinimeistrid.ee\/fi\/wp-json\/wp\/v2\/product"}],"about":[{"href":"https:\/\/basseinimeistrid.ee\/fi\/wp-json\/wp\/v2\/types\/product"}],"wp:featuredmedia":[{"embeddable":true,"href":"https:\/\/basseinimeistrid.ee\/fi\/wp-json\/wp\/v2\/media\/103566"}],"wp:attachment":[{"href":"https:\/\/basseinimeistrid.ee\/fi\/wp-json\/wp\/v2\/media?parent=108674"}],"wp:term":[{"taxonomy":"product_brand","embeddable":true,"href":"https:\/\/basseinimeistrid.ee\/fi\/wp-json\/wp\/v2\/product_brand?post=108674"},{"taxonomy":"product_cat","embeddable":true,"href":"https:\/\/basseinimeistrid.ee\/fi\/wp-json\/wp\/v2\/product_cat?post=108674"},{"taxonomy":"product_tag","embeddable":true,"href":"https:\/\/basseinimeistrid.ee\/fi\/wp-json\/wp\/v2\/product_tag?post=108674"}],"curies":[{"name":"wp","href":"https:\/\/api.w.org\/{rel}","templated":true}]}}