{"id":108680,"date":"2025-01-29T07:13:15","date_gmt":"2025-01-29T05:13:15","guid":{"rendered":"https:\/\/basseinimeistrid.ee\/pood\/Ei-luokiteltu\/lampopumppu-zodiac-z350iq\/"},"modified":"2025-03-15T15:24:57","modified_gmt":"2025-03-15T13:24:57","slug":"lampopumppu-zodiac-z350iq","status":"publish","type":"product","link":"https:\/\/basseinimeistrid.ee\/fi\/pood\/lampopumppu-zodiac-z350iq\/","title":{"rendered":"L\u00e4mp\u00f6pumppu ZODIAC Z350IQ"},"content":{"rendered":"<p>Zodiac Z350IQ on Euroopassa valmistettu huippuluokan pystyl\u00e4mp\u00f6pumppu<br \/>\n (Italia). Se on 100 % t\u00e4ysi invertteril\u00e4mp\u00f6pumppu, jossa on 3 esiasetusta (Boost, Smart<br \/>\n ja EcoSilence). T\u00e4m\u00e4 on pystysuora malli, joka mahdollistaa pystysuoran ilmanliikkeen. T\u00e4m\u00e4 on valtava tilans\u00e4\u00e4st\u00f6. K\u00e4yt\u00e4 l\u00e4hes kolme kertaa v\u00e4hemm\u00e4n lattiatilaa. K\u00e4\u00e4ntyv\u00e4 kansi antaa sinulle t\u00e4ydellisen vapauden l\u00e4mp\u00f6pumpun sijoittamisessa, ja n\u00e4yt\u00f6n kantta voidaan k\u00e4\u00e4nt\u00e4\u00e4 eri suuntiin halutessasi. L\u00e4mp\u00f6pumppu on valmistettu PP:st\u00e4 ja siin\u00e4 on galvanoitu runko. L\u00e4mp\u00f6pumppua voidaan ohjata LCD-n\u00e4yt\u00f6n tai iAqualink+ -sovelluksen kautta. Uusimmat ohjelmistop\u00e4ivitykset ovat aina saatavilla l\u00e4mp\u00f6pumpulle t\u00e4m\u00e4n sovelluksen kautta. Tulo ja ulostulo 50mm.         <\/p>\n<ul>\n<li>Pystysuora kylm\u00e4n ilman ulostulo<\/li>\n<li>Varmaan muodoltaan ja ulkon\u00e4\u00f6lt\u00e4\u00e4n hienovaraisin ja vankkain ilmal\u00e4mp\u00f6pumppu<\/li>\n<li>LCD-n\u00e4ytt\u00f6<\/li>\n<li>WiFi ilmaisella iAqualink+ -sovelluksella<\/li>\n<li>T\u00e4ysi invertteri<\/li>\n<\/ul>\n<p>\u2022 Boost: maksimi nopeaan altaan l\u00e4mmitykseen<br \/>\n \u2022 \u00c4lyk\u00e4s: l\u00e4mp\u00f6pumppu mukautuu optimaalisiin olosuhteisiin<br \/>\n \u2022 EcoSilence: energiaa s\u00e4\u00e4st\u00e4v\u00e4 ja matalin melutaso<\/p>\n<p>&#8211; J\u00e4\u00e4hdytystoiminto<br \/>\n&#8211; Sulatustoiminto<br \/>\n&#8211; Titaaninen l\u00e4mm\u00f6nvaihdin<br \/>\n&#8211; Talvipeite<br \/>\n&#8211; T\u00e4rin\u00e4\u00e4 vaimentavat jalat<br \/>\n&#8211; Liitosmuhvit<br \/>\n&#8211; 3 vuoden takuu<br \/>\n&#8211; Kompressorilla 5 vuoden takuu<br \/>\n&#8211; Kondensaattorilla 10 vuoden takuu<br \/>\n&#8211; K\u00e4ytt\u00f6l\u00e4mp\u00f6tila alkaen -7\u00b0C<\/p>\n<p>Zodiac Z350IQ Englanninkielinen tuoteesittely <a href=\"https:\/\/basseinimeistrid.ee\/wp-content\/uploads\/2025\/02\/z350iq-tutvustus.pdf\" target=\"_blank\" rel=\"noopener\">T\u00c4ST\u00c4<\/a><\/p>\n<p>Zodiac Z350IQ Englanninkielinen k\u00e4ytt\u00f6ohje <a href=\"https:\/\/basseinimeistrid.ee\/wp-content\/uploads\/2025\/02\/z350iq-manual.pdf\" target=\"_blank\" rel=\"noopener\">T\u00c4\u00c4LT\u00c4<\/a><\/p>\n","protected":false},"excerpt":{"rendered":"<p>Zodiac Z350IQ on Euroopassa valmistettu huippuluokan pystyl\u00e4mp\u00f6pumppu (Italia). Se on 100 % t\u00e4ysi invertteril\u00e4mp\u00f6pumppu, jossa on 3 esiasetusta (Boost, Smart ja EcoSilence). T\u00e4m\u00e4 on pystysuora malli, joka mahdollistaa pystysuoran ilmanliikkeen. T\u00e4m\u00e4 on valtava tilans\u00e4\u00e4st\u00f6. K\u00e4yt\u00e4 l\u00e4hes kolme kertaa v\u00e4hemm\u00e4n lattiatilaa. K\u00e4\u00e4ntyv\u00e4 kansi antaa sinulle t\u00e4ydellisen vapauden l\u00e4mp\u00f6pumpun sijoittamisessa, ja n\u00e4yt\u00f6n kantta voidaan k\u00e4\u00e4nt\u00e4\u00e4 eri suuntiin [&hellip;]<\/p>\n","protected":false},"featured_media":103541,"template":"","meta":{"_et_pb_use_builder":"","_et_pb_old_content":"","_et_gb_content_width":""},"product_brand":[],"product_cat":[109],"product_tag":[],"class_list":{"0":"post-108680","1":"product","2":"type-product","3":"status-publish","4":"has-post-thumbnail","6":"product_cat-lampopumput","7":"product_shipping_class-kuller-fi","9":"first","10":"instock","11":"taxable","12":"shipping-taxable","13":"purchasable","14":"product-type-variable"},"jetpack_sharing_enabled":true,"_links":{"self":[{"href":"https:\/\/basseinimeistrid.ee\/fi\/wp-json\/wp\/v2\/product\/108680","targetHints":{"allow":["GET"]}}],"collection":[{"href":"https:\/\/basseinimeistrid.ee\/fi\/wp-json\/wp\/v2\/product"}],"about":[{"href":"https:\/\/basseinimeistrid.ee\/fi\/wp-json\/wp\/v2\/types\/product"}],"wp:featuredmedia":[{"embeddable":true,"href":"https:\/\/basseinimeistrid.ee\/fi\/wp-json\/wp\/v2\/media\/103541"}],"wp:attachment":[{"href":"https:\/\/basseinimeistrid.ee\/fi\/wp-json\/wp\/v2\/media?parent=108680"}],"wp:term":[{"taxonomy":"product_brand","embeddable":true,"href":"https:\/\/basseinimeistrid.ee\/fi\/wp-json\/wp\/v2\/product_brand?post=108680"},{"taxonomy":"product_cat","embeddable":true,"href":"https:\/\/basseinimeistrid.ee\/fi\/wp-json\/wp\/v2\/product_cat?post=108680"},{"taxonomy":"product_tag","embeddable":true,"href":"https:\/\/basseinimeistrid.ee\/fi\/wp-json\/wp\/v2\/product_tag?post=108680"}],"curies":[{"name":"wp","href":"https:\/\/api.w.org\/{rel}","templated":true}]}}