{"id":108689,"date":"2025-01-28T10:28:10","date_gmt":"2025-01-28T08:28:10","guid":{"rendered":"https:\/\/basseinimeistrid.ee\/pood\/Ei-luokiteltu\/zodiac-mx9-hydraulinen-allasrobotti\/"},"modified":"2025-03-15T15:24:56","modified_gmt":"2025-03-15T13:24:56","slug":"zodiac-mx9-hydraulinen-allasrobotti","status":"publish","type":"product","link":"https:\/\/basseinimeistrid.ee\/fi\/pood\/zodiac-mx9-hydraulinen-allasrobotti\/","title":{"rendered":"Zodiac MX9 hydraulinen allasrobotti"},"content":{"rendered":"<p>Mekaaniset allaspuhdistuslaitteet sopivat kaikentyyppisille uima-altaille. Toimii laitteen l\u00e4pi liikkuvan veden energialla. Altaan mitat max 12 x 6 metri\u00e4. Puhdistuslaite liitet\u00e4\u00e4n suoraan altaan imuputkeen tai keruuputkeen. Ei s\u00e4hk\u00f6liit\u00e4nt\u00f6j\u00e4. Altaanpuhdistimen ihanteellinen letkun pituus asennettuna on suurin et\u00e4isyys imusuuttimesta\/ker\u00e4imest\u00e4 kaukaisimpaan kulmaan + 1 m. Optimaalista asennusta varten suorita veden virtaustesti ja s\u00e4\u00e4d\u00e4 tarvittaessa vesihanaa tai venttiili\u00e4.      <\/p>\n<p>TEKNISET TIEDOT:<br \/>\n &#8211; Max. Altaan koko: 12 x 6 metri\u00e4.<br \/>\n&#8211; Imu: 2 turbiinia.<br \/>\n&#8211; Esiohjelmoitu X-drive-navigointij\u00e4rjestelm\u00e4: laitteen eritt\u00e4in tehokkaaseen k\u00e4ytt\u00f6\u00f6n ja altaan pohjan puhdistamiseen.<br \/>\n&#8211; Turboimu, tehokas turbiini ja 2 imupistett\u00e4 (harjoilla MX9:ss\u00e4).<br \/>\n&#8211; Telat: takaavat t\u00e4ydellisen vakauden ja liikkuvuuden.<br \/>\n&#8211; Ohjattu veto takaa t\u00e4ydellisen vakauden ja liikkeen.<br \/>\n&#8211; Taittumista est\u00e4v\u00e4 letkun lukko: helppo ja turvallinen liit\u00e4nn\u00e4n puhdistus takaa parhaan suorituskyvyn ja laitteen pitk\u00e4n k\u00e4ytt\u00f6i\u00e4n.<\/p>\n<p>Mukana:<br \/>\n &#8211; Letku (Twist-lock) (MX9 12x1m) koottu 1m osiin<br \/>\n &#8211; Kartiomainen sovitin<br \/>\n &#8211; Virtauksen s\u00e4\u00e4din (robotissa).<br \/>\n &#8211; Virtausventtiili (skimmeri).<br \/>\n &#8211; Puhdistusharjat MX9-mallissa<\/p>\n<p>Lis\u00e4letkuja ja vaihtoharjoja saatavilla.<\/p>\n","protected":false},"excerpt":{"rendered":"<p>Mekaaniset allaspuhdistuslaitteet sopivat kaikentyyppisille uima-altaille. Toimii laitteen l\u00e4pi liikkuvan veden energialla. Altaan mitat max 12 x 6 metri\u00e4. Puhdistuslaite liitet\u00e4\u00e4n suoraan altaan imuputkeen tai keruuputkeen. Ei s\u00e4hk\u00f6liit\u00e4nt\u00f6j\u00e4. Altaanpuhdistimen ihanteellinen letkun pituus asennettuna on suurin et\u00e4isyys imusuuttimesta\/ker\u00e4imest\u00e4 kaukaisimpaan kulmaan + 1 m. Optimaalista asennusta varten suorita veden virtaustesti ja s\u00e4\u00e4d\u00e4 tarvittaessa vesihanaa tai venttiili\u00e4. TEKNISET TIEDOT: [&hellip;]<\/p>\n","protected":false},"featured_media":103419,"template":"","meta":{"_et_pb_use_builder":"","_et_pb_old_content":"","_et_gb_content_width":""},"product_brand":[],"product_cat":[110,118],"product_tag":[],"class_list":{"0":"post-108689","1":"product","2":"type-product","3":"status-publish","4":"has-post-thumbnail","6":"product_cat-allasrobotit","7":"product_cat-uima-altaan-tarvikkeet","8":"product_shipping_class-kuller-fi","10":"first","11":"instock","12":"taxable","13":"shipping-taxable","14":"purchasable","15":"product-type-simple"},"jetpack_sharing_enabled":true,"_links":{"self":[{"href":"https:\/\/basseinimeistrid.ee\/fi\/wp-json\/wp\/v2\/product\/108689","targetHints":{"allow":["GET"]}}],"collection":[{"href":"https:\/\/basseinimeistrid.ee\/fi\/wp-json\/wp\/v2\/product"}],"about":[{"href":"https:\/\/basseinimeistrid.ee\/fi\/wp-json\/wp\/v2\/types\/product"}],"wp:featuredmedia":[{"embeddable":true,"href":"https:\/\/basseinimeistrid.ee\/fi\/wp-json\/wp\/v2\/media\/103419"}],"wp:attachment":[{"href":"https:\/\/basseinimeistrid.ee\/fi\/wp-json\/wp\/v2\/media?parent=108689"}],"wp:term":[{"taxonomy":"product_brand","embeddable":true,"href":"https:\/\/basseinimeistrid.ee\/fi\/wp-json\/wp\/v2\/product_brand?post=108689"},{"taxonomy":"product_cat","embeddable":true,"href":"https:\/\/basseinimeistrid.ee\/fi\/wp-json\/wp\/v2\/product_cat?post=108689"},{"taxonomy":"product_tag","embeddable":true,"href":"https:\/\/basseinimeistrid.ee\/fi\/wp-json\/wp\/v2\/product_tag?post=108689"}],"curies":[{"name":"wp","href":"https:\/\/api.w.org\/{rel}","templated":true}]}}