{"id":108690,"date":"2025-01-28T10:03:07","date_gmt":"2025-01-28T08:03:07","guid":{"rendered":"https:\/\/basseinimeistrid.ee\/pood\/Ei-luokiteltu\/zodiac-arcomax-uima-allasrobotti\/"},"modified":"2025-01-28T10:03:07","modified_gmt":"2025-01-28T08:03:07","slug":"zodiac-arcomax-uima-allasrobotti","status":"publish","type":"product","link":"https:\/\/basseinimeistrid.ee\/fi\/pood\/zodiac-arcomax-uima-allasrobotti\/","title":{"rendered":"Zodiac ARCOMAX uima-allasrobotti"},"content":{"rendered":"<p>Suunniteltu intensiiviseen k\u00e4ytt\u00f6\u00f6n keskisuurissa ja suurissa julkisissa uima-altaissa.<\/p>\n<ul>\n<li>Infrapuna-anturi altaan seinien ja esteiden tunnistamiseen.<\/li>\n<li>\u00c4lyk\u00e4s navigointij\u00e4rjestelm\u00e4 gyroskoopilla ja kompassilla<\/li>\n<li>Tela-ajoj\u00e4rjestelm\u00e4 intensiiviseen k\u00e4ytt\u00f6\u00f6n<\/li>\n<li>Supertehokas imu<\/li>\n<li>Kaukos\u00e4\u00e4din manuaaliseen k\u00e4ytt\u00f6\u00f6n<\/li>\n<li>Hyvin n\u00e4kyv\u00e4 oranssi runko<\/li>\n<li>Nostokahvat<\/li>\n<li>Suunniteltu ammattik\u00e4ytt\u00f6\u00f6n keskisuurissa ja suurissa julkisissa uima-altaissa, esim. uima-altaissa, uimakeskuksissa, kylpyl\u00f6iss\u00e4, urheilukeskuksissa, vesipuistoissa jne. <\/li>\n<\/ul>\n<p>Mukana:<br \/>\n &#8211; Kuljetus\/s\u00e4ilytysvaunu<br \/>\n &#8211; Kaukos\u00e4\u00e4din<br \/>\n &#8211; Ohjauspaneeli<br \/>\n &#8211; Kaksoispussisuodatin<br \/>\n &#8211; ilmainen sovellus<\/p>\n<p>*Saatavilla pyynn\u00f6st\u00e4. Kysy saatavuutta <a href=\"mailto:info@basseinimeistrid.ee\">info@basseinimeistrid.ee<\/a> <\/p>\n<p>Takuu 2 vuotta<\/p>\n","protected":false},"excerpt":{"rendered":"<p>Suunniteltu intensiiviseen k\u00e4ytt\u00f6\u00f6n keskisuurissa ja suurissa julkisissa uima-altaissa. Infrapuna-anturi altaan seinien ja esteiden tunnistamiseen. \u00c4lyk\u00e4s navigointij\u00e4rjestelm\u00e4 gyroskoopilla ja kompassilla Tela-ajoj\u00e4rjestelm\u00e4 intensiiviseen k\u00e4ytt\u00f6\u00f6n Supertehokas imu Kaukos\u00e4\u00e4din manuaaliseen k\u00e4ytt\u00f6\u00f6n Hyvin n\u00e4kyv\u00e4 oranssi runko Nostokahvat Suunniteltu ammattik\u00e4ytt\u00f6\u00f6n keskisuurissa ja suurissa julkisissa uima-altaissa, esim. uima-altaissa, uimakeskuksissa, kylpyl\u00f6iss\u00e4, urheilukeskuksissa, vesipuistoissa jne. Mukana: &#8211; Kuljetus\/s\u00e4ilytysvaunu &#8211; Kaukos\u00e4\u00e4din &#8211; Ohjauspaneeli &#8211; Kaksoispussisuodatin [&hellip;]<\/p>\n","protected":false},"featured_media":103408,"template":"","meta":{"_et_pb_use_builder":"","_et_pb_old_content":"","_et_gb_content_width":""},"product_brand":[],"product_cat":[110],"product_tag":[],"class_list":{"0":"post-108690","1":"product","2":"type-product","3":"status-publish","4":"has-post-thumbnail","6":"product_cat-allasrobotit","7":"product_shipping_class-kuller-fi","9":"first","10":"onbackorder","11":"taxable","12":"shipping-taxable","13":"purchasable","14":"product-type-simple"},"jetpack_sharing_enabled":true,"_links":{"self":[{"href":"https:\/\/basseinimeistrid.ee\/fi\/wp-json\/wp\/v2\/product\/108690","targetHints":{"allow":["GET"]}}],"collection":[{"href":"https:\/\/basseinimeistrid.ee\/fi\/wp-json\/wp\/v2\/product"}],"about":[{"href":"https:\/\/basseinimeistrid.ee\/fi\/wp-json\/wp\/v2\/types\/product"}],"wp:featuredmedia":[{"embeddable":true,"href":"https:\/\/basseinimeistrid.ee\/fi\/wp-json\/wp\/v2\/media\/103408"}],"wp:attachment":[{"href":"https:\/\/basseinimeistrid.ee\/fi\/wp-json\/wp\/v2\/media?parent=108690"}],"wp:term":[{"taxonomy":"product_brand","embeddable":true,"href":"https:\/\/basseinimeistrid.ee\/fi\/wp-json\/wp\/v2\/product_brand?post=108690"},{"taxonomy":"product_cat","embeddable":true,"href":"https:\/\/basseinimeistrid.ee\/fi\/wp-json\/wp\/v2\/product_cat?post=108690"},{"taxonomy":"product_tag","embeddable":true,"href":"https:\/\/basseinimeistrid.ee\/fi\/wp-json\/wp\/v2\/product_tag?post=108690"}],"curies":[{"name":"wp","href":"https:\/\/api.w.org\/{rel}","templated":true}]}}