{"id":108691,"date":"2025-01-28T09:49:58","date_gmt":"2025-01-28T07:49:58","guid":{"rendered":"https:\/\/basseinimeistrid.ee\/pood\/Ei-luokiteltu\/zodiac-arco-uima-allasrobotti\/"},"modified":"2025-01-28T09:49:58","modified_gmt":"2025-01-28T07:49:58","slug":"zodiac-arco-uima-allasrobotti","status":"publish","type":"product","link":"https:\/\/basseinimeistrid.ee\/fi\/pood\/zodiac-arco-uima-allasrobotti\/","title":{"rendered":"Zodiac ARCO uima-allasrobotti"},"content":{"rendered":"<p>Suunniteltu intensiiviseen K\u00c4YTT\u00d6\u00d6N SUUREMMISS\u00c4 UIMA-ALTAISSA.<br \/>\n &#8211; Infrapuna-anturi tunnistaa ja v\u00e4ltt\u00e4\u00e4 altaan sein\u00e4t ja esteet<br \/>\n &#8211; \u00c4lyk\u00e4s navigointij\u00e4rjestelm\u00e4 gyroskoopilla ja kompassilla<br \/>\n &#8211; Tela-ajoj\u00e4rjestelm\u00e4 intensiiviseen k\u00e4ytt\u00f6\u00f6n<br \/>\n &#8211; Eritt\u00e4in tehokas imu<br \/>\n &#8211; Kaukos\u00e4\u00e4din manuaaliseen k\u00e4ytt\u00f6\u00f6n. Ohjelmoitava syklin k\u00e4ynnistysviive.<br \/>\n &#8211; Suunniteltu ammattik\u00e4ytt\u00f6\u00f6n keskikokoisissa julkisissa uima-altaissa (uima-altaat, kylpyl\u00e4t, urheilu- ja<br \/>\n uimakeskukset, hotellit jne.).<br \/>\n &#8211; kaapelin pituus 30m <\/p>\n<p>Mukana:<br \/>\n &#8211; Kuljetus\/varastovaunu<br \/>\n &#8211; Kaukos\u00e4\u00e4din<br \/>\n &#8211; Ohjauspaneeli<br \/>\n &#8211; Kaksoispussisuodatin<br \/>\n &#8211; ilmainen sovellus<\/p>\n<p>* Saatavilla pyynn\u00f6st\u00e4. Kysy saatavuutta <a href=\"mailto:info@basseinimeistrid.ee\">info@basseinimeistrid.ee<\/a> <\/p>\n<p>Takuu 2 vuotta<\/p>\n","protected":false},"excerpt":{"rendered":"<p>Suunniteltu intensiiviseen K\u00c4YTT\u00d6\u00d6N SUUREMMISS\u00c4 UIMA-ALTAISSA. &#8211; Infrapuna-anturi tunnistaa ja v\u00e4ltt\u00e4\u00e4 altaan sein\u00e4t ja esteet &#8211; \u00c4lyk\u00e4s navigointij\u00e4rjestelm\u00e4 gyroskoopilla ja kompassilla &#8211; Tela-ajoj\u00e4rjestelm\u00e4 intensiiviseen k\u00e4ytt\u00f6\u00f6n &#8211; Eritt\u00e4in tehokas imu &#8211; Kaukos\u00e4\u00e4din manuaaliseen k\u00e4ytt\u00f6\u00f6n. Ohjelmoitava syklin k\u00e4ynnistysviive. &#8211; Suunniteltu ammattik\u00e4ytt\u00f6\u00f6n keskikokoisissa julkisissa uima-altaissa (uima-altaat, kylpyl\u00e4t, urheilu- ja uimakeskukset, hotellit jne.). &#8211; kaapelin pituus 30m Mukana: &#8211; Kuljetus\/varastovaunu [&hellip;]<\/p>\n","protected":false},"featured_media":103400,"template":"","meta":{"_et_pb_use_builder":"","_et_pb_old_content":"","_et_gb_content_width":""},"product_brand":[],"product_cat":[110],"product_tag":[],"class_list":{"0":"post-108691","1":"product","2":"type-product","3":"status-publish","4":"has-post-thumbnail","6":"product_cat-allasrobotit","7":"product_shipping_class-kuller-fi","9":"first","10":"onbackorder","11":"taxable","12":"shipping-taxable","13":"purchasable","14":"product-type-simple"},"jetpack_sharing_enabled":true,"_links":{"self":[{"href":"https:\/\/basseinimeistrid.ee\/fi\/wp-json\/wp\/v2\/product\/108691","targetHints":{"allow":["GET"]}}],"collection":[{"href":"https:\/\/basseinimeistrid.ee\/fi\/wp-json\/wp\/v2\/product"}],"about":[{"href":"https:\/\/basseinimeistrid.ee\/fi\/wp-json\/wp\/v2\/types\/product"}],"wp:featuredmedia":[{"embeddable":true,"href":"https:\/\/basseinimeistrid.ee\/fi\/wp-json\/wp\/v2\/media\/103400"}],"wp:attachment":[{"href":"https:\/\/basseinimeistrid.ee\/fi\/wp-json\/wp\/v2\/media?parent=108691"}],"wp:term":[{"taxonomy":"product_brand","embeddable":true,"href":"https:\/\/basseinimeistrid.ee\/fi\/wp-json\/wp\/v2\/product_brand?post=108691"},{"taxonomy":"product_cat","embeddable":true,"href":"https:\/\/basseinimeistrid.ee\/fi\/wp-json\/wp\/v2\/product_cat?post=108691"},{"taxonomy":"product_tag","embeddable":true,"href":"https:\/\/basseinimeistrid.ee\/fi\/wp-json\/wp\/v2\/product_tag?post=108691"}],"curies":[{"name":"wp","href":"https:\/\/api.w.org\/{rel}","templated":true}]}}