{"id":108693,"date":"2025-01-28T09:14:35","date_gmt":"2025-01-28T07:14:35","guid":{"rendered":"https:\/\/basseinimeistrid.ee\/pood\/Ei-luokiteltu\/zodiac-freerider\/"},"modified":"2025-01-28T09:14:35","modified_gmt":"2025-01-28T07:14:35","slug":"zodiac-freerider","status":"publish","type":"product","link":"https:\/\/basseinimeistrid.ee\/fi\/pood\/zodiac-freerider\/","title":{"rendered":"Zodiac Freerider"},"content":{"rendered":"<p>Zodiac Freerider\u2122 on Zodiacin ensimm\u00e4inen johdoton robotti. Langaton vapaus takaa t\u00e4ydellisen<br \/>\n liikkumisvapaus altaassa. Langattoman robotin mukavuus! Freerider\u2122-allasrobotti on varustettu patentoiduilla Helix-harjoilla ja sykloniimulla, jotka varmistavat optimaalisen puhdistuksen. Zodiac Freerider on vakiona kahdella k\u00e4ytt\u00f6moottorilla, ja se on my\u00f6s varustettu erilaisilla \u00e4lykk\u00e4ill\u00e4 antureilla. Zodiac Freerider sopii kaikentyyppisiin uima-altaisiin. Zodiac Freerider on helppok\u00e4ytt\u00f6inen. L\u00e4pin\u00e4kyv\u00e4n luukun ansiosta suodatins\u00e4ili\u00f6n sis\u00e4lt\u00f6 n\u00e4kyy heti. Suodattimeen p\u00e4\u00e4see helposti k\u00e4siksi robotin p\u00e4\u00e4lt\u00e4. T\u00e4m\u00e4 tekee my\u00f6s puhdistamisesta eritt\u00e4in helppoa. Kun puhdistusjakso on valmis, robotti pys\u00e4htyy sein\u00e4n viereen vedenpinnalle. Jos laitetta ei poisteta vedest\u00e4 v\u00e4h\u00e4\u00e4n aikaan, se putoaa altaan pohjalle ja voidaan my\u00f6hemmin nostaa vedest\u00e4 mukana tulevalla koukulla.           <\/p>\n<p>RF 5400 IQ ja RF 5600 IQ mallit on varustettu kaksoissuodatuksella 150\u00b5\/60\u00b5.<br \/>\n &#8211; Suodatinkori 4 litraa<br \/>\n &#8211; Suodatinkori 100 \u00b5 (RF 5200 IQ)<br \/>\n &#8211; Suodatinkori 150 \u00b5\/60 \u00b5 (RF 5400 IQ ja RF 5600 IQ)<br \/>\n &#8211; L\u00e4pin\u00e4kyv\u00e4 kansi, jotta lika n\u00e4kyy suodattimessa<br \/>\n &#8211; Ohjelmoi 2 tuntia (pohja tai sein\u00e4, pohja ja vesilinja) RF 5200 IQ:lle<br \/>\n &#8211; Ohjelma 2,5 tuntia (pohja tai sein\u00e4, pohja ja vesiviiva ja vesiraja vain, tilaukset iAquaLink-sovelluksen kautta) (RF 5400 IQ &amp; RF 5600 IQ)<br \/>\n &#8211; Latausaika&lt; 5 tuntia<br \/>\n &#8211; Mukana latausasema<br \/>\n &#8211; Ohjaus iAqualink-sovelluksessa<br \/>\n &#8211; Kaukos\u00e4\u00e4din (vain RF 5600 IQ)<br \/>\n &#8211; 3 vuoden takuu<\/p>\n","protected":false},"excerpt":{"rendered":"<p>Zodiac Freerider\u2122 on Zodiacin ensimm\u00e4inen johdoton robotti. Langaton vapaus takaa t\u00e4ydellisen liikkumisvapaus altaassa. Langattoman robotin mukavuus! Freerider\u2122-allasrobotti on varustettu patentoiduilla Helix-harjoilla ja sykloniimulla, jotka varmistavat optimaalisen puhdistuksen. Zodiac Freerider on vakiona kahdella k\u00e4ytt\u00f6moottorilla, ja se on my\u00f6s varustettu erilaisilla \u00e4lykk\u00e4ill\u00e4 antureilla. Zodiac Freerider sopii kaikentyyppisiin uima-altaisiin. Zodiac Freerider on helppok\u00e4ytt\u00f6inen. L\u00e4pin\u00e4kyv\u00e4n luukun ansiosta suodatins\u00e4ili\u00f6n sis\u00e4lt\u00f6 [&hellip;]<\/p>\n","protected":false},"featured_media":103359,"template":"","meta":{"_et_pb_use_builder":"","_et_pb_old_content":"","_et_gb_content_width":""},"product_brand":[],"product_cat":[110],"product_tag":[],"class_list":{"0":"post-108693","1":"product","2":"type-product","3":"status-publish","4":"has-post-thumbnail","6":"product_cat-allasrobotit","7":"product_shipping_class-kuller-fi","9":"first","10":"instock","11":"taxable","12":"shipping-taxable","13":"purchasable","14":"product-type-variable"},"jetpack_sharing_enabled":true,"_links":{"self":[{"href":"https:\/\/basseinimeistrid.ee\/fi\/wp-json\/wp\/v2\/product\/108693","targetHints":{"allow":["GET"]}}],"collection":[{"href":"https:\/\/basseinimeistrid.ee\/fi\/wp-json\/wp\/v2\/product"}],"about":[{"href":"https:\/\/basseinimeistrid.ee\/fi\/wp-json\/wp\/v2\/types\/product"}],"wp:featuredmedia":[{"embeddable":true,"href":"https:\/\/basseinimeistrid.ee\/fi\/wp-json\/wp\/v2\/media\/103359"}],"wp:attachment":[{"href":"https:\/\/basseinimeistrid.ee\/fi\/wp-json\/wp\/v2\/media?parent=108693"}],"wp:term":[{"taxonomy":"product_brand","embeddable":true,"href":"https:\/\/basseinimeistrid.ee\/fi\/wp-json\/wp\/v2\/product_brand?post=108693"},{"taxonomy":"product_cat","embeddable":true,"href":"https:\/\/basseinimeistrid.ee\/fi\/wp-json\/wp\/v2\/product_cat?post=108693"},{"taxonomy":"product_tag","embeddable":true,"href":"https:\/\/basseinimeistrid.ee\/fi\/wp-json\/wp\/v2\/product_tag?post=108693"}],"curies":[{"name":"wp","href":"https:\/\/api.w.org\/{rel}","templated":true}]}}