{"id":108697,"date":"2025-01-28T08:58:16","date_gmt":"2025-01-28T06:58:16","guid":{"rendered":"https:\/\/basseinimeistrid.ee\/pood\/Ei-luokiteltu\/zodiac-cnx-li-52iq\/"},"modified":"2025-01-28T08:58:16","modified_gmt":"2025-01-28T06:58:16","slug":"zodiac-cnx-li-52iq","status":"publish","type":"product","link":"https:\/\/basseinimeistrid.ee\/fi\/pood\/zodiac-cnx-li-52iq\/","title":{"rendered":"ZODIAC CNX-LI 52IQ"},"content":{"rendered":"<p>Zodiac CNX-Li 52 IQ -akkuallasrobotti on varustettu tehokkaalla litiumioniakulla. T\u00e4ss\u00e4 robotissa on 2 tunnin ohjelma ja se puhdistaa pohjan, sein\u00e4t ja vesilinjan. Robotti soveltuu jopa 10 x 5 m:n altaisiin.<br \/>\n Robotti on varustettu latausasemalla ja sen voi ladata jopa 5 tunnissa. iAqualink-sovelluksen kautta<br \/>\n Robottia on helppo valvoa ja ohjata. Patentoitu sykloninen imuj\u00e4rjestelm\u00e4 ja 2 aktiivista harjaa varmistavat optimaalisen puhdistuksen. Robotti on varustettu kahdella k\u00e4ytt\u00f6moottorilla.<br \/>\n Kun robotti on tehnyt ty\u00f6ns\u00e4, se pysyy altaan sein\u00e4n vieress\u00e4, jotta se voidaan helposti poistaa vedest\u00e4. Jos robottia ei nosteta ulos, robotti laskeutuu takaisin pohjaan, kun ty\u00f6jakson p\u00e4\u00e4ttymisest\u00e4 on kulunut jonkin aikaa. Laite voidaan nostaa pohjasta mukana tulevalla koukulla.       <\/p>\n<p>&#8211; Suodatinkori 4 litraa<br \/>\n &#8211; Suodatinkorin seula 100\u00b5<br \/>\n &#8211; L\u00e4pin\u00e4kyv\u00e4 kansi, jotta lika n\u00e4kyy suodattimessa<br \/>\n &#8211; Ohjelma 2 tuntia (pohja ja sein\u00e4, pohja ja vesiviiva)<br \/>\n &#8211; Latausaika&lt; 5 tuntia<br \/>\n &#8211; Mukana latausasema<br \/>\n &#8211; iAqualink-sovellus<br \/>\n &#8211; 3 vuoden takuu<\/p>\n","protected":false},"excerpt":{"rendered":"<p>Zodiac CNX-Li 52 IQ -akkuallasrobotti on varustettu tehokkaalla litiumioniakulla. T\u00e4ss\u00e4 robotissa on 2 tunnin ohjelma ja se puhdistaa pohjan, sein\u00e4t ja vesilinjan. Robotti soveltuu jopa 10 x 5 m:n altaisiin. Robotti on varustettu latausasemalla ja sen voi ladata jopa 5 tunnissa. iAqualink-sovelluksen kautta Robottia on helppo valvoa ja ohjata. Patentoitu sykloninen imuj\u00e4rjestelm\u00e4 ja 2 aktiivista [&hellip;]<\/p>\n","protected":false},"featured_media":103331,"template":"","meta":{"_et_pb_use_builder":"","_et_pb_old_content":"","_et_gb_content_width":""},"product_brand":[],"product_cat":[110],"product_tag":[],"class_list":{"0":"post-108697","1":"product","2":"type-product","3":"status-publish","4":"has-post-thumbnail","6":"product_cat-allasrobotit","7":"product_shipping_class-kuller-fi","9":"first","10":"instock","11":"taxable","12":"shipping-taxable","13":"purchasable","14":"product-type-simple"},"jetpack_sharing_enabled":true,"_links":{"self":[{"href":"https:\/\/basseinimeistrid.ee\/fi\/wp-json\/wp\/v2\/product\/108697","targetHints":{"allow":["GET"]}}],"collection":[{"href":"https:\/\/basseinimeistrid.ee\/fi\/wp-json\/wp\/v2\/product"}],"about":[{"href":"https:\/\/basseinimeistrid.ee\/fi\/wp-json\/wp\/v2\/types\/product"}],"wp:featuredmedia":[{"embeddable":true,"href":"https:\/\/basseinimeistrid.ee\/fi\/wp-json\/wp\/v2\/media\/103331"}],"wp:attachment":[{"href":"https:\/\/basseinimeistrid.ee\/fi\/wp-json\/wp\/v2\/media?parent=108697"}],"wp:term":[{"taxonomy":"product_brand","embeddable":true,"href":"https:\/\/basseinimeistrid.ee\/fi\/wp-json\/wp\/v2\/product_brand?post=108697"},{"taxonomy":"product_cat","embeddable":true,"href":"https:\/\/basseinimeistrid.ee\/fi\/wp-json\/wp\/v2\/product_cat?post=108697"},{"taxonomy":"product_tag","embeddable":true,"href":"https:\/\/basseinimeistrid.ee\/fi\/wp-json\/wp\/v2\/product_tag?post=108697"}],"curies":[{"name":"wp","href":"https:\/\/api.w.org\/{rel}","templated":true}]}}