{"id":108698,"date":"2025-01-28T08:45:27","date_gmt":"2025-01-28T06:45:27","guid":{"rendered":"https:\/\/basseinimeistrid.ee\/pood\/Ei-luokiteltu\/zodiac-pixel-op-li-2100\/"},"modified":"2025-01-28T08:45:27","modified_gmt":"2025-01-28T06:45:27","slug":"zodiac-pixel-op-li-2100","status":"publish","type":"product","link":"https:\/\/basseinimeistrid.ee\/fi\/pood\/zodiac-pixel-op-li-2100\/","title":{"rendered":"ZODIAC PIXEL OP-LI 2100"},"content":{"rendered":"<p>YKSINKERTAINEN JA T\u00c4YDELLINEN VAPAUS<\/p>\n<p>T\u00e4ysin langaton Zodiac Pixel\u2122 altaanpuhdistusrobotti on eritt\u00e4in kevyt ja helppok\u00e4ytt\u00f6inen. Yksinkertaisella ohjaimella. T\u00e4m\u00e4 robotti soveltuu jopa 7 x 3 metrin altaisiin. LED-akun merkkivalo n\u00e4ytt\u00e4\u00e4 akun varaustason.   <\/p>\n<p>Zodiac Pixel\u2122 -allasrobotti puhdistaa tehokkaasti ja pit\u00e4\u00e4 uima-altaan lattiat puhtaina. Allasrobotin toimintajakso on 90 minuuttia. Optimaalisen k\u00e4ytt\u00f6jakson pituuden, 150 \u03bcm suodatinelementin ja tehokkaan puhdistusharjan ansiosta se poistaa lian nopeasti. L\u00e4pin\u00e4kyv\u00e4n kannen avulla voit tarkistaa suodatins\u00e4ili\u00f6ss\u00e4 olevan lian m\u00e4\u00e4r\u00e4n milloin tahansa. Suodattimeen p\u00e4\u00e4see helposti k\u00e4siksi robotin p\u00e4\u00e4lt\u00e4. T\u00e4m\u00e4 tekee suodattimen puhdistamisesta eritt\u00e4in helppoa. Kun puhdistusjakso on valmis, robotti pys\u00e4htyy altaan sein\u00e4lle, jotta se voidaan helposti poistaa vedest\u00e4. Jos robottia ei poisteta ty\u00f6jakson j\u00e4lkeen, robotti vajoaa ajan my\u00f6t\u00e4 uudelleen pohjaan ja voidaan sitten helposti poistaa vedest\u00e4 mukana tulevalla koukulla.       <\/p>\n<p>EI SUOSITELTU SUOLA-ELEKTROLYYSI-UIMA-ALTAISIIN!<\/p>\n<p>&#8211; Altaat jopa 7 x 3 m<br \/>\n &#8211; Suodatinkori 2 litraa<br \/>\n &#8211; Suodatins\u00e4ili\u00f6 150\u00b5 suodattimella<br \/>\n &#8211; 1 ohjelma 1,5 tuntia<br \/>\n &#8211; L\u00e4pin\u00e4kyv\u00e4 kansi<\/p>\n<ul>\n<li>akun kesto jopa 90 min<\/li>\n<li>akun kapasiteetti 5100 mAh<\/li>\n<\/ul>\n","protected":false},"excerpt":{"rendered":"<p>YKSINKERTAINEN JA T\u00c4YDELLINEN VAPAUS T\u00e4ysin langaton Zodiac Pixel\u2122 altaanpuhdistusrobotti on eritt\u00e4in kevyt ja helppok\u00e4ytt\u00f6inen. Yksinkertaisella ohjaimella. T\u00e4m\u00e4 robotti soveltuu jopa 7 x 3 metrin altaisiin. LED-akun merkkivalo n\u00e4ytt\u00e4\u00e4 akun varaustason. Zodiac Pixel\u2122 -allasrobotti puhdistaa tehokkaasti ja pit\u00e4\u00e4 uima-altaan lattiat puhtaina. Allasrobotin toimintajakso on 90 minuuttia. Optimaalisen k\u00e4ytt\u00f6jakson pituuden, 150 \u03bcm suodatinelementin ja tehokkaan puhdistusharjan ansiosta [&hellip;]<\/p>\n","protected":false},"featured_media":103308,"template":"","meta":{"_et_pb_use_builder":"","_et_pb_old_content":"","_et_gb_content_width":""},"product_brand":[],"product_cat":[110],"product_tag":[],"class_list":{"0":"post-108698","1":"product","2":"type-product","3":"status-publish","4":"has-post-thumbnail","6":"product_cat-allasrobotit","7":"product_shipping_class-kuller-fi","9":"first","10":"instock","11":"taxable","12":"shipping-taxable","13":"purchasable","14":"product-type-variable"},"jetpack_sharing_enabled":true,"_links":{"self":[{"href":"https:\/\/basseinimeistrid.ee\/fi\/wp-json\/wp\/v2\/product\/108698","targetHints":{"allow":["GET"]}}],"collection":[{"href":"https:\/\/basseinimeistrid.ee\/fi\/wp-json\/wp\/v2\/product"}],"about":[{"href":"https:\/\/basseinimeistrid.ee\/fi\/wp-json\/wp\/v2\/types\/product"}],"wp:featuredmedia":[{"embeddable":true,"href":"https:\/\/basseinimeistrid.ee\/fi\/wp-json\/wp\/v2\/media\/103308"}],"wp:attachment":[{"href":"https:\/\/basseinimeistrid.ee\/fi\/wp-json\/wp\/v2\/media?parent=108698"}],"wp:term":[{"taxonomy":"product_brand","embeddable":true,"href":"https:\/\/basseinimeistrid.ee\/fi\/wp-json\/wp\/v2\/product_brand?post=108698"},{"taxonomy":"product_cat","embeddable":true,"href":"https:\/\/basseinimeistrid.ee\/fi\/wp-json\/wp\/v2\/product_cat?post=108698"},{"taxonomy":"product_tag","embeddable":true,"href":"https:\/\/basseinimeistrid.ee\/fi\/wp-json\/wp\/v2\/product_tag?post=108698"}],"curies":[{"name":"wp","href":"https:\/\/api.w.org\/{rel}","templated":true}]}}