{"id":108701,"date":"2025-01-28T07:13:29","date_gmt":"2025-01-28T05:13:29","guid":{"rendered":"https:\/\/basseinimeistrid.ee\/pood\/Ei-luokiteltu\/zodiac-alfa-iq\/"},"modified":"2025-01-28T07:13:29","modified_gmt":"2025-01-28T05:13:29","slug":"zodiac-alfa-iq","status":"publish","type":"product","link":"https:\/\/basseinimeistrid.ee\/fi\/pood\/zodiac-alfa-iq\/","title":{"rendered":"Zodiac Alfa IQ"},"content":{"rendered":"<p>Antureilla ja huippuluokan navigointij\u00e4rjestelm\u00e4ll\u00e4 (Sensor Nav System\u2122) varustettu Alpha iQ\u2122 -allasrobotti konfiguroi itsens\u00e4 uima-altaan jokaisen osan mukaan. Suunnittelemalla ja optimoimalla liikkeesi ja tarvittava siivousaika sen mukaan. Patentoitu sykloniimu takaa eritt\u00e4in tehokkaan ja pitk\u00e4kestoisen imutehon. Patentoidun Lift Systemin ansiosta Alpha iQ\u2122 on kevyempi vedest\u00e4 nostettuna (tyhj\u00e4n\u00e4). Puhdistuksen edistymist\u00e4 voi tarkistaa ja seurata milloin tahansa iAquaLink-mobiilisovelluksen kautta. Alpha iQ\u2122 -optimoinnit ja automaattiset p\u00e4ivitykset voidaan tehd\u00e4 iAquaLink-mobiilisovelluksen kautta. Suodatins\u00e4ili\u00f6n kansi on l\u00e4pin\u00e4kyv\u00e4, joten s\u00e4ili\u00f6n tarvittavan tyhjennyksen suunnittelu ja valvonta on helppoa.      <\/p>\n<p>RA6800 IQ-, RA6900 IQ- ja OA6600 IQ -malleissa on lis\u00e4ksi kaksivaiheinen 150\/60 \u03bc suodatus.<\/p>\n<p>&#8211; Sensor Nav System\u2122 \u00e4lykk\u00e4\u00e4seen ja yksil\u00f6lliseen puhdistukseen<br \/>\n &#8211; Eritt\u00e4in tehokas ja pitk\u00e4kestoinen imu<br \/>\n &#8211; Kevyempi vedest\u00e4 otettuna (Lift System)<br \/>\n &#8211; Yhdistetty WiFi:n kautta: k\u00e4ytt\u00e4j\u00e4yst\u00e4v\u00e4llinen sovellusvalikko ja lis\u00e4ominaisuudet<\/p>\n<p>Mukana:<br \/>\n &#8211; Kuljetus- ja s\u00e4ilytysvaunu.<br \/>\n &#8211; Ohjauspaneeli<br \/>\n &#8211; Suodatins\u00e4ili\u00f6 60 \u03bc suodatuksella (RA6300 IQ, RA6500 IQ, RA6700 IQ, OA6400 IQ).<br \/>\n &#8211; Kaksivaiheinen suodatins\u00e4ili\u00f6 150 \u03bc ja 60 \u03bc suodatuksella (RA6800 IQ, RA6900 IQ, OA6600 IQ).<br \/>\n &#8211; K\u00e4\u00e4ntyv\u00e4 kaapeli (est\u00e4\u00e4 kaapelia kiertym\u00e4st\u00e4 ja sotkeutumasta)<br \/>\n &#8211; Etuharja Contact+<br \/>\n &#8211; ilmainen mobiilisovellus iAqualink<\/p>\n<p>Takuu 4 vuotta<\/p>\n","protected":false},"excerpt":{"rendered":"<p>Antureilla ja huippuluokan navigointij\u00e4rjestelm\u00e4ll\u00e4 (Sensor Nav System\u2122) varustettu Alpha iQ\u2122 -allasrobotti konfiguroi itsens\u00e4 uima-altaan jokaisen osan mukaan. Suunnittelemalla ja optimoimalla liikkeesi ja tarvittava siivousaika sen mukaan. Patentoitu sykloniimu takaa eritt\u00e4in tehokkaan ja pitk\u00e4kestoisen imutehon. Patentoidun Lift Systemin ansiosta Alpha iQ\u2122 on kevyempi vedest\u00e4 nostettuna (tyhj\u00e4n\u00e4). Puhdistuksen edistymist\u00e4 voi tarkistaa ja seurata milloin tahansa iAquaLink-mobiilisovelluksen kautta. [&hellip;]<\/p>\n","protected":false},"featured_media":103285,"template":"","meta":{"_et_pb_use_builder":"","_et_pb_old_content":"","_et_gb_content_width":""},"product_brand":[],"product_cat":[110],"product_tag":[],"class_list":{"0":"post-108701","1":"product","2":"type-product","3":"status-publish","4":"has-post-thumbnail","6":"product_cat-allasrobotit","7":"product_shipping_class-kuller-fi","9":"first","10":"instock","11":"taxable","12":"shipping-taxable","13":"purchasable","14":"product-type-variable"},"jetpack_sharing_enabled":true,"_links":{"self":[{"href":"https:\/\/basseinimeistrid.ee\/fi\/wp-json\/wp\/v2\/product\/108701","targetHints":{"allow":["GET"]}}],"collection":[{"href":"https:\/\/basseinimeistrid.ee\/fi\/wp-json\/wp\/v2\/product"}],"about":[{"href":"https:\/\/basseinimeistrid.ee\/fi\/wp-json\/wp\/v2\/types\/product"}],"wp:featuredmedia":[{"embeddable":true,"href":"https:\/\/basseinimeistrid.ee\/fi\/wp-json\/wp\/v2\/media\/103285"}],"wp:attachment":[{"href":"https:\/\/basseinimeistrid.ee\/fi\/wp-json\/wp\/v2\/media?parent=108701"}],"wp:term":[{"taxonomy":"product_brand","embeddable":true,"href":"https:\/\/basseinimeistrid.ee\/fi\/wp-json\/wp\/v2\/product_brand?post=108701"},{"taxonomy":"product_cat","embeddable":true,"href":"https:\/\/basseinimeistrid.ee\/fi\/wp-json\/wp\/v2\/product_cat?post=108701"},{"taxonomy":"product_tag","embeddable":true,"href":"https:\/\/basseinimeistrid.ee\/fi\/wp-json\/wp\/v2\/product_tag?post=108701"}],"curies":[{"name":"wp","href":"https:\/\/api.w.org\/{rel}","templated":true}]}}