{"id":108710,"date":"2025-01-27T15:05:29","date_gmt":"2025-01-27T13:05:29","guid":{"rendered":"https:\/\/basseinimeistrid.ee\/pood\/Ei-luokiteltu\/zodiac-vortex-4wd\/"},"modified":"2025-01-27T15:05:29","modified_gmt":"2025-01-27T13:05:29","slug":"zodiac-vortex-4wd","status":"publish","type":"product","link":"https:\/\/basseinimeistrid.ee\/fi\/pood\/zodiac-vortex-4wd\/","title":{"rendered":"Zodiac Vortex 4WD"},"content":{"rendered":"<p>Vortex 4WD -robottien sarjassa on Zodiacin patentoitu, eritt\u00e4in tehokas ja jatkuva sykloninen imu. Varustettu 4-py\u00f6r\u00e4vedolla. N\u00e4m\u00e4 robotit sopivat kaikille pinnoille. Ne mukautuvat kaikentyyppisiin uima-altaan viimeistelyyn ja rakenteisiin. Ne kiipe\u00e4v\u00e4t helposti seinille, eiv\u00e4tk\u00e4 ne h\u00e4iritse edes mahdolliset altaan ep\u00e4s\u00e4\u00e4nn\u00f6llisyydet.    <\/p>\n<p>SUPER TEHOKAS 4WD<\/p>\n<ul>\n<li>Tehokas ja jatkuva sykloninen imu.<\/li>\n<li>Robotti kaikille allaspinnoille<\/li>\n<li>Puhdistaa pohjan, sein\u00e4t ja vesilinjan<\/li>\n<li>Vortex 4WD -robotit ovat kaapelik\u00e4ytt\u00f6isi\u00e4 robotteja<\/li>\n<li>Eritt\u00e4in korkea imuteho<\/li>\n<li>Navigointij\u00e4rjestelm\u00e4 ja Aqualink App -ohjaus (vain OV5480 iQ)<\/li>\n<li>7 p\u00e4iv\u00e4n ajastin (vain OV5480 iQ)<\/li>\n<li>Lift System (vain OV5480 iQ)<\/li>\n<\/ul>\n<p>Mukana:<\/p>\n<ul>\n<li>5 litran suodatinkori<\/li>\n<li>100\u00b5 suodatinverkko<\/li>\n<li>Kuljetus\/s\u00e4ilytysvaunu<\/li>\n<li>LED-merkkivalo, kun suodatinkori on t\u00e4ynn\u00e4<\/li>\n<li>K\u00e4\u00e4ntyv\u00e4 kaapeli (OV5300 SW ja OV5480 IQ)<\/li>\n<\/ul>\n<p>Takuu 2 vuotta<\/p>\n","protected":false},"excerpt":{"rendered":"<p>Vortex 4WD -robottien sarjassa on Zodiacin patentoitu, eritt\u00e4in tehokas ja jatkuva sykloninen imu. Varustettu 4-py\u00f6r\u00e4vedolla. N\u00e4m\u00e4 robotit sopivat kaikille pinnoille. Ne mukautuvat kaikentyyppisiin uima-altaan viimeistelyyn ja rakenteisiin. Ne kiipe\u00e4v\u00e4t helposti seinille, eiv\u00e4tk\u00e4 ne h\u00e4iritse edes mahdolliset altaan ep\u00e4s\u00e4\u00e4nn\u00f6llisyydet. SUPER TEHOKAS 4WD Tehokas ja jatkuva sykloninen imu. Robotti kaikille allaspinnoille Puhdistaa pohjan, sein\u00e4t ja vesilinjan Vortex [&hellip;]<\/p>\n","protected":false},"featured_media":103179,"template":"","meta":{"_et_pb_use_builder":"","_et_pb_old_content":"","_et_gb_content_width":""},"product_brand":[],"product_cat":[110],"product_tag":[],"class_list":{"0":"post-108710","1":"product","2":"type-product","3":"status-publish","4":"has-post-thumbnail","6":"product_cat-allasrobotit","7":"product_shipping_class-kuller-fi","9":"first","10":"instock","11":"taxable","12":"shipping-taxable","13":"purchasable","14":"product-type-variable"},"jetpack_sharing_enabled":true,"_links":{"self":[{"href":"https:\/\/basseinimeistrid.ee\/fi\/wp-json\/wp\/v2\/product\/108710","targetHints":{"allow":["GET"]}}],"collection":[{"href":"https:\/\/basseinimeistrid.ee\/fi\/wp-json\/wp\/v2\/product"}],"about":[{"href":"https:\/\/basseinimeistrid.ee\/fi\/wp-json\/wp\/v2\/types\/product"}],"wp:featuredmedia":[{"embeddable":true,"href":"https:\/\/basseinimeistrid.ee\/fi\/wp-json\/wp\/v2\/media\/103179"}],"wp:attachment":[{"href":"https:\/\/basseinimeistrid.ee\/fi\/wp-json\/wp\/v2\/media?parent=108710"}],"wp:term":[{"taxonomy":"product_brand","embeddable":true,"href":"https:\/\/basseinimeistrid.ee\/fi\/wp-json\/wp\/v2\/product_brand?post=108710"},{"taxonomy":"product_cat","embeddable":true,"href":"https:\/\/basseinimeistrid.ee\/fi\/wp-json\/wp\/v2\/product_cat?post=108710"},{"taxonomy":"product_tag","embeddable":true,"href":"https:\/\/basseinimeistrid.ee\/fi\/wp-json\/wp\/v2\/product_tag?post=108710"}],"curies":[{"name":"wp","href":"https:\/\/api.w.org\/{rel}","templated":true}]}}