{"id":108715,"date":"2025-01-27T14:32:46","date_gmt":"2025-01-27T12:32:46","guid":{"rendered":"https:\/\/basseinimeistrid.ee\/pood\/Ei-luokiteltu\/zodiac-voyager-allasrobotti\/"},"modified":"2025-03-15T15:24:57","modified_gmt":"2025-03-15T13:24:57","slug":"zodiac-voyager-allasrobotti","status":"publish","type":"product","link":"https:\/\/basseinimeistrid.ee\/fi\/pood\/zodiac-voyager-allasrobotti\/","title":{"rendered":"Zodiac Voyager -allasrobotti"},"content":{"rendered":"<p>Patentoidulla sykloniimulla varustettu Zodiac VOYAGER\u2122 -robottisarja sopii kaikentyyppisille uima-altaan vuorauksille. Sis\u00e4\u00e4nrakennettujen antureiden ansiosta robotti puhdistaa kaikentyyppiset uima-altaat optimaalisesti ja hallitusti. Robottia (MT 4400 iQ, RE 4600 iQ, RE 4700 iQ) voidaan ohjata my\u00f6s et\u00e4n\u00e4 iAqualink-sovelluksen kautta. Sovelluksen avulla voit asettaa jaksoaikoja ja seurata siivouksen edistymist\u00e4.<br \/>\n VOYAGER\u2122-sarjan robotit (RE 4600 iQ ja RE 4700 iQ) on varustettu patentoidulla Lift System -teknologialla, joka helpottaa huomattavasti robotin poistamista vedest\u00e4. Robotti nousee veden pinnalle ty\u00f6jakson lopussa ja\/tai saatuaan vastaavan tilauksen. Spiraaliharjat ja suuri 23 cm:n imuaukko varmistavat altaan kaikkien osien perusteellisen puhdistuksen.     <\/p>\n<ul>\n<li>Kaksivaiheinen suodatus (paitsi mallit RE 4100, RE 4200).<\/li>\n<li>Optimaalinen puhdistusteho: patentoitu sykloninen imu\/spiraaliharjat\/korkea imuteho.<\/li>\n<li>Integroidut ominaisuudet: suunniteltu kaikkiin uima-altaiden muotoihin ja pintak\u00e4sittelyihin<\/li>\n<li>Valaistu suodatins\u00e4ili\u00f6 (RE 4400 iQ, RE 4600 iQ ja RE 4700 iQ)<\/li>\n<li>Nopeusmittari ja gyroskooppianturit<\/li>\n<li>Helppok\u00e4ytt\u00f6inen: ylh\u00e4\u00e4lt\u00e4 avattava suodatin ja l\u00e4pin\u00e4kyv\u00e4 suodatinluukku (paitsi RE 4100)<\/li>\n<li>3 vuoden takuu<\/li>\n<\/ul>\n<p>Mukana:<br \/>\n &#8211; Ohjauspaneeli<br \/>\n &#8211; Ohjauspaneelin pohja<br \/>\n &#8211; Kaksivaiheinen suodatus 150\/60\u03bc (paitsi RE 4100, RE 4200).<br \/>\n &#8211; RE 4700 IQ -malli on varustettu k\u00e4\u00e4ntyv\u00e4ll\u00e4 kaapelilla (est\u00e4\u00e4 kaapelin kiertymisen ja sotkeutumisen)<\/p>\n","protected":false},"excerpt":{"rendered":"<p>Patentoidulla sykloniimulla varustettu Zodiac VOYAGER\u2122 -robottisarja sopii kaikentyyppisille uima-altaan vuorauksille. Sis\u00e4\u00e4nrakennettujen antureiden ansiosta robotti puhdistaa kaikentyyppiset uima-altaat optimaalisesti ja hallitusti. Robottia (MT 4400 iQ, RE 4600 iQ, RE 4700 iQ) voidaan ohjata my\u00f6s et\u00e4n\u00e4 iAqualink-sovelluksen kautta. Sovelluksen avulla voit asettaa jaksoaikoja ja seurata siivouksen edistymist\u00e4. VOYAGER\u2122-sarjan robotit (RE 4600 iQ ja RE 4700 iQ) on [&hellip;]<\/p>\n","protected":false},"featured_media":103069,"template":"","meta":{"_et_pb_use_builder":"","_et_pb_old_content":"","_et_gb_content_width":""},"product_brand":[],"product_cat":[110],"product_tag":[],"class_list":{"0":"post-108715","1":"product","2":"type-product","3":"status-publish","4":"has-post-thumbnail","6":"product_cat-allasrobotit","7":"product_shipping_class-kuller-fi","9":"first","10":"instock","11":"taxable","12":"shipping-taxable","13":"purchasable","14":"product-type-variable"},"jetpack_sharing_enabled":true,"_links":{"self":[{"href":"https:\/\/basseinimeistrid.ee\/fi\/wp-json\/wp\/v2\/product\/108715","targetHints":{"allow":["GET"]}}],"collection":[{"href":"https:\/\/basseinimeistrid.ee\/fi\/wp-json\/wp\/v2\/product"}],"about":[{"href":"https:\/\/basseinimeistrid.ee\/fi\/wp-json\/wp\/v2\/types\/product"}],"wp:featuredmedia":[{"embeddable":true,"href":"https:\/\/basseinimeistrid.ee\/fi\/wp-json\/wp\/v2\/media\/103069"}],"wp:attachment":[{"href":"https:\/\/basseinimeistrid.ee\/fi\/wp-json\/wp\/v2\/media?parent=108715"}],"wp:term":[{"taxonomy":"product_brand","embeddable":true,"href":"https:\/\/basseinimeistrid.ee\/fi\/wp-json\/wp\/v2\/product_brand?post=108715"},{"taxonomy":"product_cat","embeddable":true,"href":"https:\/\/basseinimeistrid.ee\/fi\/wp-json\/wp\/v2\/product_cat?post=108715"},{"taxonomy":"product_tag","embeddable":true,"href":"https:\/\/basseinimeistrid.ee\/fi\/wp-json\/wp\/v2\/product_tag?post=108715"}],"curies":[{"name":"wp","href":"https:\/\/api.w.org\/{rel}","templated":true}]}}