{"id":108723,"date":"2025-01-27T11:40:49","date_gmt":"2025-01-27T09:40:49","guid":{"rendered":"https:\/\/basseinimeistrid.ee\/pood\/Ei-luokiteltu\/zodiac-sweepy-swy-3500-allasrobotti\/"},"modified":"2025-01-27T11:40:49","modified_gmt":"2025-01-27T09:40:49","slug":"zodiac-sweepy-swy-3500-allasrobotti","status":"publish","type":"product","link":"https:\/\/basseinimeistrid.ee\/fi\/pood\/zodiac-sweepy-swy-3500-allasrobotti\/","title":{"rendered":"Zodiac Sweepy SWY 3500 allasrobotti"},"content":{"rendered":"<p>Zodiac Sweepy on t\u00e4ysautomaattinen uima-allasrobotti, joka sopii kaikentyyppisiin uima-altaisiin. Altaille, joiden enimm\u00e4iskoko on 8 x 4 m. Robotissa on 1 ohjelma, jonka ty\u00f6aika on 2 tuntia ja joka varmistaa pohjan,<br \/>\n seinien ja vesijohtojen puhdistus. Etuharjat ja suuri imusuutin takaavat tehokkaan lian poistamisen ja ker\u00e4\u00e4misen. Robotti on langallinen. Suodatinkoriin p\u00e4\u00e4see k\u00e4siksi laitteen yl\u00e4osasta ja se on eritt\u00e4in helppo puhdistaa.     <\/p>\n<p>&#8211; Altaat jopa 8 x 4 m<br \/>\n &#8211; Kaapelin pituus 14m<br \/>\n &#8211; 1 sykli 2 tuntia<br \/>\n &#8211; Pohja, sein\u00e4 ja vesiviiva<br \/>\n &#8211; 3 litran suodatinkori<br \/>\n &#8211; 100\u00b5 (0,1 mm) mesh-suodatin<\/p>\n","protected":false},"excerpt":{"rendered":"<p>Zodiac Sweepy on t\u00e4ysautomaattinen uima-allasrobotti, joka sopii kaikentyyppisiin uima-altaisiin. Altaille, joiden enimm\u00e4iskoko on 8 x 4 m. Robotissa on 1 ohjelma, jonka ty\u00f6aika on 2 tuntia ja joka varmistaa pohjan, seinien ja vesijohtojen puhdistus. Etuharjat ja suuri imusuutin takaavat tehokkaan lian poistamisen ja ker\u00e4\u00e4misen. Robotti on langallinen. Suodatinkoriin p\u00e4\u00e4see k\u00e4siksi laitteen yl\u00e4osasta ja se on [&hellip;]<\/p>\n","protected":false},"featured_media":103023,"template":"","meta":{"_et_pb_use_builder":"","_et_pb_old_content":"","_et_gb_content_width":""},"product_brand":[],"product_cat":[110],"product_tag":[],"class_list":{"0":"post-108723","1":"product","2":"type-product","3":"status-publish","4":"has-post-thumbnail","6":"product_cat-allasrobotit","7":"product_shipping_class-kuller-fi","9":"first","10":"instock","11":"taxable","12":"shipping-taxable","13":"purchasable","14":"product-type-variable"},"jetpack_sharing_enabled":true,"_links":{"self":[{"href":"https:\/\/basseinimeistrid.ee\/fi\/wp-json\/wp\/v2\/product\/108723","targetHints":{"allow":["GET"]}}],"collection":[{"href":"https:\/\/basseinimeistrid.ee\/fi\/wp-json\/wp\/v2\/product"}],"about":[{"href":"https:\/\/basseinimeistrid.ee\/fi\/wp-json\/wp\/v2\/types\/product"}],"wp:featuredmedia":[{"embeddable":true,"href":"https:\/\/basseinimeistrid.ee\/fi\/wp-json\/wp\/v2\/media\/103023"}],"wp:attachment":[{"href":"https:\/\/basseinimeistrid.ee\/fi\/wp-json\/wp\/v2\/media?parent=108723"}],"wp:term":[{"taxonomy":"product_brand","embeddable":true,"href":"https:\/\/basseinimeistrid.ee\/fi\/wp-json\/wp\/v2\/product_brand?post=108723"},{"taxonomy":"product_cat","embeddable":true,"href":"https:\/\/basseinimeistrid.ee\/fi\/wp-json\/wp\/v2\/product_cat?post=108723"},{"taxonomy":"product_tag","embeddable":true,"href":"https:\/\/basseinimeistrid.ee\/fi\/wp-json\/wp\/v2\/product_tag?post=108723"}],"curies":[{"name":"wp","href":"https:\/\/api.w.org\/{rel}","templated":true}]}}