{"id":108726,"date":"2025-01-27T10:54:48","date_gmt":"2025-01-27T08:54:48","guid":{"rendered":"https:\/\/basseinimeistrid.ee\/pood\/Ei-luokiteltu\/zodiac-tornax-allasrobotti\/"},"modified":"2025-01-27T10:54:48","modified_gmt":"2025-01-27T08:54:48","slug":"zodiac-tornax-allasrobotti","status":"publish","type":"product","link":"https:\/\/basseinimeistrid.ee\/fi\/pood\/zodiac-tornax-allasrobotti\/","title":{"rendered":"Zodiac Tornax -allasrobotti"},"content":{"rendered":"<p>Zodiac TornaX\u2122 -allasrobotti varmistaa tehokkaan ja t\u00e4ysin itsen\u00e4isen puhdistuksen \u00e4lykk\u00e4\u00e4n liikkeens\u00e4 ja py\u00f6riv\u00e4n harjan ansiosta. TornaX\u2122 on kevyt robotti (alkaen 5,5 kg). Sen pieni paino takaa helpon ja nopean ty\u00f6n ilman vaivaa. Tornaxia on helppo k\u00e4ytt\u00e4\u00e4 ja huoltaa. T\u00e4m\u00e4 malli on kaapelirobotti. P\u00e4\u00e4sy suodattimeen laitteesta.     <\/p>\n<p>Tornax-allasrobotit sopivat kaikenmuotoisiin ja -muotoisiin uima-altaisiin.<\/p>\n<p>HUOM! Keraamisilla laatoilla ja lasimosaiikeilla p\u00e4\u00e4llystettyjen uima-altaiden puhdistukseen on suositeltavaa k\u00e4ytt\u00e4\u00e4 t\u00e4h\u00e4n malliin tarkoitettua erikoisharjasarjaa! <\/p>\n<p>&#8211; Altaan lattian tehokas puhdistus.<br \/>\n&#8211; Kevyt, helppok\u00e4ytt\u00f6inen.<br \/>\n&#8211; Suodatin on helppo puhdistaa.<\/p>\n<p>Mukana:<br \/>\n &#8211; Ohjauspaneeli<br \/>\n &#8211; Suodatins\u00e4ili\u00f6 100 \u03bc (0,1 mm) seulalla<br \/>\n &#8211; Ohjauspaneelin pohja<\/p>\n<p>Kuljetus\/s\u00e4ilytysvaunu ja keraamisille liesille sopiva puhdistusharja ovat saatavilla lis\u00e4varusteena.<\/p>\n<p>2 vuoden takuu<\/p>\n","protected":false},"excerpt":{"rendered":"<p>Zodiac TornaX\u2122 -allasrobotti varmistaa tehokkaan ja t\u00e4ysin itsen\u00e4isen puhdistuksen \u00e4lykk\u00e4\u00e4n liikkeens\u00e4 ja py\u00f6riv\u00e4n harjan ansiosta. TornaX\u2122 on kevyt robotti (alkaen 5,5 kg). Sen pieni paino takaa helpon ja nopean ty\u00f6n ilman vaivaa. Tornaxia on helppo k\u00e4ytt\u00e4\u00e4 ja huoltaa. T\u00e4m\u00e4 malli on kaapelirobotti. P\u00e4\u00e4sy suodattimeen laitteesta. Tornax-allasrobotit sopivat kaikenmuotoisiin ja -muotoisiin uima-altaisiin. HUOM! Keraamisilla laatoilla ja [&hellip;]<\/p>\n","protected":false},"featured_media":102960,"template":"","meta":{"_et_pb_use_builder":"","_et_pb_old_content":"","_et_gb_content_width":""},"product_brand":[],"product_cat":[110],"product_tag":[],"class_list":{"0":"post-108726","1":"product","2":"type-product","3":"status-publish","4":"has-post-thumbnail","6":"product_cat-allasrobotit","7":"product_shipping_class-kuller-fi","9":"first","10":"instock","11":"taxable","12":"shipping-taxable","13":"purchasable","14":"product-type-variable"},"jetpack_sharing_enabled":true,"_links":{"self":[{"href":"https:\/\/basseinimeistrid.ee\/fi\/wp-json\/wp\/v2\/product\/108726","targetHints":{"allow":["GET"]}}],"collection":[{"href":"https:\/\/basseinimeistrid.ee\/fi\/wp-json\/wp\/v2\/product"}],"about":[{"href":"https:\/\/basseinimeistrid.ee\/fi\/wp-json\/wp\/v2\/types\/product"}],"wp:featuredmedia":[{"embeddable":true,"href":"https:\/\/basseinimeistrid.ee\/fi\/wp-json\/wp\/v2\/media\/102960"}],"wp:attachment":[{"href":"https:\/\/basseinimeistrid.ee\/fi\/wp-json\/wp\/v2\/media?parent=108726"}],"wp:term":[{"taxonomy":"product_brand","embeddable":true,"href":"https:\/\/basseinimeistrid.ee\/fi\/wp-json\/wp\/v2\/product_brand?post=108726"},{"taxonomy":"product_cat","embeddable":true,"href":"https:\/\/basseinimeistrid.ee\/fi\/wp-json\/wp\/v2\/product_cat?post=108726"},{"taxonomy":"product_tag","embeddable":true,"href":"https:\/\/basseinimeistrid.ee\/fi\/wp-json\/wp\/v2\/product_tag?post=108726"}],"curies":[{"name":"wp","href":"https:\/\/api.w.org\/{rel}","templated":true}]}}