{"id":108734,"date":"2025-01-27T09:37:39","date_gmt":"2025-01-27T07:37:39","guid":{"rendered":"https:\/\/basseinimeistrid.ee\/pood\/Ei-luokiteltu\/aquasphere-asr105-allasrobotti\/"},"modified":"2025-01-27T09:37:39","modified_gmt":"2025-01-27T07:37:39","slug":"aquasphere-asr105-allasrobotti","status":"publish","type":"product","link":"https:\/\/basseinimeistrid.ee\/fi\/pood\/aquasphere-asr105-allasrobotti\/","title":{"rendered":"Aquasphere ASR105 allasrobotti"},"content":{"rendered":"<p>AquaSphere ASR105 on t\u00e4ysautomaattinen uima-allasrobotti eritt\u00e4in hyv\u00e4ll\u00e4 hinta\/laatusuhteella. T\u00e4m\u00e4 robotti sopii kaikille vakiomuotoisille uima-altaille ja kaikentyyppisille uima-altaan viimeistelymateriaaleille. Anturit varmistavat, ett\u00e4 allas on t\u00e4ysin puhdistettu. Soveltuu altaille, joiden koko on 9 x 4 m.   <\/p>\n<ul>\n<li>Paino: 7 kg.<\/li>\n<li>Kaapelin pituus 15 metri\u00e4<\/li>\n<li>1 sykli pohjan, seinien ja vesilinjan puhdistamiseen (2.30h)<\/li>\n<li>Etuharja<\/li>\n<li>Suodatins\u00e4ili\u00f6n tilavuus 3 litraa<\/li>\n<li>150 mikronin (0,15 mm) suodatin<\/li>\n<li>Takuu 2 vuotta.<\/li>\n<\/ul>\n","protected":false},"excerpt":{"rendered":"<p>AquaSphere ASR105 on t\u00e4ysautomaattinen uima-allasrobotti eritt\u00e4in hyv\u00e4ll\u00e4 hinta\/laatusuhteella. T\u00e4m\u00e4 robotti sopii kaikille vakiomuotoisille uima-altaille ja kaikentyyppisille uima-altaan viimeistelymateriaaleille. Anturit varmistavat, ett\u00e4 allas on t\u00e4ysin puhdistettu. Soveltuu altaille, joiden koko on 9 x 4 m. Paino: 7 kg. Kaapelin pituus 15 metri\u00e4 1 sykli pohjan, seinien ja vesilinjan puhdistamiseen (2.30h) Etuharja Suodatins\u00e4ili\u00f6n tilavuus 3 litraa 150 [&hellip;]<\/p>\n","protected":false},"featured_media":103121,"template":"","meta":{"_et_pb_use_builder":"","_et_pb_old_content":"","_et_gb_content_width":""},"product_brand":[],"product_cat":[110],"product_tag":[],"class_list":{"0":"post-108734","1":"product","2":"type-product","3":"status-publish","4":"has-post-thumbnail","6":"product_cat-allasrobotit","7":"product_shipping_class-kuller-fi","9":"first","10":"instock","11":"taxable","12":"shipping-taxable","13":"purchasable","14":"product-type-variable"},"jetpack_sharing_enabled":true,"_links":{"self":[{"href":"https:\/\/basseinimeistrid.ee\/fi\/wp-json\/wp\/v2\/product\/108734","targetHints":{"allow":["GET"]}}],"collection":[{"href":"https:\/\/basseinimeistrid.ee\/fi\/wp-json\/wp\/v2\/product"}],"about":[{"href":"https:\/\/basseinimeistrid.ee\/fi\/wp-json\/wp\/v2\/types\/product"}],"wp:featuredmedia":[{"embeddable":true,"href":"https:\/\/basseinimeistrid.ee\/fi\/wp-json\/wp\/v2\/media\/103121"}],"wp:attachment":[{"href":"https:\/\/basseinimeistrid.ee\/fi\/wp-json\/wp\/v2\/media?parent=108734"}],"wp:term":[{"taxonomy":"product_brand","embeddable":true,"href":"https:\/\/basseinimeistrid.ee\/fi\/wp-json\/wp\/v2\/product_brand?post=108734"},{"taxonomy":"product_cat","embeddable":true,"href":"https:\/\/basseinimeistrid.ee\/fi\/wp-json\/wp\/v2\/product_cat?post=108734"},{"taxonomy":"product_tag","embeddable":true,"href":"https:\/\/basseinimeistrid.ee\/fi\/wp-json\/wp\/v2\/product_tag?post=108734"}],"curies":[{"name":"wp","href":"https:\/\/api.w.org\/{rel}","templated":true}]}}