{"id":108909,"date":"2025-03-02T11:06:17","date_gmt":"2025-03-02T09:06:17","guid":{"rendered":"https:\/\/basseinimeistrid.ee\/pood\/Ei-luokiteltu\/aquaforte-wf-kaskadi\/"},"modified":"2025-03-16T10:24:38","modified_gmt":"2025-03-16T08:24:38","slug":"aquaforte-wf-kaskadi","status":"publish","type":"product","link":"https:\/\/basseinimeistrid.ee\/fi\/pood\/aquaforte-wf-kaskadi\/","title":{"rendered":"AquaForte WF -kaskadi"},"content":{"rendered":"<h4>AquaForte WF ruostumattomasta ter\u00e4ksest\u00e4 valmistetut kaskadit, vesiputoukset.<\/h4>\n<p>Kaskadielementit korkealaatuisesta ruostumattomasta ter\u00e4ksest\u00e4. Saatavana kolmea pituutta: 300, 600 ja 900 mm. Liit\u00e4nt\u00e4 1&#8243; sis\u00e4kierre. Liit\u00e4nt\u00e4mahdollisuus pohjassa ja takana. Sarja sis\u00e4lt\u00e4\u00e4 1&#8243; korkin yhden aukon sulkemiseen ja 1&#8243; ulkokierteisen letkun suuttimen 25\/32\/38mm letkun liitt\u00e4miseen. Lis\u00e4ksi kaksi tiivistett\u00e4 korkille ja letkusuuttimelle.<\/p>\n<p>Suositeltu vesim\u00e4\u00e4r\u00e4 1100L\/h per 10cm varren pituus, eli:<\/p>\n<ul>\n<li>WF-30 noin 3,3 m\u00b3\/h<\/li>\n<li>WF-60 noin 6,6m\u00b3\/h<\/li>\n<li>WF-90 noin 9,9m\u00b3\/h<\/li>\n<\/ul>\n","protected":false},"excerpt":{"rendered":"<p>AquaForte WF ruostumattomasta ter\u00e4ksest\u00e4 valmistetut kaskadit, vesiputoukset. Kaskadielementit korkealaatuisesta ruostumattomasta ter\u00e4ksest\u00e4. Saatavana kolmea pituutta: 300, 600 ja 900 mm. Liit\u00e4nt\u00e4 1&#8243; sis\u00e4kierre. Liit\u00e4nt\u00e4mahdollisuus pohjassa ja takana. Sarja sis\u00e4lt\u00e4\u00e4 1&#8243; korkin yhden aukon sulkemiseen ja 1&#8243; ulkokierteisen letkun suuttimen 25\/32\/38mm letkun liitt\u00e4miseen. Lis\u00e4ksi kaksi tiivistett\u00e4 korkille ja letkusuuttimelle. Suositeltu vesim\u00e4\u00e4r\u00e4 1100L\/h per 10cm varren pituus, eli: [&hellip;]<\/p>\n","protected":false},"featured_media":108764,"template":"","meta":{"_et_pb_use_builder":"","_et_pb_old_content":"","_et_gb_content_width":""},"product_brand":[],"product_cat":[208],"product_tag":[],"class_list":{"0":"post-108909","1":"product","2":"type-product","3":"status-publish","4":"has-post-thumbnail","6":"product_cat-vesiputouksia","7":"product_shipping_class-kuller-fi","9":"first","10":"instock","11":"taxable","12":"shipping-taxable","13":"purchasable","14":"product-type-simple"},"jetpack_sharing_enabled":true,"_links":{"self":[{"href":"https:\/\/basseinimeistrid.ee\/fi\/wp-json\/wp\/v2\/product\/108909","targetHints":{"allow":["GET"]}}],"collection":[{"href":"https:\/\/basseinimeistrid.ee\/fi\/wp-json\/wp\/v2\/product"}],"about":[{"href":"https:\/\/basseinimeistrid.ee\/fi\/wp-json\/wp\/v2\/types\/product"}],"wp:featuredmedia":[{"embeddable":true,"href":"https:\/\/basseinimeistrid.ee\/fi\/wp-json\/wp\/v2\/media\/108764"}],"wp:attachment":[{"href":"https:\/\/basseinimeistrid.ee\/fi\/wp-json\/wp\/v2\/media?parent=108909"}],"wp:term":[{"taxonomy":"product_brand","embeddable":true,"href":"https:\/\/basseinimeistrid.ee\/fi\/wp-json\/wp\/v2\/product_brand?post=108909"},{"taxonomy":"product_cat","embeddable":true,"href":"https:\/\/basseinimeistrid.ee\/fi\/wp-json\/wp\/v2\/product_cat?post=108909"},{"taxonomy":"product_tag","embeddable":true,"href":"https:\/\/basseinimeistrid.ee\/fi\/wp-json\/wp\/v2\/product_tag?post=108909"}],"curies":[{"name":"wp","href":"https:\/\/api.w.org\/{rel}","templated":true}]}}