{"id":108910,"date":"2025-03-02T11:50:09","date_gmt":"2025-03-02T09:50:09","guid":{"rendered":"https:\/\/basseinimeistrid.ee\/pood\/Ei-luokiteltu\/pvc-pinnoitettu-galvanoitu-nauha\/"},"modified":"2025-03-14T06:53:22","modified_gmt":"2025-03-14T04:53:22","slug":"pvc-pinnoitettu-galvanoitu-nauha","status":"publish","type":"product","link":"https:\/\/basseinimeistrid.ee\/fi\/pood\/pvc-pinnoitettu-galvanoitu-nauha\/","title":{"rendered":"PVC-pinnoitettu galvanoitu nauha"},"content":{"rendered":"<p id=\"tw-target-text\" class=\"tw-data-text tw-text-large tw-ta\" dir=\"ltr\" data-placeholder=\"T\u00f5lge\" data-ved=\"2ahUKEwjvsOe8huuLAxUtKRAIHapHEusQ3ewLegQICBAV\" aria-label=\"T\u00f5lgitud tekst: M\u00e4rkus: 150\/100 \u00b0 voodri kokkupanemisel rippuva kinnitusega 8 mm ribaga on tarvikud samad, mis 75\/100 voodri jaoks. Tarvikud 150\/100 \u00b0 voodri jaoks\"><span class=\"Y2IQFc\" lang=\"et\">Tarvikkeet 150\/100\u00b0 vuoraukseen. Galvanoitu 5x200cm   <\/span>metallinauha PVC-pinnoitteella. Esimerkiksi uima-allaskalvojen yl\u00e4reunan kiinnitt\u00e4miseen rakenteisiin. Sarja sis\u00e4lt\u00e4\u00e4 my\u00f6s 2 m pitk\u00e4n, 8 mm leve\u00e4n l\u00e4pin\u00e4kyv\u00e4n nauhan.  <\/p>\n","protected":false},"excerpt":{"rendered":"<p>Tarvikkeet 150\/100\u00b0 vuoraukseen. Galvanoitu 5x200cm metallinauha PVC-pinnoitteella. Esimerkiksi uima-allaskalvojen yl\u00e4reunan kiinnitt\u00e4miseen rakenteisiin. Sarja sis\u00e4lt\u00e4\u00e4 my\u00f6s 2 m pitk\u00e4n, 8 mm leve\u00e4n l\u00e4pin\u00e4kyv\u00e4n nauhan.<\/p>\n","protected":false},"featured_media":108783,"template":"","meta":{"_et_pb_use_builder":"","_et_pb_old_content":"","_et_gb_content_width":""},"product_brand":[],"product_cat":[219],"product_tag":[],"class_list":{"0":"post-108910","1":"product","2":"type-product","3":"status-publish","4":"has-post-thumbnail","6":"product_cat-allasvuorauksen-tarvikkeet","7":"product_shipping_class-kuller-fi","9":"first","10":"instock","11":"taxable","12":"shipping-taxable","13":"purchasable","14":"product-type-simple"},"jetpack_sharing_enabled":true,"_links":{"self":[{"href":"https:\/\/basseinimeistrid.ee\/fi\/wp-json\/wp\/v2\/product\/108910","targetHints":{"allow":["GET"]}}],"collection":[{"href":"https:\/\/basseinimeistrid.ee\/fi\/wp-json\/wp\/v2\/product"}],"about":[{"href":"https:\/\/basseinimeistrid.ee\/fi\/wp-json\/wp\/v2\/types\/product"}],"wp:featuredmedia":[{"embeddable":true,"href":"https:\/\/basseinimeistrid.ee\/fi\/wp-json\/wp\/v2\/media\/108783"}],"wp:attachment":[{"href":"https:\/\/basseinimeistrid.ee\/fi\/wp-json\/wp\/v2\/media?parent=108910"}],"wp:term":[{"taxonomy":"product_brand","embeddable":true,"href":"https:\/\/basseinimeistrid.ee\/fi\/wp-json\/wp\/v2\/product_brand?post=108910"},{"taxonomy":"product_cat","embeddable":true,"href":"https:\/\/basseinimeistrid.ee\/fi\/wp-json\/wp\/v2\/product_cat?post=108910"},{"taxonomy":"product_tag","embeddable":true,"href":"https:\/\/basseinimeistrid.ee\/fi\/wp-json\/wp\/v2\/product_tag?post=108910"}],"curies":[{"name":"wp","href":"https:\/\/api.w.org\/{rel}","templated":true}]}}