{"id":108913,"date":"2025-03-02T13:50:49","date_gmt":"2025-03-02T11:50:49","guid":{"rendered":"https:\/\/basseinimeistrid.ee\/pood\/Ei-luokiteltu\/astralpool-test-kit-cl-br-ph-dpd-p\/"},"modified":"2025-03-14T06:51:23","modified_gmt":"2025-03-14T04:51:23","slug":"astralpool-test-kit-cl-br-ph-dpd-p","status":"publish","type":"product","link":"https:\/\/basseinimeistrid.ee\/fi\/pood\/astralpool-test-kit-cl-br-ph-dpd-p\/","title":{"rendered":"Astralpool Test Kit Cl\/Br\/Ph (DPD-P)"},"content":{"rendered":"<p>Kloori-, bromi- ja pH-testaussarja allasvedelle. Sarja sis\u00e4lt\u00e4\u00e4 20 DPD-tablettia kloori- ja bromi- tasojen mittaamiseen ja 20 fenolitablettia pH-tasojen mittaamiseen. Setti k\u00e4tev\u00e4ll\u00e4 muovilaatikolla.  <\/p>\n","protected":false},"excerpt":{"rendered":"<p>Kloori-, bromi- ja pH-testaussarja allasvedelle. Sarja sis\u00e4lt\u00e4\u00e4 20 DPD-tablettia kloori- ja bromi- tasojen mittaamiseen ja 20 fenolitablettia pH-tasojen mittaamiseen. Setti k\u00e4tev\u00e4ll\u00e4 muovilaatikolla.<\/p>\n","protected":false},"featured_media":108816,"template":"","meta":{"_et_pb_use_builder":"","_et_pb_old_content":"","_et_gb_content_width":""},"product_brand":[],"product_cat":[118],"product_tag":[],"class_list":{"0":"post-108913","1":"product","2":"type-product","3":"status-publish","4":"has-post-thumbnail","6":"product_cat-uima-altaan-tarvikkeet","7":"product_shipping_class-pakiautomaat-fi","9":"first","10":"instock","11":"taxable","12":"shipping-taxable","13":"purchasable","14":"product-type-simple"},"jetpack_sharing_enabled":true,"_links":{"self":[{"href":"https:\/\/basseinimeistrid.ee\/fi\/wp-json\/wp\/v2\/product\/108913","targetHints":{"allow":["GET"]}}],"collection":[{"href":"https:\/\/basseinimeistrid.ee\/fi\/wp-json\/wp\/v2\/product"}],"about":[{"href":"https:\/\/basseinimeistrid.ee\/fi\/wp-json\/wp\/v2\/types\/product"}],"wp:featuredmedia":[{"embeddable":true,"href":"https:\/\/basseinimeistrid.ee\/fi\/wp-json\/wp\/v2\/media\/108816"}],"wp:attachment":[{"href":"https:\/\/basseinimeistrid.ee\/fi\/wp-json\/wp\/v2\/media?parent=108913"}],"wp:term":[{"taxonomy":"product_brand","embeddable":true,"href":"https:\/\/basseinimeistrid.ee\/fi\/wp-json\/wp\/v2\/product_brand?post=108913"},{"taxonomy":"product_cat","embeddable":true,"href":"https:\/\/basseinimeistrid.ee\/fi\/wp-json\/wp\/v2\/product_cat?post=108913"},{"taxonomy":"product_tag","embeddable":true,"href":"https:\/\/basseinimeistrid.ee\/fi\/wp-json\/wp\/v2\/product_tag?post=108913"}],"curies":[{"name":"wp","href":"https:\/\/api.w.org\/{rel}","templated":true}]}}