{"id":108914,"date":"2025-03-02T14:15:37","date_gmt":"2025-03-02T12:15:37","guid":{"rendered":"https:\/\/basseinimeistrid.ee\/pood\/Ei-luokiteltu\/aquaforte-aqualoon-suodatin-32mm\/"},"modified":"2025-03-10T23:34:22","modified_gmt":"2025-03-10T21:34:22","slug":"aquaforte-aqualoon-suodatin-32mm","status":"publish","type":"product","link":"https:\/\/basseinimeistrid.ee\/fi\/pood\/aquaforte-aqualoon-suodatin-32mm\/","title":{"rendered":"AquaForte Aqualoon -suodatin 3,5 m\u00b3\/h"},"content":{"rendered":"<h4 class=\"text-xl mb-1 md:text-3xl text-primary title-font\">AquaForte Aqualoon patruunasuodatin 3,5m\u00b3\/h 100W<\/h4>\n<p>Yksinkertainen pieni vedensuodatin maanp\u00e4\u00e4lliseen minialtaaseen, pieneen kokoontaitettavaan uima-altaaseen, pieneen kylpytynnyriin, pieneen porealtaaseen jne. Sopii k\u00e4ytett\u00e4v\u00e4ksi esimerkiksi miniker\u00e4imen tai minipohjaloukun kanssa. Sarja sis\u00e4lt\u00e4\u00e4 2 x 1m 32mm letkua, 4 x muoviset letkunkiristimet. Suodattimessa on 3500 l\/min kiertovesipumppu. Aqualoon-suodatinmateriaali (70g sis\u00e4ltyy pakkaukseen). Veden maksimil\u00e4mp\u00f6tila 35\u00b0C.<\/p>\n<p>Aqualoon: ainutlaatuinen suodatinmateriaali patruuna- ja hiekkasuodattimille. Polyeteenikuitumateriaalia olevat pallot. Suodatuskapasiteetti jopa 3 mikronia. Pystyy my\u00f6s vangitsemaan rasvoja. Materiaali on uudelleenk\u00e4ytett\u00e4v\u00e4, konepest\u00e4v\u00e4. 700g paketti ostettavissa. sitten t\u00e4lle tietylle suodattimelle 10 suodatinlatausta.<\/p>\n","protected":false},"excerpt":{"rendered":"<p>AquaForte Aqualoon patruunasuodatin 3,5m\u00b3\/h 100W Yksinkertainen pieni vedensuodatin maanp\u00e4\u00e4lliseen minialtaaseen, pieneen kokoontaitettavaan uima-altaaseen, pieneen kylpytynnyriin, pieneen porealtaaseen jne. Sopii k\u00e4ytett\u00e4v\u00e4ksi esimerkiksi miniker\u00e4imen tai minipohjaloukun kanssa. Sarja sis\u00e4lt\u00e4\u00e4 2 x 1m 32mm letkua, 4 x muoviset letkunkiristimet. Suodattimessa on 3500 l\/min kiertovesipumppu. Aqualoon-suodatinmateriaali (70g sis\u00e4ltyy pakkaukseen). Veden maksimil\u00e4mp\u00f6tila 35\u00b0C. Aqualoon: ainutlaatuinen suodatinmateriaali patruuna- ja hiekkasuodattimille. Polyeteenikuitumateriaalia [&hellip;]<\/p>\n","protected":false},"featured_media":108829,"template":"","meta":{"_et_pb_use_builder":"","_et_pb_old_content":"","_et_gb_content_width":""},"product_brand":[],"product_cat":[129],"product_tag":[],"class_list":{"0":"post-108914","1":"product","2":"type-product","3":"status-publish","4":"has-post-thumbnail","6":"product_cat-tynnyreille-ja-ammeille","7":"product_shipping_class-pakiautomaat-fi","9":"first","10":"instock","11":"taxable","12":"shipping-taxable","13":"purchasable","14":"product-type-simple"},"jetpack_sharing_enabled":true,"_links":{"self":[{"href":"https:\/\/basseinimeistrid.ee\/fi\/wp-json\/wp\/v2\/product\/108914","targetHints":{"allow":["GET"]}}],"collection":[{"href":"https:\/\/basseinimeistrid.ee\/fi\/wp-json\/wp\/v2\/product"}],"about":[{"href":"https:\/\/basseinimeistrid.ee\/fi\/wp-json\/wp\/v2\/types\/product"}],"wp:featuredmedia":[{"embeddable":true,"href":"https:\/\/basseinimeistrid.ee\/fi\/wp-json\/wp\/v2\/media\/108829"}],"wp:attachment":[{"href":"https:\/\/basseinimeistrid.ee\/fi\/wp-json\/wp\/v2\/media?parent=108914"}],"wp:term":[{"taxonomy":"product_brand","embeddable":true,"href":"https:\/\/basseinimeistrid.ee\/fi\/wp-json\/wp\/v2\/product_brand?post=108914"},{"taxonomy":"product_cat","embeddable":true,"href":"https:\/\/basseinimeistrid.ee\/fi\/wp-json\/wp\/v2\/product_cat?post=108914"},{"taxonomy":"product_tag","embeddable":true,"href":"https:\/\/basseinimeistrid.ee\/fi\/wp-json\/wp\/v2\/product_tag?post=108914"}],"curies":[{"name":"wp","href":"https:\/\/api.w.org\/{rel}","templated":true}]}}