{"id":108915,"date":"2025-03-02T14:30:13","date_gmt":"2025-03-02T12:30:13","guid":{"rendered":"https:\/\/basseinimeistrid.ee\/pood\/Ei-luokiteltu\/aqualoon-suodatinmateriaali\/"},"modified":"2025-03-14T06:48:10","modified_gmt":"2025-03-14T04:48:10","slug":"aqualoon-suodatinmateriaali","status":"publish","type":"product","link":"https:\/\/basseinimeistrid.ee\/fi\/pood\/aqualoon-suodatinmateriaali\/","title":{"rendered":"Aqualoon-suodatinmateriaali"},"content":{"rendered":"<h4>Aqualoon-suodatinmateriaali<\/h4>\n<p>Aqualoon: uusi ja ainutlaatuinen suodatinmateriaali patruuna- ja hiekkasuodattimille. Polyeteenikuitumateriaalia olevat pallot. Suodatuskapasiteetti jopa 3 mikronia. Pystyy muun muassa sieppaamaan rasvoja. Materiaali on uudelleenk\u00e4ytett\u00e4v\u00e4, konepest\u00e4v\u00e4. 700 g Aqualoonia korvaa noin 25 kg suodatinhiekkaa. Sopii erityisesti pieneen uima-altaaseen, porealtaaseen, kylpytynnyriin, kokoontaitettavaan patioaltaaseen jne. koska et tarvitse tehokasta pumppua (hiekka)suodattimen pesuun. Suodatinmateriaali on kevytt\u00e4 ja mahdollistaa suodatins\u00e4ili\u00f6n helposti siirt\u00e4misen sis\u00e4tiloihin jne. kauden lopussa.        <\/p>\n","protected":false},"excerpt":{"rendered":"<p>Aqualoon-suodatinmateriaali Aqualoon: uusi ja ainutlaatuinen suodatinmateriaali patruuna- ja hiekkasuodattimille. Polyeteenikuitumateriaalia olevat pallot. Suodatuskapasiteetti jopa 3 mikronia. Pystyy muun muassa sieppaamaan rasvoja. Materiaali on uudelleenk\u00e4ytett\u00e4v\u00e4, konepest\u00e4v\u00e4. 700 g Aqualoonia korvaa noin 25 kg suodatinhiekkaa. Sopii erityisesti pieneen uima-altaaseen, porealtaaseen, kylpytynnyriin, kokoontaitettavaan patioaltaaseen jne. koska et tarvitse tehokasta pumppua (hiekka)suodattimen pesuun. Suodatinmateriaali on kevytt\u00e4 ja mahdollistaa suodatins\u00e4ili\u00f6n [&hellip;]<\/p>\n","protected":false},"featured_media":108840,"template":"","meta":{"_et_pb_use_builder":"","_et_pb_old_content":"","_et_gb_content_width":""},"product_brand":[],"product_cat":[212,129],"product_tag":[],"class_list":{"0":"post-108915","1":"product","2":"type-product","3":"status-publish","4":"has-post-thumbnail","6":"product_cat-suodatintarvikkeet","7":"product_cat-tynnyreille-ja-ammeille","8":"product_shipping_class-pakiautomaat-fi","10":"first","11":"instock","12":"taxable","13":"shipping-taxable","14":"purchasable","15":"product-type-simple"},"jetpack_sharing_enabled":true,"_links":{"self":[{"href":"https:\/\/basseinimeistrid.ee\/fi\/wp-json\/wp\/v2\/product\/108915","targetHints":{"allow":["GET"]}}],"collection":[{"href":"https:\/\/basseinimeistrid.ee\/fi\/wp-json\/wp\/v2\/product"}],"about":[{"href":"https:\/\/basseinimeistrid.ee\/fi\/wp-json\/wp\/v2\/types\/product"}],"wp:featuredmedia":[{"embeddable":true,"href":"https:\/\/basseinimeistrid.ee\/fi\/wp-json\/wp\/v2\/media\/108840"}],"wp:attachment":[{"href":"https:\/\/basseinimeistrid.ee\/fi\/wp-json\/wp\/v2\/media?parent=108915"}],"wp:term":[{"taxonomy":"product_brand","embeddable":true,"href":"https:\/\/basseinimeistrid.ee\/fi\/wp-json\/wp\/v2\/product_brand?post=108915"},{"taxonomy":"product_cat","embeddable":true,"href":"https:\/\/basseinimeistrid.ee\/fi\/wp-json\/wp\/v2\/product_cat?post=108915"},{"taxonomy":"product_tag","embeddable":true,"href":"https:\/\/basseinimeistrid.ee\/fi\/wp-json\/wp\/v2\/product_tag?post=108915"}],"curies":[{"name":"wp","href":"https:\/\/api.w.org\/{rel}","templated":true}]}}