{"id":108917,"date":"2025-03-02T19:09:33","date_gmt":"2025-03-02T17:09:33","guid":{"rendered":"https:\/\/basseinimeistrid.ee\/pood\/Ei-luokiteltu\/aquaforte-aqualoon-filter-65m%c2%b3-h\/"},"modified":"2025-03-14T06:46:25","modified_gmt":"2025-03-14T04:46:25","slug":"aquaforte-aqualoon-filter-65m%c2%b3-h","status":"publish","type":"product","link":"https:\/\/basseinimeistrid.ee\/fi\/pood\/aquaforte-aqualoon-filter-65m%c2%b3-h\/","title":{"rendered":"AquaForte Aqualoon filter 6,5m\u00b3\/h"},"content":{"rendered":"<h4 class=\"text-xl mb-1 md:text-3xl text-primary title-font\">AquaForte Aqualoon filter max 6,5m\u00b3\/h 300W<\/h4>\n<p>Yksinkertainen pieni vedensuodatinsarja maanp\u00e4\u00e4lliseen uima-altaaseen, pudotusaltaaseen, kylpytynnyriin, porealtaaseen jne. Sopii k\u00e4ytett\u00e4v\u00e4ksi esimerkiksi miniker\u00e4imen tai minipohjaloukun kanssa. Sarja sis\u00e4lt\u00e4\u00e4 suodattimen, suodatinmateriaalin, suodatinpumpun, joustavan putken pumpun ja suodattimen v\u00e4lill\u00e4, letkuliit\u00e4nn\u00e4t pumppuun tuloa ja suodattimen ulostuloa varten (32\/38mm). Veden maksimil\u00e4mp\u00f6tila 35\u00b0C. Aqualoon-suodatinmateriaali (mukana). Suurin paineenkesto 1,5 bar. CE\/GS-merkinn\u00e4t. Pistoke vikavirtasuojalla.       <\/p>\n<p>Aqualoon: ainutlaatuinen suodatinmateriaali patruuna- ja hiekkasuodattimille. Polyeteenikuitumateriaalia olevat pallot. Suodatuskapasiteetti jopa 3 mikronia. Pystyy my\u00f6s vangitsemaan rasvoja. Materiaali on uudelleenk\u00e4ytett\u00e4v\u00e4\u00e4 ja konepest\u00e4v\u00e4\u00e4.    <\/p>\n","protected":false},"excerpt":{"rendered":"<p>AquaForte Aqualoon filter max 6,5m\u00b3\/h 300W Yksinkertainen pieni vedensuodatinsarja maanp\u00e4\u00e4lliseen uima-altaaseen, pudotusaltaaseen, kylpytynnyriin, porealtaaseen jne. Sopii k\u00e4ytett\u00e4v\u00e4ksi esimerkiksi miniker\u00e4imen tai minipohjaloukun kanssa. Sarja sis\u00e4lt\u00e4\u00e4 suodattimen, suodatinmateriaalin, suodatinpumpun, joustavan putken pumpun ja suodattimen v\u00e4lill\u00e4, letkuliit\u00e4nn\u00e4t pumppuun tuloa ja suodattimen ulostuloa varten (32\/38mm). Veden maksimil\u00e4mp\u00f6tila 35\u00b0C. Aqualoon-suodatinmateriaali (mukana). Suurin paineenkesto 1,5 bar. CE\/GS-merkinn\u00e4t. Pistoke vikavirtasuojalla. Aqualoon: ainutlaatuinen [&hellip;]<\/p>\n","protected":false},"featured_media":108885,"template":"","meta":{"_et_pb_use_builder":"","_et_pb_old_content":"","_et_gb_content_width":""},"product_brand":[],"product_cat":[129],"product_tag":[],"class_list":{"0":"post-108917","1":"product","2":"type-product","3":"status-publish","4":"has-post-thumbnail","6":"product_cat-tynnyreille-ja-ammeille","7":"product_shipping_class-kuller-fi","9":"first","10":"instock","11":"taxable","12":"shipping-taxable","13":"purchasable","14":"product-type-simple"},"jetpack_sharing_enabled":true,"_links":{"self":[{"href":"https:\/\/basseinimeistrid.ee\/fi\/wp-json\/wp\/v2\/product\/108917","targetHints":{"allow":["GET"]}}],"collection":[{"href":"https:\/\/basseinimeistrid.ee\/fi\/wp-json\/wp\/v2\/product"}],"about":[{"href":"https:\/\/basseinimeistrid.ee\/fi\/wp-json\/wp\/v2\/types\/product"}],"wp:featuredmedia":[{"embeddable":true,"href":"https:\/\/basseinimeistrid.ee\/fi\/wp-json\/wp\/v2\/media\/108885"}],"wp:attachment":[{"href":"https:\/\/basseinimeistrid.ee\/fi\/wp-json\/wp\/v2\/media?parent=108917"}],"wp:term":[{"taxonomy":"product_brand","embeddable":true,"href":"https:\/\/basseinimeistrid.ee\/fi\/wp-json\/wp\/v2\/product_brand?post=108917"},{"taxonomy":"product_cat","embeddable":true,"href":"https:\/\/basseinimeistrid.ee\/fi\/wp-json\/wp\/v2\/product_cat?post=108917"},{"taxonomy":"product_tag","embeddable":true,"href":"https:\/\/basseinimeistrid.ee\/fi\/wp-json\/wp\/v2\/product_tag?post=108917"}],"curies":[{"name":"wp","href":"https:\/\/api.w.org\/{rel}","templated":true}]}}