{"id":108974,"date":"2025-03-02T20:21:01","date_gmt":"2025-03-02T18:21:01","guid":{"rendered":"https:\/\/basseinimeistrid.ee\/pood\/Ei-luokiteltu\/astralpoolin-yleisesisuodatin\/"},"modified":"2025-03-10T21:39:08","modified_gmt":"2025-03-10T19:39:08","slug":"astralpoolin-yleisesisuodatin","status":"publish","type":"product","link":"https:\/\/basseinimeistrid.ee\/fi\/pood\/astralpoolin-yleisesisuodatin\/","title":{"rendered":"Astralpoolin yleisesisuodatin"},"content":{"rendered":"<h4>Astralpoolin yleisesisuodatin<\/h4>\n<p>Soveltuu lis\u00e4asennukseen ulkoaltaiden pumppulinjan eteen suurempien hiukkasten (lehtien, k\u00e4pyjen, piikkej\u00e4 jne.) ker\u00e4\u00e4miseksi. 2 \u00bc ulkokierre 2 \u00be&#8221; sis\u00e4kierre. <\/p>\n","protected":false},"excerpt":{"rendered":"<p>Astralpoolin yleisesisuodatin Soveltuu lis\u00e4asennukseen ulkoaltaiden pumppulinjan eteen suurempien hiukkasten (lehtien, k\u00e4pyjen, piikkej\u00e4 jne.) ker\u00e4\u00e4miseksi. 2 \u00bc ulkokierre 2 \u00be&#8221; sis\u00e4kierre.<\/p>\n","protected":false},"featured_media":108925,"template":"","meta":{"_et_pb_use_builder":"","_et_pb_old_content":"","_et_gb_content_width":""},"product_brand":[],"product_cat":[220],"product_tag":[],"class_list":{"0":"post-108974","1":"product","2":"type-product","3":"status-publish","4":"has-post-thumbnail","6":"product_cat-allaspumppujen-tarvikkeet","7":"product_shipping_class-pakiautomaat-fi","9":"first","10":"instock","11":"taxable","12":"shipping-taxable","13":"purchasable","14":"product-type-simple"},"jetpack_sharing_enabled":true,"_links":{"self":[{"href":"https:\/\/basseinimeistrid.ee\/fi\/wp-json\/wp\/v2\/product\/108974","targetHints":{"allow":["GET"]}}],"collection":[{"href":"https:\/\/basseinimeistrid.ee\/fi\/wp-json\/wp\/v2\/product"}],"about":[{"href":"https:\/\/basseinimeistrid.ee\/fi\/wp-json\/wp\/v2\/types\/product"}],"wp:featuredmedia":[{"embeddable":true,"href":"https:\/\/basseinimeistrid.ee\/fi\/wp-json\/wp\/v2\/media\/108925"}],"wp:attachment":[{"href":"https:\/\/basseinimeistrid.ee\/fi\/wp-json\/wp\/v2\/media?parent=108974"}],"wp:term":[{"taxonomy":"product_brand","embeddable":true,"href":"https:\/\/basseinimeistrid.ee\/fi\/wp-json\/wp\/v2\/product_brand?post=108974"},{"taxonomy":"product_cat","embeddable":true,"href":"https:\/\/basseinimeistrid.ee\/fi\/wp-json\/wp\/v2\/product_cat?post=108974"},{"taxonomy":"product_tag","embeddable":true,"href":"https:\/\/basseinimeistrid.ee\/fi\/wp-json\/wp\/v2\/product_tag?post=108974"}],"curies":[{"name":"wp","href":"https:\/\/api.w.org\/{rel}","templated":true}]}}