{"id":108976,"date":"2025-03-02T21:33:35","date_gmt":"2025-03-02T19:33:35","guid":{"rendered":"https:\/\/basseinimeistrid.ee\/pood\/Ei-luokiteltu\/aquaforte-stainless-steel-bioskimmer\/"},"modified":"2025-03-10T21:39:04","modified_gmt":"2025-03-10T19:39:04","slug":"aquaforte-stainless-steel-bioskimmer","status":"publish","type":"product","link":"https:\/\/basseinimeistrid.ee\/fi\/pood\/aquaforte-stainless-steel-bioskimmer\/","title":{"rendered":"AquaForte Stainless Steel Bioskimmer"},"content":{"rendered":"<p id=\"tw-target-text\" class=\"tw-data-text tw-text-large tw-ta\" dir=\"ltr\" data-placeholder=\"T\u00f5lge\" data-ved=\"2ahUKEwjDya_5qN-LAxUYU1UIHTRMGm4Q3ewLegQIChAV\" aria-label=\"T\u00f5lgitud tekst: Professionaalne roostevabast terasest skimmer madalate tsoonide ja\/v\u00f5i taimefiltritega (ujumis)tiikidele. Varustatud \u00d8110 mm \u00fchendusega raskusj\u00f5u seadistamiseks. Saab h\u00f5lpsasti kasutada ka pumba imemiseks painduva liitmikuga \u00d8110mm kuni \u00d863mm (FC147). Varustatud roostevabast terasest kurna korviga. Minimaalne paigaldusk\u00f5rgus 375mm, max. (kogu) k\u00f5rgus ujuvr\u00f5ngas 550mm.\"><span class=\"Y2IQFc\" lang=\"et\">Ammattimainen ruostumattomasta ter\u00e4ksest\u00e4 valmistettu skimmeri (uima)lammikoihin ja luonnonaltaisiin, joissa on matalat vy\u00f6hykkeet ja\/tai kasvisuodattimet. Skimmeri on helppo asentaa kivien v\u00e4liin jne. Varustettu \u00d8110 mm liit\u00e4nn\u00e4ll\u00e4. Kelluvalla skimmerill\u00e4. Voidaan k\u00e4ytt\u00e4\u00e4 helposti painovoimaperiaatteella ja my\u00f6s pumpun imulla. Skimmersuun suuren liiketoleranssin (175mm) ansiosta ei tarvitse yll\u00e4pit\u00e4\u00e4 ihanteellista ja tasaista vesivirtausta vesist\u00f6ss\u00e4. Varustettu tilavalla ruostumattomasta ter\u00e4ksest\u00e4 tehdyll\u00e4 t\u00f6rm\u00e4yskorilla. Minimi asennussyvyys 375mm, max. (kokonais)korkeus 550mm.        <\/span><\/p>\n","protected":false},"excerpt":{"rendered":"<p>Ammattimainen ruostumattomasta ter\u00e4ksest\u00e4 valmistettu skimmeri (uima)lammikoihin ja luonnonaltaisiin, joissa on matalat vy\u00f6hykkeet ja\/tai kasvisuodattimet. Skimmeri on helppo asentaa kivien v\u00e4liin jne. Varustettu \u00d8110 mm liit\u00e4nn\u00e4ll\u00e4. Kelluvalla skimmerill\u00e4. Voidaan k\u00e4ytt\u00e4\u00e4 helposti painovoimaperiaatteella ja my\u00f6s pumpun imulla. Skimmersuun suuren liiketoleranssin (175mm) ansiosta ei tarvitse yll\u00e4pit\u00e4\u00e4 ihanteellista ja tasaista vesivirtausta vesist\u00f6ss\u00e4. Varustettu tilavalla ruostumattomasta ter\u00e4ksest\u00e4 tehdyll\u00e4 t\u00f6rm\u00e4yskorilla. Minimi [&hellip;]<\/p>\n","protected":false},"featured_media":108959,"template":"","meta":{"_et_pb_use_builder":"","_et_pb_old_content":"","_et_gb_content_width":""},"product_brand":[],"product_cat":[126],"product_tag":[],"class_list":{"0":"post-108976","1":"product","2":"type-product","3":"status-publish","4":"has-post-thumbnail","6":"product_cat-pintakaivot","7":"product_shipping_class-kuller-fi","9":"first","10":"instock","11":"taxable","12":"shipping-taxable","13":"purchasable","14":"product-type-simple"},"jetpack_sharing_enabled":true,"_links":{"self":[{"href":"https:\/\/basseinimeistrid.ee\/fi\/wp-json\/wp\/v2\/product\/108976","targetHints":{"allow":["GET"]}}],"collection":[{"href":"https:\/\/basseinimeistrid.ee\/fi\/wp-json\/wp\/v2\/product"}],"about":[{"href":"https:\/\/basseinimeistrid.ee\/fi\/wp-json\/wp\/v2\/types\/product"}],"wp:featuredmedia":[{"embeddable":true,"href":"https:\/\/basseinimeistrid.ee\/fi\/wp-json\/wp\/v2\/media\/108959"}],"wp:attachment":[{"href":"https:\/\/basseinimeistrid.ee\/fi\/wp-json\/wp\/v2\/media?parent=108976"}],"wp:term":[{"taxonomy":"product_brand","embeddable":true,"href":"https:\/\/basseinimeistrid.ee\/fi\/wp-json\/wp\/v2\/product_brand?post=108976"},{"taxonomy":"product_cat","embeddable":true,"href":"https:\/\/basseinimeistrid.ee\/fi\/wp-json\/wp\/v2\/product_cat?post=108976"},{"taxonomy":"product_tag","embeddable":true,"href":"https:\/\/basseinimeistrid.ee\/fi\/wp-json\/wp\/v2\/product_tag?post=108976"}],"curies":[{"name":"wp","href":"https:\/\/api.w.org\/{rel}","templated":true}]}}