{"id":108977,"date":"2025-03-02T21:25:13","date_gmt":"2025-03-02T19:25:13","guid":{"rendered":"https:\/\/basseinimeistrid.ee\/pood\/Ei-luokiteltu\/astralpool-sb-pool-sealer\/"},"modified":"2025-03-10T21:39:02","modified_gmt":"2025-03-10T19:39:02","slug":"astralpool-sb-pool-sealer","status":"publish","type":"product","link":"https:\/\/basseinimeistrid.ee\/fi\/pood\/astralpool-sb-pool-sealer\/","title":{"rendered":"Astralpool SB-Pool Sealer"},"content":{"rendered":"<h4 class=\"text-xl mb-1 md:text-3xl text-primary title-font\">Astralpool SB-Pool Sealer<\/h4>\n<p>Hyv\u00e4 apu, jos uima-altaassa on havaitsemattomia mikroskooppisia vuotoja. Tuote pysyy nesteen\u00e4 vedess\u00e4 ja alkaa j\u00e4hmetty\u00e4 joutuessaan kosketuksiin ilman kanssa. Kun se saavuttaa vuodon, se &#8221;liimaa&#8221; vuodon kiinni. Yksi litra sopii enint\u00e4\u00e4n 80m\u00b3:n uima-altaalle. Pakkaus 1 litra. Soveltuu betonille, maaleille, kalvoille, lasikuidulle jne. Ei vahingoita pintoja.      <\/p>\n","protected":false},"excerpt":{"rendered":"<p>Astralpool SB-Pool Sealer Hyv\u00e4 apu, jos uima-altaassa on havaitsemattomia mikroskooppisia vuotoja. Tuote pysyy nesteen\u00e4 vedess\u00e4 ja alkaa j\u00e4hmetty\u00e4 joutuessaan kosketuksiin ilman kanssa. Kun se saavuttaa vuodon, se &#8221;liimaa&#8221; vuodon kiinni. Yksi litra sopii enint\u00e4\u00e4n 80m\u00b3:n uima-altaalle. Pakkaus 1 litra. Soveltuu betonille, maaleille, kalvoille, lasikuidulle jne. Ei vahingoita pintoja.<\/p>\n","protected":false},"featured_media":108949,"template":"","meta":{"_et_pb_use_builder":"","_et_pb_old_content":"","_et_gb_content_width":""},"product_brand":[],"product_cat":[118],"product_tag":[],"class_list":{"0":"post-108977","1":"product","2":"type-product","3":"status-publish","4":"has-post-thumbnail","6":"product_cat-uima-altaan-tarvikkeet","7":"product_shipping_class-pakiautomaat-fi","9":"first","10":"instock","11":"taxable","12":"shipping-taxable","13":"purchasable","14":"product-type-simple"},"jetpack_sharing_enabled":true,"_links":{"self":[{"href":"https:\/\/basseinimeistrid.ee\/fi\/wp-json\/wp\/v2\/product\/108977","targetHints":{"allow":["GET"]}}],"collection":[{"href":"https:\/\/basseinimeistrid.ee\/fi\/wp-json\/wp\/v2\/product"}],"about":[{"href":"https:\/\/basseinimeistrid.ee\/fi\/wp-json\/wp\/v2\/types\/product"}],"wp:featuredmedia":[{"embeddable":true,"href":"https:\/\/basseinimeistrid.ee\/fi\/wp-json\/wp\/v2\/media\/108949"}],"wp:attachment":[{"href":"https:\/\/basseinimeistrid.ee\/fi\/wp-json\/wp\/v2\/media?parent=108977"}],"wp:term":[{"taxonomy":"product_brand","embeddable":true,"href":"https:\/\/basseinimeistrid.ee\/fi\/wp-json\/wp\/v2\/product_brand?post=108977"},{"taxonomy":"product_cat","embeddable":true,"href":"https:\/\/basseinimeistrid.ee\/fi\/wp-json\/wp\/v2\/product_cat?post=108977"},{"taxonomy":"product_tag","embeddable":true,"href":"https:\/\/basseinimeistrid.ee\/fi\/wp-json\/wp\/v2\/product_tag?post=108977"}],"curies":[{"name":"wp","href":"https:\/\/api.w.org\/{rel}","templated":true}]}}