{"id":108978,"date":"2025-03-02T21:53:39","date_gmt":"2025-03-02T19:53:39","guid":{"rendered":"https:\/\/basseinimeistrid.ee\/pood\/Ei-luokiteltu\/letku-heavy-duty-32mm-5m\/"},"modified":"2025-03-10T21:39:04","modified_gmt":"2025-03-10T19:39:04","slug":"letku-heavy-duty-32mm-5m","status":"publish","type":"product","link":"https:\/\/basseinimeistrid.ee\/fi\/pood\/letku-heavy-duty-32mm-5m\/","title":{"rendered":"Letku Heavy Duty 32mm 5m"},"content":{"rendered":"<p>32mm heavy duty musta letku 5 metri\u00e4.<\/p>\n<p>Eritt\u00e4in joustava, mutta korkea radiaalilujuus musta heavy duty vesiletku. Soveltuu k\u00e4ytett\u00e4v\u00e4ksi esimerkiksi lampien, biologisten uimalammikoiden ja uima-altaiden putkistoissa. Tietysti kaikenlaiset tyhjennykset ja muut pumppaukset my\u00f6s. Letku, jonka sis\u00e4halkaisija on 32 mm ja ulkohalkaisija 37,2 mm. Myyd\u00e4\u00e4n 5m kappaleina. 1 yksikk\u00f6 on 5 metri\u00e4, ts. 2 yksikk\u00f6\u00e4 ovat 10 metri\u00e4 jne.     <\/p>\n<ul>\n<li>Sile\u00e4t sis\u00e4- ja ulkopinnat<\/li>\n<li>Paineenkesto jopa 4 bar @ 23\u00b0C, jopa 6 bar @ 20\u00b0C<\/li>\n<li>Tyhji\u00f6 6m\/ <sub>H2O<\/sub><\/li>\n<li>K\u00e4ytt\u00f6l\u00e4mp\u00f6tila -10 \u2026 +60\u00b0C<\/li>\n<\/ul>\n<p>&nbsp;<\/p>\n","protected":false},"excerpt":{"rendered":"<p>32mm heavy duty musta letku 5 metri\u00e4. Eritt\u00e4in joustava, mutta korkea radiaalilujuus musta heavy duty vesiletku. Soveltuu k\u00e4ytett\u00e4v\u00e4ksi esimerkiksi lampien, biologisten uimalammikoiden ja uima-altaiden putkistoissa. Tietysti kaikenlaiset tyhjennykset ja muut pumppaukset my\u00f6s. Letku, jonka sis\u00e4halkaisija on 32 mm ja ulkohalkaisija 37,2 mm. Myyd\u00e4\u00e4n 5m kappaleina. 1 yksikk\u00f6 on 5 metri\u00e4, ts. 2 yksikk\u00f6\u00e4 ovat 10 [&hellip;]<\/p>\n","protected":false},"featured_media":105606,"template":"","meta":{"_et_pb_use_builder":"","_et_pb_old_content":"","_et_gb_content_width":""},"product_brand":[],"product_cat":[169,129],"product_tag":[],"class_list":{"0":"post-108978","1":"product","2":"type-product","3":"status-publish","4":"has-post-thumbnail","6":"product_cat-letkut","7":"product_cat-tynnyreille-ja-ammeille","8":"product_shipping_class-kuller-fi","10":"first","11":"instock","12":"taxable","13":"shipping-taxable","14":"purchasable","15":"product-type-simple"},"jetpack_sharing_enabled":true,"_links":{"self":[{"href":"https:\/\/basseinimeistrid.ee\/fi\/wp-json\/wp\/v2\/product\/108978","targetHints":{"allow":["GET"]}}],"collection":[{"href":"https:\/\/basseinimeistrid.ee\/fi\/wp-json\/wp\/v2\/product"}],"about":[{"href":"https:\/\/basseinimeistrid.ee\/fi\/wp-json\/wp\/v2\/types\/product"}],"wp:featuredmedia":[{"embeddable":true,"href":"https:\/\/basseinimeistrid.ee\/fi\/wp-json\/wp\/v2\/media\/105606"}],"wp:attachment":[{"href":"https:\/\/basseinimeistrid.ee\/fi\/wp-json\/wp\/v2\/media?parent=108978"}],"wp:term":[{"taxonomy":"product_brand","embeddable":true,"href":"https:\/\/basseinimeistrid.ee\/fi\/wp-json\/wp\/v2\/product_brand?post=108978"},{"taxonomy":"product_cat","embeddable":true,"href":"https:\/\/basseinimeistrid.ee\/fi\/wp-json\/wp\/v2\/product_cat?post=108978"},{"taxonomy":"product_tag","embeddable":true,"href":"https:\/\/basseinimeistrid.ee\/fi\/wp-json\/wp\/v2\/product_tag?post=108978"}],"curies":[{"name":"wp","href":"https:\/\/api.w.org\/{rel}","templated":true}]}}