{"id":108979,"date":"2025-03-02T22:20:24","date_gmt":"2025-03-02T20:20:24","guid":{"rendered":"https:\/\/basseinimeistrid.ee\/pood\/Ei-luokiteltu\/multiflow-inlet-abs\/"},"modified":"2025-03-10T21:39:05","modified_gmt":"2025-03-10T19:39:05","slug":"multiflow-inlet-abs","status":"publish","type":"product","link":"https:\/\/basseinimeistrid.ee\/fi\/pood\/multiflow-inlet-abs\/","title":{"rendered":"Multiflow Inlet ABS"},"content":{"rendered":"<p>Paluuvirtaussuutin. L\u00e4piviennill\u00e4 ja l\u00e4pivientiholkin kiristysmutterilla. Valkoista ABS-muovia. Letkuliit\u00e4nt\u00e4 32\/38mm.   <\/p>\n","protected":false},"excerpt":{"rendered":"<p>Paluuvirtaussuutin. L\u00e4piviennill\u00e4 ja l\u00e4pivientiholkin kiristysmutterilla. Valkoista ABS-muovia. Letkuliit\u00e4nt\u00e4 32\/38mm.<\/p>\n","protected":false},"featured_media":108966,"template":"","meta":{"_et_pb_use_builder":"","_et_pb_old_content":"","_et_gb_content_width":""},"product_brand":[],"product_cat":[129],"product_tag":[],"class_list":{"0":"post-108979","1":"product","2":"type-product","3":"status-publish","4":"has-post-thumbnail","6":"product_cat-tynnyreille-ja-ammeille","7":"product_shipping_class-pakiautomaat-fi","9":"first","10":"instock","11":"taxable","12":"shipping-taxable","13":"purchasable","14":"product-type-simple"},"jetpack_sharing_enabled":true,"_links":{"self":[{"href":"https:\/\/basseinimeistrid.ee\/fi\/wp-json\/wp\/v2\/product\/108979","targetHints":{"allow":["GET"]}}],"collection":[{"href":"https:\/\/basseinimeistrid.ee\/fi\/wp-json\/wp\/v2\/product"}],"about":[{"href":"https:\/\/basseinimeistrid.ee\/fi\/wp-json\/wp\/v2\/types\/product"}],"wp:featuredmedia":[{"embeddable":true,"href":"https:\/\/basseinimeistrid.ee\/fi\/wp-json\/wp\/v2\/media\/108966"}],"wp:attachment":[{"href":"https:\/\/basseinimeistrid.ee\/fi\/wp-json\/wp\/v2\/media?parent=108979"}],"wp:term":[{"taxonomy":"product_brand","embeddable":true,"href":"https:\/\/basseinimeistrid.ee\/fi\/wp-json\/wp\/v2\/product_brand?post=108979"},{"taxonomy":"product_cat","embeddable":true,"href":"https:\/\/basseinimeistrid.ee\/fi\/wp-json\/wp\/v2\/product_cat?post=108979"},{"taxonomy":"product_tag","embeddable":true,"href":"https:\/\/basseinimeistrid.ee\/fi\/wp-json\/wp\/v2\/product_tag?post=108979"}],"curies":[{"name":"wp","href":"https:\/\/api.w.org\/{rel}","templated":true}]}}