{"id":109003,"date":"2025-03-03T08:00:53","date_gmt":"2025-03-03T06:00:53","guid":{"rendered":"https:\/\/basseinimeistrid.ee\/pood\/Ei-luokiteltu\/waterlink-spin-touch-fotometri\/"},"modified":"2025-03-08T20:37:34","modified_gmt":"2025-03-08T18:37:34","slug":"waterlink-spin-touch-fotometri","status":"publish","type":"product","link":"https:\/\/basseinimeistrid.ee\/fi\/pood\/waterlink-spin-touch-fotometri\/","title":{"rendered":"WaterLink\u00ae Spin Touch\u2122 -fotometri"},"content":{"rendered":"<h4 dir=\"ltr\" data-placeholder=\"T\u00f5lge\" data-ved=\"2ahUKEwjDya_5qN-LAxUYU1UIHTRMGm4Q3ewLegQIChAV\" aria-label=\"T\u00f5lgitud tekst: Uuenduslik WaterLink\u00ae Spin Touch\u2122 fotomeeter teeb k\u00f5ik teie basseini- ja spaavee testid teie eest k\u00f5ikjal, kus seda vajate \u2013 p\u00f5llul v\u00f5i poes! Iga suletud reagendiketas sisaldab t\u00e4pset kogust reaktiivi, mis on vajalik t\u00e4ieliku testide seeria l\u00e4biviimiseks vaid 60 sekundiga. Lihtsalt t\u00e4itke reagendi ketas veeprooviga, asetage see m\u00f5\u00f5turisse, puudutage nuppu \"><span class=\"Y2IQFc\" lang=\"et\">WaterLink\u00ae Spin Touch\u2122 ammattimainen fotometri kantolaukulla<\/span><\/h4>\n<p class=\"tw-data-text tw-text-large tw-ta\" dir=\"ltr\" data-placeholder=\"T\u00f5lge\" data-ved=\"2ahUKEwjDya_5qN-LAxUYU1UIHTRMGm4Q3ewLegQIChAV\" aria-label=\"T\u00f5lgitud tekst: Uuenduslik WaterLink\u00ae Spin Touch\u2122 fotomeeter teeb k\u00f5ik teie basseini- ja spaavee testid teie eest k\u00f5ikjal, kus seda vajate \u2013 p\u00f5llul v\u00f5i poes! Iga suletud reagendiketas sisaldab t\u00e4pset kogust reaktiivi, mis on vajalik t\u00e4ieliku testide seeria l\u00e4biviimiseks vaid 60 sekundiga. Lihtsalt t\u00e4itke reagendi ketas veeprooviga, asetage see m\u00f5\u00f5turisse, puudutage nuppu \"><span class=\"Y2IQFc\" lang=\"et\">Innovatiivinen WaterLink\u00ae Spin Touch\u2122 -fotometri tekee kaikki uima-allas- ja kylpyl\u00e4vesitestaukset puolestasi miss\u00e4 sit\u00e4 tarvitset \u2013 uima-altaan \u00e4\u00e4rell\u00e4 tai toimistossa! Jokainen suljettu reagenssilevy sis\u00e4lt\u00e4\u00e4 tarkan m\u00e4\u00e4r\u00e4n reagenssia, joka tarvitaan t\u00e4ydellisen testisarjan suorittamiseen vain 60 sekunnissa. T\u00e4yt\u00e4 vain reagenssilevy ottamallasi vesin\u00e4ytteell\u00e4, aseta se mittariin, paina &#8221;K\u00e4ynnist\u00e4&#8221;-painiketta ja kaikki t\u00e4rke\u00e4t testit suoritetaan automaattisesti. Tulokset voidaan lukea paikan p\u00e4\u00e4ll\u00e4 kosketusn\u00e4yt\u00f6lt\u00e4 ja l\u00e4hett\u00e4\u00e4 suoraan \u00e4lypuhelimeen tai tablettiin Bluetoothin kautta. Spin Touch\u2122:a voi k\u00e4ytt\u00e4\u00e4 toimistossa suoraan tietokoneen kanssa. Tulokset n\u00e4kyv\u00e4t suoraan n\u00e4yt\u00f6ll\u00e4 ja ne voidaan tallentaa. T\u00e4m\u00e4 on edistyksellisin koskaan valmistettu j\u00e4rjestelm\u00e4 tarkkoihin m\u00e4rk\u00e4kemian menetelmiin! Nyt allas- ja kylpyl\u00e4analyytikot voivat saavuttaa tarkkuuden ilman aikaa vievi\u00e4 testaus- ja puhdistustoimenpiteit\u00e4. Ei tarvitse t\u00e4ytt\u00e4\u00e4 injektiopulloa, ei valmisteluaikaa, ei arvailua! &#8211; Luotettavat tulokset. &#8211; Eritt\u00e4in nopea ja helppo &#8211; Automaattinen tietojen tallennus &#8211; Tukeva ja kannettava &#8211; Monikielinen k\u00e4ytt\u00f6j\u00e4rjestelm\u00e4 &#8211; Valitse desinfiointiaineeksi kloori- tai suolaelektrolyysi &#8211; Suolatestaus (TDS) &#8211; Eritt\u00e4in tarkka fosfaattimittaus (miljardeja!). NSF-sertifikaatti. Laite vedenpit\u00e4v\u00e4ll\u00e4 vuoratulla kantolaukulla. <\/span><\/p>\n<p id=\"tw-target-text\" class=\"tw-data-text tw-text-large tw-ta\" dir=\"ltr\" data-placeholder=\"T\u00f5lge\" data-ved=\"2ahUKEwjDya_5qN-LAxUYU1UIHTRMGm4Q3ewLegQIChAV\" aria-label=\"T\u00f5lgitud tekst: Mobile WaterLink\u00ae Spin Touch\u00ae sisaldab: fotomeetrit, kasutusjuhendit, kiirk\u00e4ivitusjuhiseid, 3 s\u00fcstalt, kalibreerimiskontrollketast, USB-juhet koos USB-seinaadapteriga veekindlas kandekotis koos vahtplastist sisestustega m\u00f5\u00f5turi ja tarvikute hoidmiseks \u2013 SpinDisk\u00ae reaktiivi kassetid, mida m\u00fc\u00fcakse eraldi.\"><span class=\"Y2IQFc\" lang=\"et\">WaterLink\u00ae Spin Touch\u00ae -pakkaus sis\u00e4lt\u00e4\u00e4: fotometrin, englanninkielisen k\u00e4ytt\u00f6oppaan, pika-aloitusoppaan, 3 ruiskua, kalibroinnin tarkistuslevyn, USB-kaapelin USB-sein\u00e4sovittimella, laitteen vedenpit\u00e4v\u00e4ss\u00e4 kantolaukussa, jossa on vaahtomuovisis\u00e4ke, jolla mittari ja tarvikkeet pysyv\u00e4t tukevasti paikallaan. SpinDisk\u00ae-reagenssipatruunat eiv\u00e4t sis\u00e4lly pakkaukseen, ja ne myyd\u00e4\u00e4n erikseen. <\/span><\/p>\n<p dir=\"ltr\" data-placeholder=\"T\u00f5lge\" data-ved=\"2ahUKEwjDya_5qN-LAxUYU1UIHTRMGm4Q3ewLegQIChAV\" aria-label=\"T\u00f5lgitud tekst: Uuenduslik WaterLink\u00ae Spin Touch\u2122 fotomeeter teeb k\u00f5ik teie basseini- ja spaavee testid teie eest k\u00f5ikjal, kus seda vajate \u2013 p\u00f5llul v\u00f5i poes! Iga suletud reagendiketas sisaldab t\u00e4pset kogust reaktiivi, mis on vajalik t\u00e4ieliku testide seeria l\u00e4biviimiseks vaid 60 sekundiga. Lihtsalt t\u00e4itke reagendi ketas veeprooviga, asetage see m\u00f5\u00f5turisse, puudutage nuppu \">Kaikki vesiparametrit 60 sekunnissa.<\/p>\n<ul id=\"u253616-27\" class=\"list0 nls-None\">\n<li id=\"u253616-6\" class=\"Body-Text-1a\">Free Chlorine (DPD): 0-15 ppm<\/li>\n<li id=\"u253616-8\" class=\"Body-Text-1a\">Total Chlorine (DPD): 0-15 ppm<\/li>\n<li id=\"u253616-10\" class=\"Body-Text-1a\">Bromine (DPD): 0-33 ppm<\/li>\n<li id=\"u253616-12\" class=\"Body-Text-1a\">Combined Chlorine: 0-15 ppm<\/li>\n<li id=\"u253616-14\" class=\"Body-Text-1a\">Calcium Hardness: 0-800 ppm<\/li>\n<li id=\"u253616-16\" class=\"Body-Text-1a\">Total Hardness: 0-1200 ppm<\/li>\n<li id=\"u253616-18\" class=\"Body-Text-1a\">Total Alkalinity: 0-250 ppm<\/li>\n<li id=\"u253616-20\" class=\"Body-Text-1a\">Copper: 0-3.0 ppm<\/li>\n<li id=\"u253616-22\" class=\"Body-Text-1a\">Iron, Total: 0-6 ppm<\/li>\n<li id=\"u253616-24\" class=\"Body-Text-1a\">Phosphate: 0-50 ppm<\/li>\n<li id=\"u253616-26\" class=\"Body-Text-1a\">Silica\/Silicon Dioxide: 0-100 ppm<\/li>\n<\/ul>\n<p>&nbsp;<\/p>\n<p dir=\"ltr\" data-placeholder=\"T\u00f5lge\" data-ved=\"2ahUKEwjDya_5qN-LAxUYU1UIHTRMGm4Q3ewLegQIChAV\" aria-label=\"T\u00f5lgitud tekst: Uuenduslik WaterLink\u00ae Spin Touch\u2122 fotomeeter teeb k\u00f5ik teie basseini- ja spaavee testid teie eest k\u00f5ikjal, kus seda vajate \u2013 p\u00f5llul v\u00f5i poes! Iga suletud reagendiketas sisaldab t\u00e4pset kogust reaktiivi, mis on vajalik t\u00e4ieliku testide seeria l\u00e4biviimiseks vaid 60 sekundiga. Lihtsalt t\u00e4itke reagendi ketas veeprooviga, asetage see m\u00f5\u00f5turisse, puudutage nuppu \"><span class=\"Y2IQFc\" lang=\"et\">WaterLink\u00ae Spin Touch\u2122 kotisivu<\/span> <a href=\"https:\/\/www.waterlinkspintouch.com\/\" target=\"_blank\" rel=\"noopener\">LINK<\/a><\/p>\n","protected":false},"excerpt":{"rendered":"<p>WaterLink\u00ae Spin Touch\u2122 ammattimainen fotometri kantolaukulla Innovatiivinen WaterLink\u00ae Spin Touch\u2122 -fotometri tekee kaikki uima-allas- ja kylpyl\u00e4vesitestaukset puolestasi miss\u00e4 sit\u00e4 tarvitset \u2013 uima-altaan \u00e4\u00e4rell\u00e4 tai toimistossa! Jokainen suljettu reagenssilevy sis\u00e4lt\u00e4\u00e4 tarkan m\u00e4\u00e4r\u00e4n reagenssia, joka tarvitaan t\u00e4ydellisen testisarjan suorittamiseen vain 60 sekunnissa. T\u00e4yt\u00e4 vain reagenssilevy ottamallasi vesin\u00e4ytteell\u00e4, aseta se mittariin, paina &#8221;K\u00e4ynnist\u00e4&#8221;-painiketta ja kaikki t\u00e4rke\u00e4t testit suoritetaan [&hellip;]<\/p>\n","protected":false},"featured_media":108988,"template":"","meta":{"_et_pb_use_builder":"","_et_pb_old_content":"","_et_gb_content_width":""},"product_brand":[],"product_cat":[118],"product_tag":[],"class_list":{"0":"post-109003","1":"product","2":"type-product","3":"status-publish","4":"has-post-thumbnail","6":"product_cat-uima-altaan-tarvikkeet","7":"product_shipping_class-pakiautomaat-fi","9":"first","10":"instock","11":"taxable","12":"shipping-taxable","13":"purchasable","14":"product-type-simple"},"jetpack_sharing_enabled":true,"_links":{"self":[{"href":"https:\/\/basseinimeistrid.ee\/fi\/wp-json\/wp\/v2\/product\/109003","targetHints":{"allow":["GET"]}}],"collection":[{"href":"https:\/\/basseinimeistrid.ee\/fi\/wp-json\/wp\/v2\/product"}],"about":[{"href":"https:\/\/basseinimeistrid.ee\/fi\/wp-json\/wp\/v2\/types\/product"}],"wp:featuredmedia":[{"embeddable":true,"href":"https:\/\/basseinimeistrid.ee\/fi\/wp-json\/wp\/v2\/media\/108988"}],"wp:attachment":[{"href":"https:\/\/basseinimeistrid.ee\/fi\/wp-json\/wp\/v2\/media?parent=109003"}],"wp:term":[{"taxonomy":"product_brand","embeddable":true,"href":"https:\/\/basseinimeistrid.ee\/fi\/wp-json\/wp\/v2\/product_brand?post=109003"},{"taxonomy":"product_cat","embeddable":true,"href":"https:\/\/basseinimeistrid.ee\/fi\/wp-json\/wp\/v2\/product_cat?post=109003"},{"taxonomy":"product_tag","embeddable":true,"href":"https:\/\/basseinimeistrid.ee\/fi\/wp-json\/wp\/v2\/product_tag?post=109003"}],"curies":[{"name":"wp","href":"https:\/\/api.w.org\/{rel}","templated":true}]}}