{"id":109129,"date":"2025-03-03T19:50:51","date_gmt":"2025-03-03T17:50:51","guid":{"rendered":"https:\/\/basseinimeistrid.ee\/pood\/Ei-luokiteltu\/letkun-paa-blue-lagoon-laitteille\/"},"modified":"2025-03-10T21:39:00","modified_gmt":"2025-03-10T19:39:00","slug":"letkun-paa-blue-lagoon-laitteille","status":"publish","type":"product","link":"https:\/\/basseinimeistrid.ee\/fi\/pood\/letkun-paa-blue-lagoon-laitteille\/","title":{"rendered":"Letkun p\u00e4\u00e4 Blue Lagoon -laitteille"},"content":{"rendered":"<p>L\u00e4pin\u00e4kyv\u00e4 letkun p\u00e4\u00e4 32\/38\/40\/50 mm letkuille. Sopii Blue Lagoon UVC -laitteiden ja Blue Lagoon 3kW l\u00e4mmittimen liitt\u00e4miseen letkulla. Laitetta kohden tarvitaan 2 kpl, jos haluat liitt\u00e4\u00e4 sek\u00e4 laitteen sis\u00e4\u00e4n tulevan ett\u00e4 sielt\u00e4 l\u00e4htev\u00e4n veden letkuun.  <\/p>\n","protected":false},"excerpt":{"rendered":"<p>L\u00e4pin\u00e4kyv\u00e4 letkun p\u00e4\u00e4 32\/38\/40\/50 mm letkuille. Sopii Blue Lagoon UVC -laitteiden ja Blue Lagoon 3kW l\u00e4mmittimen liitt\u00e4miseen letkulla. Laitetta kohden tarvitaan 2 kpl, jos haluat liitt\u00e4\u00e4 sek\u00e4 laitteen sis\u00e4\u00e4n tulevan ett\u00e4 sielt\u00e4 l\u00e4htev\u00e4n veden letkuun.<\/p>\n","protected":false},"featured_media":109008,"template":"","meta":{"_et_pb_use_builder":"","_et_pb_old_content":"","_et_gb_content_width":""},"product_brand":[],"product_cat":[129],"product_tag":[],"class_list":{"0":"post-109129","1":"product","2":"type-product","3":"status-publish","4":"has-post-thumbnail","6":"product_cat-tynnyreille-ja-ammeille","7":"product_shipping_class-pakiautomaat-fi","9":"first","10":"instock","11":"taxable","12":"shipping-taxable","13":"purchasable","14":"product-type-simple"},"jetpack_sharing_enabled":true,"_links":{"self":[{"href":"https:\/\/basseinimeistrid.ee\/fi\/wp-json\/wp\/v2\/product\/109129","targetHints":{"allow":["GET"]}}],"collection":[{"href":"https:\/\/basseinimeistrid.ee\/fi\/wp-json\/wp\/v2\/product"}],"about":[{"href":"https:\/\/basseinimeistrid.ee\/fi\/wp-json\/wp\/v2\/types\/product"}],"wp:featuredmedia":[{"embeddable":true,"href":"https:\/\/basseinimeistrid.ee\/fi\/wp-json\/wp\/v2\/media\/109008"}],"wp:attachment":[{"href":"https:\/\/basseinimeistrid.ee\/fi\/wp-json\/wp\/v2\/media?parent=109129"}],"wp:term":[{"taxonomy":"product_brand","embeddable":true,"href":"https:\/\/basseinimeistrid.ee\/fi\/wp-json\/wp\/v2\/product_brand?post=109129"},{"taxonomy":"product_cat","embeddable":true,"href":"https:\/\/basseinimeistrid.ee\/fi\/wp-json\/wp\/v2\/product_cat?post=109129"},{"taxonomy":"product_tag","embeddable":true,"href":"https:\/\/basseinimeistrid.ee\/fi\/wp-json\/wp\/v2\/product_tag?post=109129"}],"curies":[{"name":"wp","href":"https:\/\/api.w.org\/{rel}","templated":true}]}}