{"id":109131,"date":"2025-03-03T20:41:49","date_gmt":"2025-03-03T18:41:49","guid":{"rendered":"https:\/\/basseinimeistrid.ee\/pood\/Ei-luokiteltu\/liittimet-mini-pohjakaivo-32mm-letkulle\/"},"modified":"2025-03-10T21:38:58","modified_gmt":"2025-03-10T19:38:58","slug":"liittimet-mini-pohjakaivo-32mm-letkulle","status":"publish","type":"product","link":"https:\/\/basseinimeistrid.ee\/fi\/pood\/liittimet-mini-pohjakaivo-32mm-letkulle\/","title":{"rendered":"Liittimet Mini pohjakaivo &gt; 32mm letkulle"},"content":{"rendered":"<p>Sarja koostuu 2&#8243; ulkokierteest\u00e4 \/ 1\u00bc ulkokierteest\u00e4 PVC-liittimest\u00e4 ja 1\u00bc ulkokierteest\u00e4 \/ 32 mm letkun pyrst\u00f6st\u00e4 PP-liittimest\u00e4. Soveltuu Astralpoolin minipohjalukon liitt\u00e4miseen 32 mm letkuun. <\/p>\n","protected":false},"excerpt":{"rendered":"<p>Sarja koostuu 2&#8243; ulkokierteest\u00e4 \/ 1\u00bc ulkokierteest\u00e4 PVC-liittimest\u00e4 ja 1\u00bc ulkokierteest\u00e4 \/ 32 mm letkun pyrst\u00f6st\u00e4 PP-liittimest\u00e4. Soveltuu Astralpoolin minipohjalukon liitt\u00e4miseen 32 mm letkuun.<\/p>\n","protected":false},"featured_media":109023,"template":"","meta":{"_et_pb_use_builder":"","_et_pb_old_content":"","_et_gb_content_width":""},"product_brand":[],"product_cat":[129],"product_tag":[],"class_list":{"0":"post-109131","1":"product","2":"type-product","3":"status-publish","4":"has-post-thumbnail","6":"product_cat-tynnyreille-ja-ammeille","7":"product_shipping_class-pakiautomaat-fi","9":"first","10":"instock","11":"taxable","12":"shipping-taxable","13":"purchasable","14":"product-type-simple"},"jetpack_sharing_enabled":true,"_links":{"self":[{"href":"https:\/\/basseinimeistrid.ee\/fi\/wp-json\/wp\/v2\/product\/109131","targetHints":{"allow":["GET"]}}],"collection":[{"href":"https:\/\/basseinimeistrid.ee\/fi\/wp-json\/wp\/v2\/product"}],"about":[{"href":"https:\/\/basseinimeistrid.ee\/fi\/wp-json\/wp\/v2\/types\/product"}],"wp:featuredmedia":[{"embeddable":true,"href":"https:\/\/basseinimeistrid.ee\/fi\/wp-json\/wp\/v2\/media\/109023"}],"wp:attachment":[{"href":"https:\/\/basseinimeistrid.ee\/fi\/wp-json\/wp\/v2\/media?parent=109131"}],"wp:term":[{"taxonomy":"product_brand","embeddable":true,"href":"https:\/\/basseinimeistrid.ee\/fi\/wp-json\/wp\/v2\/product_brand?post=109131"},{"taxonomy":"product_cat","embeddable":true,"href":"https:\/\/basseinimeistrid.ee\/fi\/wp-json\/wp\/v2\/product_cat?post=109131"},{"taxonomy":"product_tag","embeddable":true,"href":"https:\/\/basseinimeistrid.ee\/fi\/wp-json\/wp\/v2\/product_tag?post=109131"}],"curies":[{"name":"wp","href":"https:\/\/api.w.org\/{rel}","templated":true}]}}