{"id":109133,"date":"2025-03-03T20:55:33","date_gmt":"2025-03-03T18:55:33","guid":{"rendered":"https:\/\/basseinimeistrid.ee\/pood\/Ei-luokiteltu\/aquaforte-skimmer-musta\/"},"modified":"2025-03-10T21:38:57","modified_gmt":"2025-03-10T19:38:57","slug":"aquaforte-skimmer-musta","status":"publish","type":"product","link":"https:\/\/basseinimeistrid.ee\/fi\/pood\/aquaforte-skimmer-musta\/","title":{"rendered":"AquaForte skimmer musta"},"content":{"rendered":"<p>Aquaforte musta skimmeri. Sis\u00e4lt\u00e4\u00e4 32\/38mm letkun p\u00e4\u00e4n ja mustan paluusuuttimen. Paluuvirtaus t\u00e4ydellisen\u00e4 tiivisteholkin ja kiristysmutterin kanssa. 32\/38mm letkun p\u00e4\u00e4 paluussa.   <\/p>\n","protected":false},"excerpt":{"rendered":"<p>Aquaforte musta skimmeri. Sis\u00e4lt\u00e4\u00e4 32\/38mm letkun p\u00e4\u00e4n ja mustan paluusuuttimen. Paluuvirtaus t\u00e4ydellisen\u00e4 tiivisteholkin ja kiristysmutterin kanssa. 32\/38mm letkun p\u00e4\u00e4 paluussa.<\/p>\n","protected":false},"featured_media":109031,"template":"","meta":{"_et_pb_use_builder":"","_et_pb_old_content":"","_et_gb_content_width":""},"product_brand":[],"product_cat":[129],"product_tag":[],"class_list":{"0":"post-109133","1":"product","2":"type-product","3":"status-publish","4":"has-post-thumbnail","6":"product_cat-tynnyreille-ja-ammeille","7":"product_shipping_class-pakiautomaat-fi","9":"first","10":"instock","11":"taxable","12":"shipping-taxable","13":"purchasable","14":"product-type-simple"},"jetpack_sharing_enabled":true,"_links":{"self":[{"href":"https:\/\/basseinimeistrid.ee\/fi\/wp-json\/wp\/v2\/product\/109133","targetHints":{"allow":["GET"]}}],"collection":[{"href":"https:\/\/basseinimeistrid.ee\/fi\/wp-json\/wp\/v2\/product"}],"about":[{"href":"https:\/\/basseinimeistrid.ee\/fi\/wp-json\/wp\/v2\/types\/product"}],"wp:featuredmedia":[{"embeddable":true,"href":"https:\/\/basseinimeistrid.ee\/fi\/wp-json\/wp\/v2\/media\/109031"}],"wp:attachment":[{"href":"https:\/\/basseinimeistrid.ee\/fi\/wp-json\/wp\/v2\/media?parent=109133"}],"wp:term":[{"taxonomy":"product_brand","embeddable":true,"href":"https:\/\/basseinimeistrid.ee\/fi\/wp-json\/wp\/v2\/product_brand?post=109133"},{"taxonomy":"product_cat","embeddable":true,"href":"https:\/\/basseinimeistrid.ee\/fi\/wp-json\/wp\/v2\/product_cat?post=109133"},{"taxonomy":"product_tag","embeddable":true,"href":"https:\/\/basseinimeistrid.ee\/fi\/wp-json\/wp\/v2\/product_tag?post=109133"}],"curies":[{"name":"wp","href":"https:\/\/api.w.org\/{rel}","templated":true}]}}