{"id":109134,"date":"2025-03-03T21:08:21","date_gmt":"2025-03-03T19:08:21","guid":{"rendered":"https:\/\/basseinimeistrid.ee\/pood\/Ei-luokiteltu\/varoventtiili-50mm-24v\/"},"modified":"2025-03-10T21:39:00","modified_gmt":"2025-03-10T19:39:00","slug":"varoventtiili-50mm-24v","status":"publish","type":"product","link":"https:\/\/basseinimeistrid.ee\/fi\/pood\/varoventtiili-50mm-24v\/","title":{"rendered":"Varoventtiili 50mm, 24V"},"content":{"rendered":"<p id=\"tw-target-text\" class=\"tw-data-text tw-text-large tw-ta\" dir=\"ltr\" data-placeholder=\"T\u00f5lge\" data-ved=\"2ahUKEwjDya_5qN-LAxUYU1UIHTRMGm4Q3ewLegQIChAV\" aria-label=\"T\u00f5lgitud tekst: Drenaa\u017eis olev h\u00fcdrauliline kaitseklapp on spetsiaalselt ette n\u00e4htud paigaldamiseks filtri automaatse tagasipesuklapi \u00e4ravoolu v\u00e4ljalaskeavasse. Selle kasutamine hoiab \u00e4ra veekadu, kui klapp muudab t\u00f6\u00f6asendit v\u00f5i kui elektrivool katkeb ja klapp j\u00e4\u00e4b asendisse, kus see v\u00f5ib basseini t\u00fchjendada. Seda on soovitatav kasutada AquaForte Ultratronic tagasivooluventiilidega paigaldustes. \u00dcldised omadused: \u00d850 PVC liitmikud. Solenoidi elektrilised omadused: \u2022 Pinge: 24 VAC \u2022 Tarbimine: 0,125 A T\u00f6\u00f6r\u00f5hu vahemik: 0,2 kuni 3 kg\/cm2. Vooluhulk vahemikus 0,5 m\u00b3\/h kuni 14 m\u00b3\/h\"><span class=\"Y2IQFc\" lang=\"et\">Viem\u00e4riputkeen<\/span><span class=\"Y2IQFc\" lang=\"et\">  Hydraulinen varoventtiili on erityisesti suunniteltu asennettavaksi suodattimen automaattisen takaisinhuuhteluventtiilin tyhjennysaukkoon. Sen k\u00e4ytt\u00f6 est\u00e4\u00e4 vesih\u00e4vi\u00f6n, jos elektroninen moniporttinen hana vaihtaa toiminta-asentoa tai jos virta katkeaa ja venttiili j\u00e4\u00e4 asentoon, jossa se voi tyhjent\u00e4\u00e4 altaan. Suositellaan k\u00e4ytett\u00e4v\u00e4ksi asennuksissa, joissa on AquaForte Ultratronic -takaiskuventtiilit (jos suodatin sijaitsee altaan vedenpinnan alapuolella).  <\/span><\/p>\n<p class=\"tw-data-text tw-text-large tw-ta\" dir=\"ltr\" data-placeholder=\"T\u00f5lge\" data-ved=\"2ahUKEwjDya_5qN-LAxUYU1UIHTRMGm4Q3ewLegQIChAV\" aria-label=\"T\u00f5lgitud tekst: Drenaa\u017eis olev h\u00fcdrauliline kaitseklapp on spetsiaalselt ette n\u00e4htud paigaldamiseks filtri automaatse tagasipesuklapi \u00e4ravoolu v\u00e4ljalaskeavasse. Selle kasutamine hoiab \u00e4ra veekadu, kui klapp muudab t\u00f6\u00f6asendit v\u00f5i kui elektrivool katkeb ja klapp j\u00e4\u00e4b asendisse, kus see v\u00f5ib basseini t\u00fchjendada. Seda on soovitatav kasutada AquaForte Ultratronic tagasivooluventiilidega paigaldustes. \u00dcldised omadused: \u00d850 PVC liitmikud. Solenoidi elektrilised omadused: \u2022 Pinge: 24 VAC \u2022 Tarbimine: 0,125 A T\u00f6\u00f6r\u00f5hu vahemik: 0,2 kuni 3 kg\/cm2. Vooluhulk vahemikus 0,5 m\u00b3\/h kuni 14 m\u00b3\/h\"><span class=\"Y2IQFc\" lang=\"et\">Yleiset ominaisuudet:<\/span><\/p>\n<ul>\n<li class=\"tw-data-text tw-text-large tw-ta\" dir=\"ltr\" data-placeholder=\"T\u00f5lge\" data-ved=\"2ahUKEwjDya_5qN-LAxUYU1UIHTRMGm4Q3ewLegQIChAV\" aria-label=\"T\u00f5lgitud tekst: Drenaa\u017eis olev h\u00fcdrauliline kaitseklapp on spetsiaalselt ette n\u00e4htud paigaldamiseks filtri automaatse tagasipesuklapi \u00e4ravoolu v\u00e4ljalaskeavasse. Selle kasutamine hoiab \u00e4ra veekadu, kui klapp muudab t\u00f6\u00f6asendit v\u00f5i kui elektrivool katkeb ja klapp j\u00e4\u00e4b asendisse, kus see v\u00f5ib basseini t\u00fchjendada. Seda on soovitatav kasutada AquaForte Ultratronic tagasivooluventiilidega paigaldustes. \u00dcldised omadused: \u00d850 PVC liitmikud. Solenoidi elektrilised omadused: \u2022 Pinge: 24 VAC \u2022 Tarbimine: 0,125 A T\u00f6\u00f6r\u00f5hu vahemik: 0,2 kuni 3 kg\/cm2. Vooluhulk vahemikus 0,5 m\u00b3\/h kuni 14 m\u00b3\/h\"><span class=\"Y2IQFc\" lang=\"et\">\u00d850 PVC avattavat helat<\/span><\/li>\n<li class=\"tw-data-text tw-text-large tw-ta\" dir=\"ltr\" data-placeholder=\"T\u00f5lge\" data-ved=\"2ahUKEwjDya_5qN-LAxUYU1UIHTRMGm4Q3ewLegQIChAV\" aria-label=\"T\u00f5lgitud tekst: Drenaa\u017eis olev h\u00fcdrauliline kaitseklapp on spetsiaalselt ette n\u00e4htud paigaldamiseks filtri automaatse tagasipesuklapi \u00e4ravoolu v\u00e4ljalaskeavasse. Selle kasutamine hoiab \u00e4ra veekadu, kui klapp muudab t\u00f6\u00f6asendit v\u00f5i kui elektrivool katkeb ja klapp j\u00e4\u00e4b asendisse, kus see v\u00f5ib basseini t\u00fchjendada. Seda on soovitatav kasutada AquaForte Ultratronic tagasivooluventiilidega paigaldustes. \u00dcldised omadused: \u00d850 PVC liitmikud. Solenoidi elektrilised omadused: \u2022 Pinge: 24 VAC \u2022 Tarbimine: 0,125 A T\u00f6\u00f6r\u00f5hu vahemik: 0,2 kuni 3 kg\/cm2. Vooluhulk vahemikus 0,5 m\u00b3\/h kuni 14 m\u00b3\/h\"><span class=\"Y2IQFc\" lang=\"et\">Solenoidin s\u00e4hk\u00f6iset ominaisuudet:<\/span><\/li>\n<li class=\"tw-data-text tw-text-large tw-ta\" dir=\"ltr\" data-placeholder=\"T\u00f5lge\" data-ved=\"2ahUKEwjDya_5qN-LAxUYU1UIHTRMGm4Q3ewLegQIChAV\" aria-label=\"T\u00f5lgitud tekst: Drenaa\u017eis olev h\u00fcdrauliline kaitseklapp on spetsiaalselt ette n\u00e4htud paigaldamiseks filtri automaatse tagasipesuklapi \u00e4ravoolu v\u00e4ljalaskeavasse. Selle kasutamine hoiab \u00e4ra veekadu, kui klapp muudab t\u00f6\u00f6asendit v\u00f5i kui elektrivool katkeb ja klapp j\u00e4\u00e4b asendisse, kus see v\u00f5ib basseini t\u00fchjendada. Seda on soovitatav kasutada AquaForte Ultratronic tagasivooluventiilidega paigaldustes. \u00dcldised omadused: \u00d850 PVC liitmikud. Solenoidi elektrilised omadused: \u2022 Pinge: 24 VAC \u2022 Tarbimine: 0,125 A T\u00f6\u00f6r\u00f5hu vahemik: 0,2 kuni 3 kg\/cm2. Vooluhulk vahemikus 0,5 m\u00b3\/h kuni 14 m\u00b3\/h\"><span class=\"Y2IQFc\" lang=\"et\">J\u00e4nnite: 24 VAC<\/span><\/li>\n<li class=\"tw-data-text tw-text-large tw-ta\" dir=\"ltr\" data-placeholder=\"T\u00f5lge\" data-ved=\"2ahUKEwjDya_5qN-LAxUYU1UIHTRMGm4Q3ewLegQIChAV\" aria-label=\"T\u00f5lgitud tekst: Drenaa\u017eis olev h\u00fcdrauliline kaitseklapp on spetsiaalselt ette n\u00e4htud paigaldamiseks filtri automaatse tagasipesuklapi \u00e4ravoolu v\u00e4ljalaskeavasse. Selle kasutamine hoiab \u00e4ra veekadu, kui klapp muudab t\u00f6\u00f6asendit v\u00f5i kui elektrivool katkeb ja klapp j\u00e4\u00e4b asendisse, kus see v\u00f5ib basseini t\u00fchjendada. Seda on soovitatav kasutada AquaForte Ultratronic tagasivooluventiilidega paigaldustes. \u00dcldised omadused: \u00d850 PVC liitmikud. Solenoidi elektrilised omadused: \u2022 Pinge: 24 VAC \u2022 Tarbimine: 0,125 A T\u00f6\u00f6r\u00f5hu vahemik: 0,2 kuni 3 kg\/cm2. Vooluhulk vahemikus 0,5 m\u00b3\/h kuni 14 m\u00b3\/h\"><span class=\"Y2IQFc\" lang=\"et\">Kulutus: 0,125 A<\/span><\/li>\n<li class=\"tw-data-text tw-text-large tw-ta\" dir=\"ltr\" data-placeholder=\"T\u00f5lge\" data-ved=\"2ahUKEwjDya_5qN-LAxUYU1UIHTRMGm4Q3ewLegQIChAV\" aria-label=\"T\u00f5lgitud tekst: Drenaa\u017eis olev h\u00fcdrauliline kaitseklapp on spetsiaalselt ette n\u00e4htud paigaldamiseks filtri automaatse tagasipesuklapi \u00e4ravoolu v\u00e4ljalaskeavasse. Selle kasutamine hoiab \u00e4ra veekadu, kui klapp muudab t\u00f6\u00f6asendit v\u00f5i kui elektrivool katkeb ja klapp j\u00e4\u00e4b asendisse, kus see v\u00f5ib basseini t\u00fchjendada. Seda on soovitatav kasutada AquaForte Ultratronic tagasivooluventiilidega paigaldustes. \u00dcldised omadused: \u00d850 PVC liitmikud. Solenoidi elektrilised omadused: \u2022 Pinge: 24 VAC \u2022 Tarbimine: 0,125 A T\u00f6\u00f6r\u00f5hu vahemik: 0,2 kuni 3 kg\/cm2. Vooluhulk vahemikus 0,5 m\u00b3\/h kuni 14 m\u00b3\/h\"><span class=\"Y2IQFc\" lang=\"et\">K\u00e4ytt\u00f6painealue: 0,2 &#8211; 3 kg\/cm2<\/span><\/li>\n<li class=\"tw-data-text tw-text-large tw-ta\" dir=\"ltr\" data-placeholder=\"T\u00f5lge\" data-ved=\"2ahUKEwjDya_5qN-LAxUYU1UIHTRMGm4Q3ewLegQIChAV\" aria-label=\"T\u00f5lgitud tekst: Drenaa\u017eis olev h\u00fcdrauliline kaitseklapp on spetsiaalselt ette n\u00e4htud paigaldamiseks filtri automaatse tagasipesuklapi \u00e4ravoolu v\u00e4ljalaskeavasse. Selle kasutamine hoiab \u00e4ra veekadu, kui klapp muudab t\u00f6\u00f6asendit v\u00f5i kui elektrivool katkeb ja klapp j\u00e4\u00e4b asendisse, kus see v\u00f5ib basseini t\u00fchjendada. Seda on soovitatav kasutada AquaForte Ultratronic tagasivooluventiilidega paigaldustes. \u00dcldised omadused: \u00d850 PVC liitmikud. Solenoidi elektrilised omadused: \u2022 Pinge: 24 VAC \u2022 Tarbimine: 0,125 A T\u00f6\u00f6r\u00f5hu vahemik: 0,2 kuni 3 kg\/cm2. Vooluhulk vahemikus 0,5 m\u00b3\/h kuni 14 m\u00b3\/h\"><span class=\"Y2IQFc\" lang=\"et\">Virtaus 0,5 m\u00b3\/h &#8211; 14 m\u00b3\/h<\/span><\/li>\n<\/ul>\n","protected":false},"excerpt":{"rendered":"<p>Viem\u00e4riputkeen Hydraulinen varoventtiili on erityisesti suunniteltu asennettavaksi suodattimen automaattisen takaisinhuuhteluventtiilin tyhjennysaukkoon. Sen k\u00e4ytt\u00f6 est\u00e4\u00e4 vesih\u00e4vi\u00f6n, jos elektroninen moniporttinen hana vaihtaa toiminta-asentoa tai jos virta katkeaa ja venttiili j\u00e4\u00e4 asentoon, jossa se voi tyhjent\u00e4\u00e4 altaan. Suositellaan k\u00e4ytett\u00e4v\u00e4ksi asennuksissa, joissa on AquaForte Ultratronic -takaiskuventtiilit (jos suodatin sijaitsee altaan vedenpinnan alapuolella). Yleiset ominaisuudet: \u00d850 PVC avattavat helat Solenoidin [&hellip;]<\/p>\n","protected":false},"featured_media":109041,"template":"","meta":{"_et_pb_use_builder":"","_et_pb_old_content":"","_et_gb_content_width":""},"product_brand":[],"product_cat":[212],"product_tag":[],"class_list":{"0":"post-109134","1":"product","2":"type-product","3":"status-publish","4":"has-post-thumbnail","6":"product_cat-suodatintarvikkeet","7":"product_shipping_class-pakiautomaat-fi","9":"first","10":"instock","11":"taxable","12":"shipping-taxable","13":"purchasable","14":"product-type-simple"},"jetpack_sharing_enabled":true,"_links":{"self":[{"href":"https:\/\/basseinimeistrid.ee\/fi\/wp-json\/wp\/v2\/product\/109134","targetHints":{"allow":["GET"]}}],"collection":[{"href":"https:\/\/basseinimeistrid.ee\/fi\/wp-json\/wp\/v2\/product"}],"about":[{"href":"https:\/\/basseinimeistrid.ee\/fi\/wp-json\/wp\/v2\/types\/product"}],"wp:featuredmedia":[{"embeddable":true,"href":"https:\/\/basseinimeistrid.ee\/fi\/wp-json\/wp\/v2\/media\/109041"}],"wp:attachment":[{"href":"https:\/\/basseinimeistrid.ee\/fi\/wp-json\/wp\/v2\/media?parent=109134"}],"wp:term":[{"taxonomy":"product_brand","embeddable":true,"href":"https:\/\/basseinimeistrid.ee\/fi\/wp-json\/wp\/v2\/product_brand?post=109134"},{"taxonomy":"product_cat","embeddable":true,"href":"https:\/\/basseinimeistrid.ee\/fi\/wp-json\/wp\/v2\/product_cat?post=109134"},{"taxonomy":"product_tag","embeddable":true,"href":"https:\/\/basseinimeistrid.ee\/fi\/wp-json\/wp\/v2\/product_tag?post=109134"}],"curies":[{"name":"wp","href":"https:\/\/api.w.org\/{rel}","templated":true}]}}