{"id":109135,"date":"2025-03-03T21:32:07","date_gmt":"2025-03-03T19:32:07","guid":{"rendered":"https:\/\/basseinimeistrid.ee\/pood\/Ei-luokiteltu\/skimmer-rvs316-500mm-slim-160mm-putkelle\/"},"modified":"2025-03-10T07:44:53","modified_gmt":"2025-03-10T05:44:53","slug":"skimmer-rvs316-500mm-slim-160mm-putkelle","status":"publish","type":"product","link":"https:\/\/basseinimeistrid.ee\/fi\/pood\/skimmer-rvs316-500mm-slim-160mm-putkelle\/","title":{"rendered":"Skimmer RVS316 500mm SLIM 160mm putkelle"},"content":{"rendered":"<h4 class=\"text-xl mb-1 md:text-3xl text-primary title-font\">Astralpool RVS316 SLIM-ker\u00e4in 500 mm, 160 mm ulostulolla<\/h4>\n<p id=\"tw-target-text\" class=\"tw-data-text tw-text-large tw-ta\" dir=\"ltr\" data-placeholder=\"T\u00f5lge\" data-ved=\"2ahUKEwjDya_5qN-LAxUYU1UIHTRMGm4Q3ewLegQIChAV\" aria-label=\"T\u00f5lgitud tekst: Spetsiaalne k\u00f5rgveetoru \u00d8160 mm v\u00e4ljundiga gravitatsioonirakenduste jaoks. Sellel ei ole \u00fclaosas \u00e4\u00e4rikut, nii et skimmeri saab t\u00f5esti asetada vastu piirdekivi. Kaane all v\u00f5ib veepiir olla kuni 41mm! Saab \u00fchendada otse AquaForte'iga Skimmers\u00f5elad (\u00d8160mm sisendiga) v\u00f5i lihtsalt \u00fchendatavad adapterit\u00fckkidega 160-110mm teiste s\u00f5eladega. T\u00e4ielikult valmistatud roostevabast terasest 316. Lai 500 mm l\u00e4bim\u00f5\u00f5t.\"><span class=\"Y2IQFc\" lang=\"et\">Erityinen korkean veden pinnan keruulaite \u00d8160 mm ulostulolla. Ensisijaisesti painovoimasovelluksiin. T\u00e4ss\u00e4 skimmeriss\u00e4 ei ole laippaa ylh\u00e4\u00e4ll\u00e4, joten se voidaan asettaa verhoilua\/reunaa vasten. Vedenkorkeus kannen alla voi olla jopa 41mm! Voidaan liitt\u00e4\u00e4 suoraan esimerkiksi AquaForte Skimmer -suojukseen (\u00d8160mm sis\u00e4\u00e4ntulolla) tai muihin esisuodattimiin. Valmistettu kokonaan ruostumattomasta ter\u00e4ksest\u00e4 AISI316. Leveys 500 mm. Viem\u00e4riputken halkaisija 160 mm.       <\/span><\/p>\n","protected":false},"excerpt":{"rendered":"<p>Astralpool RVS316 SLIM-ker\u00e4in 500 mm, 160 mm ulostulolla Erityinen korkean veden pinnan keruulaite \u00d8160 mm ulostulolla. Ensisijaisesti painovoimasovelluksiin. T\u00e4ss\u00e4 skimmeriss\u00e4 ei ole laippaa ylh\u00e4\u00e4ll\u00e4, joten se voidaan asettaa verhoilua\/reunaa vasten. Vedenkorkeus kannen alla voi olla jopa 41mm! Voidaan liitt\u00e4\u00e4 suoraan esimerkiksi AquaForte Skimmer -suojukseen (\u00d8160mm sis\u00e4\u00e4ntulolla) tai muihin esisuodattimiin. Valmistettu kokonaan ruostumattomasta ter\u00e4ksest\u00e4 AISI316. Leveys [&hellip;]<\/p>\n","protected":false},"featured_media":109045,"template":"","meta":{"_et_pb_use_builder":"","_et_pb_old_content":"","_et_gb_content_width":""},"product_brand":[],"product_cat":[126],"product_tag":[],"class_list":{"0":"post-109135","1":"product","2":"type-product","3":"status-publish","4":"has-post-thumbnail","6":"product_cat-pintakaivot","7":"product_shipping_class-kuller-fi","9":"first","10":"instock","11":"taxable","12":"shipping-taxable","13":"purchasable","14":"product-type-simple"},"jetpack_sharing_enabled":true,"_links":{"self":[{"href":"https:\/\/basseinimeistrid.ee\/fi\/wp-json\/wp\/v2\/product\/109135","targetHints":{"allow":["GET"]}}],"collection":[{"href":"https:\/\/basseinimeistrid.ee\/fi\/wp-json\/wp\/v2\/product"}],"about":[{"href":"https:\/\/basseinimeistrid.ee\/fi\/wp-json\/wp\/v2\/types\/product"}],"wp:featuredmedia":[{"embeddable":true,"href":"https:\/\/basseinimeistrid.ee\/fi\/wp-json\/wp\/v2\/media\/109045"}],"wp:attachment":[{"href":"https:\/\/basseinimeistrid.ee\/fi\/wp-json\/wp\/v2\/media?parent=109135"}],"wp:term":[{"taxonomy":"product_brand","embeddable":true,"href":"https:\/\/basseinimeistrid.ee\/fi\/wp-json\/wp\/v2\/product_brand?post=109135"},{"taxonomy":"product_cat","embeddable":true,"href":"https:\/\/basseinimeistrid.ee\/fi\/wp-json\/wp\/v2\/product_cat?post=109135"},{"taxonomy":"product_tag","embeddable":true,"href":"https:\/\/basseinimeistrid.ee\/fi\/wp-json\/wp\/v2\/product_tag?post=109135"}],"curies":[{"name":"wp","href":"https:\/\/api.w.org\/{rel}","templated":true}]}}