{"id":111884,"date":"2026-03-13T11:37:45","date_gmt":"2026-03-13T09:37:45","guid":{"rendered":"https:\/\/basseinimeistrid.ee\/?post_type=product&#038;p=111884"},"modified":"2026-03-13T11:37:45","modified_gmt":"2026-03-13T09:37:45","slug":"basseinipump-aquaforte-inver-b-quiet-iq15","status":"publish","type":"product","link":"https:\/\/basseinimeistrid.ee\/fi\/pood\/basseinipump-aquaforte-inver-b-quiet-iq15\/","title":{"rendered":"Basseinipump AquaForte Inver-B-Quiet IQ15"},"content":{"rendered":"<p><strong>AquaForte Inver-B-Quiet IQ15<\/strong> basseinipump on ideaalne valik k\u00f5igile, kes otsivad v\u00f5imsat, kuid \u00fclivaikset lahendust. T\u00e4nu vesijahutusega invertertehnoloogiale t\u00f6\u00f6tab see 1 meetri kaugusel vaid 30 dBA m\u00fcratasemega \u2013 peaaegu h\u00e4\u00e4letu. Ideaalne basseinipump erabasseinidele, kus v\u00e4ga madal m\u00fcratase on oluline.<\/p>\n<p>Invertertehnoloogiat kasutav IQ15 pump aitab teil s\u00e4\u00e4sta kuni 90% energiakuludelt, ilma et see kahjustaks j\u00f5udlust.<\/p>\n<p>T\u00e4nu v\u00f5imsale j\u00f5udlusele sobib pump 30\u201390 m\u00b3 basseinidele.<\/p>\n<p>Kasutajas\u00f5bralik ekraan n\u00e4itab reaalajas energiatarbimist ja veevoolu. Pumpa saate h\u00f5lpsalt juhtida sisseehitatud Wi-Fi ja Bluetooth-mooduli kaudu otse oma nutitelefonist v\u00f5i tahvelarvutist.<\/p>\n<p><strong>AquaForte Inver-B-Quiet IQ15 tehnilised andmed:<\/strong><\/p>\n<ul>\n<li>Vesijahutusega inverterpump<\/li>\n<li>\u00c4\u00e4rmiselt vaikne t\u00f6\u00f6: ainult 30 dBA 1 meetri kaugusel (T\u00dcV Rheinlandi testitud)<\/li>\n<li>Kuni 90% energias\u00e4\u00e4st t\u00e4nu invertertehnoloogiale<\/li>\n<li>Energiatarve ja vooluhulk on n\u00e4htavad kasutajas\u00f5bralikul ekraanil<\/li>\n<li>Sisseehitatud WiFi ja Bluetooth moodul lihtsaks kasutamiseks<\/li>\n<li>24-tunnine taimer nelja programmeeritava kiirusega<\/li>\n<li>Sobib basseinidele mahuga 30\u201390 m\u00b3<\/li>\n<li>P1 KW: 1,5<\/li>\n<li>Pinge (V\/Hz): 220\u2013240 \/ 50\/60<\/li>\n<li>Maksimaalne vooluhulk (m\u00b3\/h): 31<\/li>\n<li>Maksimaalne t\u00f5stek\u00f5rgus: 21,5 m<\/li>\n<li>Ringlus m\u00b3\/h 10 m s\u00fcgavusel: 27,5<\/li>\n<li>Ringlus m\u00b3\/h 8 m s\u00fcgavusel: 30,5<\/li>\n<\/ul>\n","protected":false},"excerpt":{"rendered":"<p>AquaForte Inver-B-Quiet IQ15 basseinipump on ideaalne valik k\u00f5igile, kes otsivad v\u00f5imsat, kuid \u00fclivaikset lahendust. T\u00e4nu vesijahutusega invertertehnoloogiale t\u00f6\u00f6tab see 1 meetri kaugusel vaid 30 dBA m\u00fcratasemega \u2013 peaaegu h\u00e4\u00e4letu. Ideaalne basseinipump erabasseinidele, kus v\u00e4ga madal m\u00fcratase on oluline. Invertertehnoloogiat kasutav IQ15 pump aitab teil s\u00e4\u00e4sta kuni 90% energiakuludelt, ilma et see kahjustaks j\u00f5udlust. T\u00e4nu v\u00f5imsale [&hellip;]<\/p>\n","protected":false},"featured_media":111886,"template":"","meta":{"_et_pb_use_builder":"","_et_pb_old_content":"","_et_gb_content_width":""},"product_brand":[],"product_cat":[59],"product_tag":[],"class_list":{"0":"post-111884","1":"product","2":"type-product","3":"status-publish","4":"has-post-thumbnail","6":"product_cat-basseinipumbad","8":"first","9":"instock","10":"taxable","11":"shipping-taxable","12":"product-type-simple"},"jetpack_sharing_enabled":true,"_links":{"self":[{"href":"https:\/\/basseinimeistrid.ee\/fi\/wp-json\/wp\/v2\/product\/111884","targetHints":{"allow":["GET"]}}],"collection":[{"href":"https:\/\/basseinimeistrid.ee\/fi\/wp-json\/wp\/v2\/product"}],"about":[{"href":"https:\/\/basseinimeistrid.ee\/fi\/wp-json\/wp\/v2\/types\/product"}],"wp:featuredmedia":[{"embeddable":true,"href":"https:\/\/basseinimeistrid.ee\/fi\/wp-json\/wp\/v2\/media\/111886"}],"wp:attachment":[{"href":"https:\/\/basseinimeistrid.ee\/fi\/wp-json\/wp\/v2\/media?parent=111884"}],"wp:term":[{"taxonomy":"product_brand","embeddable":true,"href":"https:\/\/basseinimeistrid.ee\/fi\/wp-json\/wp\/v2\/product_brand?post=111884"},{"taxonomy":"product_cat","embeddable":true,"href":"https:\/\/basseinimeistrid.ee\/fi\/wp-json\/wp\/v2\/product_cat?post=111884"},{"taxonomy":"product_tag","embeddable":true,"href":"https:\/\/basseinimeistrid.ee\/fi\/wp-json\/wp\/v2\/product_tag?post=111884"}],"curies":[{"name":"wp","href":"https:\/\/api.w.org\/{rel}","templated":true}]}}